{"id":3504,"date":"2016-12-31T10:33:52","date_gmt":"2016-12-31T10:33:52","guid":{"rendered":"http:\/\/www.hazmetal.com\/projects\/"},"modified":"2021-05-06T15:15:57","modified_gmt":"2021-05-06T15:15:57","slug":"cephe-kaplama-projeleri","status":"publish","type":"page","link":"https:\/\/www.hazmetal.com\/tr\/cephe-kaplama-projeleri\/","title":{"rendered":"Cephe Kaplama Projeleri"},"content":{"rendered":"<style>\n.scale-with-grid .image_wrapper{\nheight:300px !important;\n}\n<\/style>\n","protected":false},"excerpt":{"rendered":"","protected":false},"author":2031,"featured_media":0,"parent":0,"menu_order":0,"comment_status":"closed","ping_status":"closed","template":"template-portfolio.php","meta":{"om_disable_all_campaigns":false,"_uf_show_specific_survey":0,"_uf_disable_surveys":false},"yoast_head":"<!-- This site is optimized with the Yoast SEO plugin v21.5 - https:\/\/yoast.com\/wordpress\/plugins\/seo\/ -->\n<title>Cephe Kaplama Projeleri<\/title>\n<meta name=\"description\" content=\"Cephe kaplama projeleri, d\u0131\u015f cephe tasar\u0131m \u00f6rnekleri. Modern cephe tasar\u0131mlar\u0131 ve cephe kaplama hakk\u0131ndaki detaylar Haz Metal Fixing Systems web sitesinde.\" \/>\n<meta name=\"robots\" content=\"index, follow, max-snippet:-1, max-image-preview:large, max-video-preview:-1\" \/>\n<link rel=\"canonical\" href=\"https:\/\/www.hazmetal.com\/tr\/cephe-kaplama-projeleri\/\" \/>\n<meta property=\"og:locale\" content=\"tr_TR\" \/>\n<meta property=\"og:type\" content=\"article\" \/>\n<meta property=\"og:title\" content=\"Cephe Kaplama Projeleri\" \/>\n<meta property=\"og:description\" content=\"Cephe kaplama projeleri, d\u0131\u015f cephe tasar\u0131m \u00f6rnekleri. Modern cephe tasar\u0131mlar\u0131 ve cephe kaplama hakk\u0131ndaki detaylar Haz Metal Fixing Systems web sitesinde.\" \/>\n<meta property=\"og:url\" content=\"https:\/\/www.hazmetal.com\/tr\/cephe-kaplama-projeleri\/\" \/>\n<meta property=\"og:site_name\" content=\"Haz Metal Fixing Systems\" \/>\n<meta property=\"article:publisher\" content=\"https:\/\/www.facebook.com\/HazMetal\" \/>\n<meta property=\"article:modified_time\" content=\"2021-05-06T15:15:57+00:00\" \/>\n<meta name=\"twitter:card\" content=\"summary_large_image\" \/>\n<meta name=\"twitter:site\" content=\"@HAZMetalFixing\" \/>\n<script type=\"application\/ld+json\" class=\"yoast-schema-graph\">{\"@context\":\"https:\/\/schema.org\",\"@graph\":[{\"@type\":\"WebPage\",\"@id\":\"https:\/\/www.hazmetal.com\/tr\/cephe-kaplama-projeleri\/\",\"url\":\"https:\/\/www.hazmetal.com\/tr\/cephe-kaplama-projeleri\/\",\"name\":\"Cephe Kaplama Projeleri\",\"isPartOf\":{\"@id\":\"https:\/\/www.hazmetal.com\/#website\"},\"datePublished\":\"2016-12-31T10:33:52+00:00\",\"dateModified\":\"2021-05-06T15:15:57+00:00\",\"description\":\"Cephe kaplama projeleri, d\u0131\u015f cephe tasar\u0131m \u00f6rnekleri. Modern cephe tasar\u0131mlar\u0131 ve cephe kaplama hakk\u0131ndaki detaylar Haz Metal Fixing Systems web sitesinde.\",\"breadcrumb\":{\"@id\":\"https:\/\/www.hazmetal.com\/tr\/cephe-kaplama-projeleri\/#breadcrumb\"},\"inLanguage\":\"tr\",\"potentialAction\":[{\"@type\":\"ReadAction\",\"target\":[\"https:\/\/www.hazmetal.com\/tr\/cephe-kaplama-projeleri\/\"]}]},{\"@type\":\"BreadcrumbList\",\"@id\":\"https:\/\/www.hazmetal.com\/tr\/cephe-kaplama-projeleri\/#breadcrumb\",\"itemListElement\":[{\"@type\":\"ListItem\",\"position\":1,\"name\":\"Home\",\"item\":\"https:\/\/www.hazmetal.com\/tr\/\"},{\"@type\":\"ListItem\",\"position\":2,\"name\":\"Cephe Kaplama Projeleri\"}]},{\"@type\":\"WebSite\",\"@id\":\"https:\/\/www.hazmetal.com\/#website\",\"url\":\"https:\/\/www.hazmetal.com\/\",\"name\":\"Haz Metal Fixing Systems\",\"description\":\"\",\"publisher\":{\"@id\":\"https:\/\/www.hazmetal.com\/#organization\"},\"potentialAction\":[{\"@type\":\"SearchAction\",\"target\":{\"@type\":\"EntryPoint\",\"urlTemplate\":\"https:\/\/www.hazmetal.com\/?s={search_term_string}\"},\"query-input\":\"required name=search_term_string\"}],\"inLanguage\":\"tr\"},{\"@type\":\"Organization\",\"@id\":\"https:\/\/www.hazmetal.com\/#organization\",\"name\":\"Haz Metal Fixing Systems\",\"url\":\"https:\/\/www.hazmetal.com\/\",\"logo\":{\"@type\":\"ImageObject\",\"inLanguage\":\"tr\",\"@id\":\"https:\/\/www.hazmetal.com\/#\/schema\/logo\/image\/\",\"url\":\"https:\/\/www.hazmetal.com\/wp-content\/uploads\/2025\/04\/Haz-logo.jpg.jpeg\",\"contentUrl\":\"https:\/\/www.hazmetal.com\/wp-content\/uploads\/2025\/04\/Haz-logo.jpg.jpeg\",\"width\":227,\"height\":93,\"caption\":\"Haz Metal Fixing Systems\"},\"image\":{\"@id\":\"https:\/\/www.hazmetal.com\/#\/schema\/logo\/image\/\"},\"sameAs\":[\"https:\/\/www.facebook.com\/HazMetal\",\"https:\/\/twitter.com\/HAZMetalFixing\",\"https:\/\/www.linkedin.com\/company\/haz-metal-fixing-systems\",\"https:\/\/www.youtube.com\/user\/hazgroup\"]}]}<\/script>\n<!-- \/ Yoast SEO plugin. -->","yoast_head_json":{"title":"Cephe Kaplama Projeleri","description":"Cephe kaplama projeleri, d\u0131\u015f cephe tasar\u0131m \u00f6rnekleri. Modern cephe tasar\u0131mlar\u0131 ve cephe kaplama hakk\u0131ndaki detaylar Haz Metal Fixing Systems web sitesinde.","robots":{"index":"index","follow":"follow","max-snippet":"max-snippet:-1","max-image-preview":"max-image-preview:large","max-video-preview":"max-video-preview:-1"},"canonical":"https:\/\/www.hazmetal.com\/tr\/cephe-kaplama-projeleri\/","og_locale":"tr_TR","og_type":"article","og_title":"Cephe Kaplama Projeleri","og_description":"Cephe kaplama projeleri, d\u0131\u015f cephe tasar\u0131m \u00f6rnekleri. Modern cephe tasar\u0131mlar\u0131 ve cephe kaplama hakk\u0131ndaki detaylar Haz Metal Fixing Systems web sitesinde.","og_url":"https:\/\/www.hazmetal.com\/tr\/cephe-kaplama-projeleri\/","og_site_name":"Haz Metal Fixing Systems","article_publisher":"https:\/\/www.facebook.com\/HazMetal","article_modified_time":"2021-05-06T15:15:57+00:00","twitter_card":"summary_large_image","twitter_site":"@HAZMetalFixing","schema":{"@context":"https:\/\/schema.org","@graph":[{"@type":"WebPage","@id":"https:\/\/www.hazmetal.com\/tr\/cephe-kaplama-projeleri\/","url":"https:\/\/www.hazmetal.com\/tr\/cephe-kaplama-projeleri\/","name":"Cephe Kaplama Projeleri","isPartOf":{"@id":"https:\/\/www.hazmetal.com\/#website"},"datePublished":"2016-12-31T10:33:52+00:00","dateModified":"2021-05-06T15:15:57+00:00","description":"Cephe kaplama projeleri, d\u0131\u015f cephe tasar\u0131m \u00f6rnekleri. Modern cephe tasar\u0131mlar\u0131 ve cephe kaplama hakk\u0131ndaki detaylar Haz Metal Fixing Systems web sitesinde.","breadcrumb":{"@id":"https:\/\/www.hazmetal.com\/tr\/cephe-kaplama-projeleri\/#breadcrumb"},"inLanguage":"tr","potentialAction":[{"@type":"ReadAction","target":["https:\/\/www.hazmetal.com\/tr\/cephe-kaplama-projeleri\/"]}]},{"@type":"BreadcrumbList","@id":"https:\/\/www.hazmetal.com\/tr\/cephe-kaplama-projeleri\/#breadcrumb","itemListElement":[{"@type":"ListItem","position":1,"name":"Home","item":"https:\/\/www.hazmetal.com\/tr\/"},{"@type":"ListItem","position":2,"name":"Cephe Kaplama Projeleri"}]},{"@type":"WebSite","@id":"https:\/\/www.hazmetal.com\/#website","url":"https:\/\/www.hazmetal.com\/","name":"Haz Metal Fixing Systems","description":"","publisher":{"@id":"https:\/\/www.hazmetal.com\/#organization"},"potentialAction":[{"@type":"SearchAction","target":{"@type":"EntryPoint","urlTemplate":"https:\/\/www.hazmetal.com\/?s={search_term_string}"},"query-input":"required name=search_term_string"}],"inLanguage":"tr"},{"@type":"Organization","@id":"https:\/\/www.hazmetal.com\/#organization","name":"Haz Metal Fixing Systems","url":"https:\/\/www.hazmetal.com\/","logo":{"@type":"ImageObject","inLanguage":"tr","@id":"https:\/\/www.hazmetal.com\/#\/schema\/logo\/image\/","url":"https:\/\/www.hazmetal.com\/wp-content\/uploads\/2025\/04\/Haz-logo.jpg.jpeg","contentUrl":"https:\/\/www.hazmetal.com\/wp-content\/uploads\/2025\/04\/Haz-logo.jpg.jpeg","width":227,"height":93,"caption":"Haz Metal Fixing Systems"},"image":{"@id":"https:\/\/www.hazmetal.com\/#\/schema\/logo\/image\/"},"sameAs":["https:\/\/www.facebook.com\/HazMetal","https:\/\/twitter.com\/HAZMetalFixing","https:\/\/www.linkedin.com\/company\/haz-metal-fixing-systems","https:\/\/www.youtube.com\/user\/hazgroup"]}]}},"_links":{"self":[{"href":"https:\/\/www.hazmetal.com\/tr\/wp-json\/wp\/v2\/pages\/3504"}],"collection":[{"href":"https:\/\/www.hazmetal.com\/tr\/wp-json\/wp\/v2\/pages"}],"about":[{"href":"https:\/\/www.hazmetal.com\/tr\/wp-json\/wp\/v2\/types\/page"}],"author":[{"embeddable":true,"href":"https:\/\/www.hazmetal.com\/tr\/wp-json\/wp\/v2\/users\/2031"}],"replies":[{"embeddable":true,"href":"https:\/\/www.hazmetal.com\/tr\/wp-json\/wp\/v2\/comments?post=3504"}],"version-history":[{"count":5,"href":"https:\/\/www.hazmetal.com\/tr\/wp-json\/wp\/v2\/pages\/3504\/revisions"}],"predecessor-version":[{"id":5610,"href":"https:\/\/www.hazmetal.com\/tr\/wp-json\/wp\/v2\/pages\/3504\/revisions\/5610"}],"wp:attachment":[{"href":"https:\/\/www.hazmetal.com\/tr\/wp-json\/wp\/v2\/media?parent=3504"}],"curies":[{"name":"wp","href":"https:\/\/api.w.org\/{rel}","templated":true}]}}