{"id":2026,"date":"2016-07-30T19:52:36","date_gmt":"2016-07-30T19:52:36","guid":{"rendered":"http:\/\/www.hazmetal.com\/urunler\/tas-baglantilari\/undercut-bolts\/"},"modified":"2022-05-23T22:18:10","modified_gmt":"2022-05-23T22:18:10","slug":"undercut-dubeller","status":"publish","type":"page","link":"https:\/\/www.hazmetal.com\/tr\/urunler\/tas-baglantilari\/undercut-dubeller\/","title":{"rendered":"Undercut D\u00fcbeller"},"content":{"rendered":"","protected":false},"excerpt":{"rendered":"","protected":false},"author":2031,"featured_media":0,"parent":2015,"menu_order":0,"comment_status":"closed","ping_status":"closed","template":"","meta":{"om_disable_all_campaigns":false,"_uf_show_specific_survey":0,"_uf_disable_surveys":false},"yoast_head":"<!-- This site is optimized with the Yoast SEO plugin v21.5 - https:\/\/yoast.com\/wordpress\/plugins\/seo\/ -->\n<title>Undercut D\u00fcbeller<\/title>\n<meta name=\"description\" content=\"Civata\" \/>\n<meta name=\"robots\" content=\"index, follow, max-snippet:-1, max-image-preview:large, max-video-preview:-1\" \/>\n<link rel=\"canonical\" href=\"https:\/\/www.hazmetal.com\/tr\/urunler\/tas-baglantilari\/undercut-dubeller\/\" \/>\n<meta property=\"og:locale\" content=\"tr_TR\" \/>\n<meta property=\"og:type\" content=\"article\" \/>\n<meta property=\"og:title\" content=\"Undercut D\u00fcbeller\" \/>\n<meta property=\"og:description\" content=\"Civata\" \/>\n<meta property=\"og:url\" content=\"https:\/\/www.hazmetal.com\/tr\/urunler\/tas-baglantilari\/undercut-dubeller\/\" \/>\n<meta property=\"og:site_name\" content=\"Haz Metal Fixing Systems\" \/>\n<meta property=\"article:publisher\" content=\"https:\/\/www.facebook.com\/HazMetal\" \/>\n<meta property=\"article:modified_time\" content=\"2022-05-23T22:18:10+00:00\" \/>\n<meta name=\"twitter:card\" content=\"summary_large_image\" \/>\n<meta name=\"twitter:site\" content=\"@HAZMetalFixing\" \/>\n<script type=\"application\/ld+json\" class=\"yoast-schema-graph\">{\"@context\":\"https:\/\/schema.org\",\"@graph\":[{\"@type\":\"WebPage\",\"@id\":\"https:\/\/www.hazmetal.com\/tr\/urunler\/tas-baglantilari\/undercut-dubeller\/\",\"url\":\"https:\/\/www.hazmetal.com\/tr\/urunler\/tas-baglantilari\/undercut-dubeller\/\",\"name\":\"Undercut D\u00fcbeller\",\"isPartOf\":{\"@id\":\"https:\/\/www.hazmetal.com\/#website\"},\"datePublished\":\"2016-07-30T19:52:36+00:00\",\"dateModified\":\"2022-05-23T22:18:10+00:00\",\"description\":\"Civata\",\"breadcrumb\":{\"@id\":\"https:\/\/www.hazmetal.com\/tr\/urunler\/tas-baglantilari\/undercut-dubeller\/#breadcrumb\"},\"inLanguage\":\"tr\",\"potentialAction\":[{\"@type\":\"ReadAction\",\"target\":[\"https:\/\/www.hazmetal.com\/tr\/urunler\/tas-baglantilari\/undercut-dubeller\/\"]}]},{\"@type\":\"BreadcrumbList\",\"@id\":\"https:\/\/www.hazmetal.com\/tr\/urunler\/tas-baglantilari\/undercut-dubeller\/#breadcrumb\",\"itemListElement\":[{\"@type\":\"ListItem\",\"position\":1,\"name\":\"Home\",\"item\":\"https:\/\/www.hazmetal.com\/tr\/\"},{\"@type\":\"ListItem\",\"position\":2,\"name\":\"Cephe Giydirme Montaj Sistemleri \u00dcr\u00fcn Yelpazesi\",\"item\":\"https:\/\/www.hazmetal.com\/tr\/urunler\/\"},{\"@type\":\"ListItem\",\"position\":3,\"name\":\"Ta\u015f Ba\u011flant\u0131 \u00c7\u00f6z\u00fcmleri\",\"item\":\"https:\/\/www.hazmetal.com\/tr\/urunler\/tas-baglantilari\/\"},{\"@type\":\"ListItem\",\"position\":4,\"name\":\"Undercut D\u00fcbeller\"}]},{\"@type\":\"WebSite\",\"@id\":\"https:\/\/www.hazmetal.com\/#website\",\"url\":\"https:\/\/www.hazmetal.com\/\",\"name\":\"Haz Metal Fixing Systems\",\"description\":\"\",\"publisher\":{\"@id\":\"https:\/\/www.hazmetal.com\/#organization\"},\"potentialAction\":[{\"@type\":\"SearchAction\",\"target\":{\"@type\":\"EntryPoint\",\"urlTemplate\":\"https:\/\/www.hazmetal.com\/?s={search_term_string}\"},\"query-input\":\"required name=search_term_string\"}],\"inLanguage\":\"tr\"},{\"@type\":\"Organization\",\"@id\":\"https:\/\/www.hazmetal.com\/#organization\",\"name\":\"Haz Metal Fixing Systems\",\"url\":\"https:\/\/www.hazmetal.com\/\",\"logo\":{\"@type\":\"ImageObject\",\"inLanguage\":\"tr\",\"@id\":\"https:\/\/www.hazmetal.com\/#\/schema\/logo\/image\/\",\"url\":\"https:\/\/www.hazmetal.com\/wp-content\/uploads\/2025\/04\/Haz-logo.jpg.jpeg\",\"contentUrl\":\"https:\/\/www.hazmetal.com\/wp-content\/uploads\/2025\/04\/Haz-logo.jpg.jpeg\",\"width\":227,\"height\":93,\"caption\":\"Haz Metal Fixing Systems\"},\"image\":{\"@id\":\"https:\/\/www.hazmetal.com\/#\/schema\/logo\/image\/\"},\"sameAs\":[\"https:\/\/www.facebook.com\/HazMetal\",\"https:\/\/twitter.com\/HAZMetalFixing\",\"https:\/\/www.linkedin.com\/company\/haz-metal-fixing-systems\",\"https:\/\/www.youtube.com\/user\/hazgroup\"]}]}<\/script>\n<!-- \/ Yoast SEO plugin. -->","yoast_head_json":{"title":"Undercut D\u00fcbeller","description":"Civata","robots":{"index":"index","follow":"follow","max-snippet":"max-snippet:-1","max-image-preview":"max-image-preview:large","max-video-preview":"max-video-preview:-1"},"canonical":"https:\/\/www.hazmetal.com\/tr\/urunler\/tas-baglantilari\/undercut-dubeller\/","og_locale":"tr_TR","og_type":"article","og_title":"Undercut D\u00fcbeller","og_description":"Civata","og_url":"https:\/\/www.hazmetal.com\/tr\/urunler\/tas-baglantilari\/undercut-dubeller\/","og_site_name":"Haz Metal Fixing Systems","article_publisher":"https:\/\/www.facebook.com\/HazMetal","article_modified_time":"2022-05-23T22:18:10+00:00","twitter_card":"summary_large_image","twitter_site":"@HAZMetalFixing","schema":{"@context":"https:\/\/schema.org","@graph":[{"@type":"WebPage","@id":"https:\/\/www.hazmetal.com\/tr\/urunler\/tas-baglantilari\/undercut-dubeller\/","url":"https:\/\/www.hazmetal.com\/tr\/urunler\/tas-baglantilari\/undercut-dubeller\/","name":"Undercut D\u00fcbeller","isPartOf":{"@id":"https:\/\/www.hazmetal.com\/#website"},"datePublished":"2016-07-30T19:52:36+00:00","dateModified":"2022-05-23T22:18:10+00:00","description":"Civata","breadcrumb":{"@id":"https:\/\/www.hazmetal.com\/tr\/urunler\/tas-baglantilari\/undercut-dubeller\/#breadcrumb"},"inLanguage":"tr","potentialAction":[{"@type":"ReadAction","target":["https:\/\/www.hazmetal.com\/tr\/urunler\/tas-baglantilari\/undercut-dubeller\/"]}]},{"@type":"BreadcrumbList","@id":"https:\/\/www.hazmetal.com\/tr\/urunler\/tas-baglantilari\/undercut-dubeller\/#breadcrumb","itemListElement":[{"@type":"ListItem","position":1,"name":"Home","item":"https:\/\/www.hazmetal.com\/tr\/"},{"@type":"ListItem","position":2,"name":"Cephe Giydirme Montaj Sistemleri \u00dcr\u00fcn Yelpazesi","item":"https:\/\/www.hazmetal.com\/tr\/urunler\/"},{"@type":"ListItem","position":3,"name":"Ta\u015f Ba\u011flant\u0131 \u00c7\u00f6z\u00fcmleri","item":"https:\/\/www.hazmetal.com\/tr\/urunler\/tas-baglantilari\/"},{"@type":"ListItem","position":4,"name":"Undercut D\u00fcbeller"}]},{"@type":"WebSite","@id":"https:\/\/www.hazmetal.com\/#website","url":"https:\/\/www.hazmetal.com\/","name":"Haz Metal Fixing Systems","description":"","publisher":{"@id":"https:\/\/www.hazmetal.com\/#organization"},"potentialAction":[{"@type":"SearchAction","target":{"@type":"EntryPoint","urlTemplate":"https:\/\/www.hazmetal.com\/?s={search_term_string}"},"query-input":"required name=search_term_string"}],"inLanguage":"tr"},{"@type":"Organization","@id":"https:\/\/www.hazmetal.com\/#organization","name":"Haz Metal Fixing Systems","url":"https:\/\/www.hazmetal.com\/","logo":{"@type":"ImageObject","inLanguage":"tr","@id":"https:\/\/www.hazmetal.com\/#\/schema\/logo\/image\/","url":"https:\/\/www.hazmetal.com\/wp-content\/uploads\/2025\/04\/Haz-logo.jpg.jpeg","contentUrl":"https:\/\/www.hazmetal.com\/wp-content\/uploads\/2025\/04\/Haz-logo.jpg.jpeg","width":227,"height":93,"caption":"Haz Metal Fixing Systems"},"image":{"@id":"https:\/\/www.hazmetal.com\/#\/schema\/logo\/image\/"},"sameAs":["https:\/\/www.facebook.com\/HazMetal","https:\/\/twitter.com\/HAZMetalFixing","https:\/\/www.linkedin.com\/company\/haz-metal-fixing-systems","https:\/\/www.youtube.com\/user\/hazgroup"]}]}},"_links":{"self":[{"href":"https:\/\/www.hazmetal.com\/tr\/wp-json\/wp\/v2\/pages\/2026"}],"collection":[{"href":"https:\/\/www.hazmetal.com\/tr\/wp-json\/wp\/v2\/pages"}],"about":[{"href":"https:\/\/www.hazmetal.com\/tr\/wp-json\/wp\/v2\/types\/page"}],"author":[{"embeddable":true,"href":"https:\/\/www.hazmetal.com\/tr\/wp-json\/wp\/v2\/users\/2031"}],"replies":[{"embeddable":true,"href":"https:\/\/www.hazmetal.com\/tr\/wp-json\/wp\/v2\/comments?post=2026"}],"version-history":[{"count":2,"href":"https:\/\/www.hazmetal.com\/tr\/wp-json\/wp\/v2\/pages\/2026\/revisions"}],"predecessor-version":[{"id":2050,"href":"https:\/\/www.hazmetal.com\/tr\/wp-json\/wp\/v2\/pages\/2026\/revisions\/2050"}],"up":[{"embeddable":true,"href":"https:\/\/www.hazmetal.com\/tr\/wp-json\/wp\/v2\/pages\/2015"}],"wp:attachment":[{"href":"https:\/\/www.hazmetal.com\/tr\/wp-json\/wp\/v2\/media?parent=2026"}],"curies":[{"name":"wp","href":"https:\/\/api.w.org\/{rel}","templated":true}]}}