{"id":2015,"date":"2016-07-29T12:44:17","date_gmt":"2016-07-29T12:44:17","guid":{"rendered":"http:\/\/www.hazmetal.com\/urunler\/stone-attachments\/"},"modified":"2022-05-24T06:21:05","modified_gmt":"2022-05-24T06:21:05","slug":"tas-baglantilari","status":"publish","type":"page","link":"https:\/\/www.hazmetal.com\/tr\/urunler\/tas-baglantilari\/","title":{"rendered":"Ta\u015f Ba\u011flant\u0131 \u00c7\u00f6z\u00fcmleri"},"content":{"rendered":"<p>The HB11 and T31 undercut bolts are designed for attachments on the rear surfaces of stone panels. This method of attachment becomes necessary when the use of conventional pin system is not suitable. The undercut stone attachment method has advantages which can result in various benefits in panel material cost and installation time. HAZ Metal provides service in the design and technical support for using these systems.<br \/>\njustify<br \/>\n#f3f3f3<br \/>\nno-repeat;center top;;<br \/>\nauto<br \/>\n30px<br \/>\n20px<\/p>\n<p><img decoding=\"async\" src=\"\/wp-content\/uploads\/2016\/07\/hb11-undercut-bolts.jpg\" alt=\"\" \/><br \/>\ncenter<br \/>\nHB11 Attachment to Stone<\/p>\n<p><img decoding=\"async\" src=\"\/wp-content\/uploads\/2016\/07\/t31-bolt.jpg\" alt=\"\" \/><br \/>\ncenter<br \/>\nT31 Attachment to Stone<\/p>\n<p><img decoding=\"async\" src=\"\/wp-content\/uploads\/2016\/07\/stone-attachments-2.jpg\" alt=\"\" \/><\/p>\n<p><img decoding=\"async\" src=\"\/wp-content\/uploads\/2016\/07\/stone-attachments-1.jpg\" alt=\"\" \/><\/p>\n<p><img decoding=\"async\" src=\"\/wp-content\/uploads\/2016\/07\/stone-attachments-3.jpg\" alt=\"\" \/><br \/>\nIndirect fixing of panels on to sub channel system using undercut anchors<\/p>\n<p>Advantages<\/p>\n<p>Free positioning of the undercut bolt anywhere on the rear side of the panel<\/p>\n<p>Higher pull out values can be achieved using undercut bolts<\/p>\n<p>Optimization of bending moments of the stone panels which result in thinner panels and larger panel dimensions.<br \/>\njustify<br \/>\nno-repeat;center top;;<br \/>\nauto<br \/>\n20px<\/p>\n<p>The Pin &amp; Kerf attachment system is the conventional method for attachments made to stone. A pin hole or a kerf groove is opened at the edge of stone panels. Plastic sleeves are used along with suitable resin to securely attach the pin or kerf in place. The use of this system is applicable for stone thickness of 3 cm and above, depending on the strength of the stone. A breaking load test at pin or kerf areas may be necessary to determine the correct thickness of stone panels that may differ for different natural stone types.<br \/>\njustify<br \/>\n#f3f3f3<br \/>\nno-repeat;center top;;<br \/>\nauto<br \/>\n20px<\/p>\n<p>HFP Pin Attachment to Stone<br \/>\ncenter<br \/>\nno-repeat;center top;;<br \/>\nauto<br \/>\n0px<\/p>\n<p>Kerf Attachment to Stone<br \/>\ncenter<br \/>\nno-repeat;center top;;<br \/>\nauto<br \/>\n0px<\/p>\n<p><img decoding=\"async\" src=\"\/wp-content\/uploads\/2016\/07\/stone-attachments-4.jpg\" alt=\"\" \/><\/p>\n<p><img decoding=\"async\" src=\"\/wp-content\/uploads\/2016\/07\/stone-attachments-7.jpg\" alt=\"\" \/><\/p>\n<p><img decoding=\"async\" src=\"\/wp-content\/uploads\/2016\/07\/stone-attachments-5.jpg\" alt=\"\" \/><\/p>\n<p><img decoding=\"async\" src=\"\/wp-content\/uploads\/2016\/07\/stone-attachments-6.jpg\" alt=\"\" \/><\/p>\n<p>Advantages<\/p>\n<p>More freedom in facade design and anchor positioning<\/p>\n<p>No need for expensive drilling equipment<\/p>\n<p>Fine adjustment is possible<\/p>\n<p>Fast and easy installation<br \/>\njustify<br \/>\nno-repeat;center top;;<br \/>\nauto<br \/>\n20px<\/p>\n","protected":false},"excerpt":{"rendered":"<p>The HB11 and T31 undercut bolts are designed for attachments on the rear surfaces of stone panels. This method of attachment becomes necessary when the use<span class=\"excerpt-hellip\"> [\u2026]<\/span><\/p>\n","protected":false},"author":2031,"featured_media":0,"parent":1672,"menu_order":0,"comment_status":"closed","ping_status":"closed","template":"","meta":{"om_disable_all_campaigns":false,"_uf_show_specific_survey":0,"_uf_disable_surveys":false},"yoast_head":"<!-- This site is optimized with the Yoast SEO plugin v21.5 - https:\/\/yoast.com\/wordpress\/plugins\/seo\/ -->\n<title>Ta\u015f Ba\u011flant\u0131 \u00c7\u00f6z\u00fcmleri<\/title>\n<meta name=\"description\" content=\"Ta\u015f Ba\u011flant\u0131 \u00c7\u00f6z\u00fcmleri, Ta\u015f Ba\u011flant\u0131lar\u0131\" \/>\n<meta name=\"robots\" content=\"index, follow, max-snippet:-1, max-image-preview:large, max-video-preview:-1\" \/>\n<link rel=\"canonical\" href=\"https:\/\/www.hazmetal.com\/tr\/urunler\/tas-baglantilari\/\" \/>\n<meta property=\"og:locale\" content=\"tr_TR\" \/>\n<meta property=\"og:type\" content=\"article\" \/>\n<meta property=\"og:title\" content=\"Ta\u015f Ba\u011flant\u0131 \u00c7\u00f6z\u00fcmleri\" \/>\n<meta property=\"og:description\" content=\"Ta\u015f Ba\u011flant\u0131 \u00c7\u00f6z\u00fcmleri, Ta\u015f Ba\u011flant\u0131lar\u0131\" \/>\n<meta property=\"og:url\" content=\"https:\/\/www.hazmetal.com\/tr\/urunler\/tas-baglantilari\/\" \/>\n<meta property=\"og:site_name\" content=\"Haz Metal Fixing Systems\" \/>\n<meta property=\"article:publisher\" content=\"https:\/\/www.facebook.com\/HazMetal\" \/>\n<meta property=\"article:modified_time\" content=\"2022-05-24T06:21:05+00:00\" \/>\n<meta name=\"twitter:card\" content=\"summary_large_image\" \/>\n<meta name=\"twitter:site\" content=\"@HAZMetalFixing\" \/>\n<meta name=\"twitter:label1\" content=\"Tahmini okuma s\u00fcresi\" \/>\n\t<meta name=\"twitter:data1\" content=\"2 dakika\" \/>\n<script type=\"application\/ld+json\" class=\"yoast-schema-graph\">{\"@context\":\"https:\/\/schema.org\",\"@graph\":[{\"@type\":\"WebPage\",\"@id\":\"https:\/\/www.hazmetal.com\/tr\/urunler\/tas-baglantilari\/\",\"url\":\"https:\/\/www.hazmetal.com\/tr\/urunler\/tas-baglantilari\/\",\"name\":\"Ta\u015f Ba\u011flant\u0131 \u00c7\u00f6z\u00fcmleri\",\"isPartOf\":{\"@id\":\"https:\/\/www.hazmetal.com\/#website\"},\"datePublished\":\"2016-07-29T12:44:17+00:00\",\"dateModified\":\"2022-05-24T06:21:05+00:00\",\"description\":\"Ta\u015f Ba\u011flant\u0131 \u00c7\u00f6z\u00fcmleri, Ta\u015f Ba\u011flant\u0131lar\u0131\",\"breadcrumb\":{\"@id\":\"https:\/\/www.hazmetal.com\/tr\/urunler\/tas-baglantilari\/#breadcrumb\"},\"inLanguage\":\"tr\",\"potentialAction\":[{\"@type\":\"ReadAction\",\"target\":[\"https:\/\/www.hazmetal.com\/tr\/urunler\/tas-baglantilari\/\"]}]},{\"@type\":\"BreadcrumbList\",\"@id\":\"https:\/\/www.hazmetal.com\/tr\/urunler\/tas-baglantilari\/#breadcrumb\",\"itemListElement\":[{\"@type\":\"ListItem\",\"position\":1,\"name\":\"Home\",\"item\":\"https:\/\/www.hazmetal.com\/tr\/\"},{\"@type\":\"ListItem\",\"position\":2,\"name\":\"Cephe Giydirme Montaj Sistemleri \u00dcr\u00fcn Yelpazesi\",\"item\":\"https:\/\/www.hazmetal.com\/tr\/urunler\/\"},{\"@type\":\"ListItem\",\"position\":3,\"name\":\"Ta\u015f Ba\u011flant\u0131 \u00c7\u00f6z\u00fcmleri\"}]},{\"@type\":\"WebSite\",\"@id\":\"https:\/\/www.hazmetal.com\/#website\",\"url\":\"https:\/\/www.hazmetal.com\/\",\"name\":\"Haz Metal Fixing Systems\",\"description\":\"\",\"publisher\":{\"@id\":\"https:\/\/www.hazmetal.com\/#organization\"},\"potentialAction\":[{\"@type\":\"SearchAction\",\"target\":{\"@type\":\"EntryPoint\",\"urlTemplate\":\"https:\/\/www.hazmetal.com\/?s={search_term_string}\"},\"query-input\":\"required name=search_term_string\"}],\"inLanguage\":\"tr\"},{\"@type\":\"Organization\",\"@id\":\"https:\/\/www.hazmetal.com\/#organization\",\"name\":\"Haz Metal Fixing Systems\",\"url\":\"https:\/\/www.hazmetal.com\/\",\"logo\":{\"@type\":\"ImageObject\",\"inLanguage\":\"tr\",\"@id\":\"https:\/\/www.hazmetal.com\/#\/schema\/logo\/image\/\",\"url\":\"https:\/\/www.hazmetal.com\/wp-content\/uploads\/2025\/04\/Haz-logo.jpg.jpeg\",\"contentUrl\":\"https:\/\/www.hazmetal.com\/wp-content\/uploads\/2025\/04\/Haz-logo.jpg.jpeg\",\"width\":227,\"height\":93,\"caption\":\"Haz Metal Fixing Systems\"},\"image\":{\"@id\":\"https:\/\/www.hazmetal.com\/#\/schema\/logo\/image\/\"},\"sameAs\":[\"https:\/\/www.facebook.com\/HazMetal\",\"https:\/\/twitter.com\/HAZMetalFixing\",\"https:\/\/www.linkedin.com\/company\/haz-metal-fixing-systems\",\"https:\/\/www.youtube.com\/user\/hazgroup\"]}]}<\/script>\n<!-- \/ Yoast SEO plugin. -->","yoast_head_json":{"title":"Ta\u015f Ba\u011flant\u0131 \u00c7\u00f6z\u00fcmleri","description":"Ta\u015f Ba\u011flant\u0131 \u00c7\u00f6z\u00fcmleri, Ta\u015f Ba\u011flant\u0131lar\u0131","robots":{"index":"index","follow":"follow","max-snippet":"max-snippet:-1","max-image-preview":"max-image-preview:large","max-video-preview":"max-video-preview:-1"},"canonical":"https:\/\/www.hazmetal.com\/tr\/urunler\/tas-baglantilari\/","og_locale":"tr_TR","og_type":"article","og_title":"Ta\u015f Ba\u011flant\u0131 \u00c7\u00f6z\u00fcmleri","og_description":"Ta\u015f Ba\u011flant\u0131 \u00c7\u00f6z\u00fcmleri, Ta\u015f Ba\u011flant\u0131lar\u0131","og_url":"https:\/\/www.hazmetal.com\/tr\/urunler\/tas-baglantilari\/","og_site_name":"Haz Metal Fixing Systems","article_publisher":"https:\/\/www.facebook.com\/HazMetal","article_modified_time":"2022-05-24T06:21:05+00:00","twitter_card":"summary_large_image","twitter_site":"@HAZMetalFixing","twitter_misc":{"Tahmini okuma s\u00fcresi":"2 dakika"},"schema":{"@context":"https:\/\/schema.org","@graph":[{"@type":"WebPage","@id":"https:\/\/www.hazmetal.com\/tr\/urunler\/tas-baglantilari\/","url":"https:\/\/www.hazmetal.com\/tr\/urunler\/tas-baglantilari\/","name":"Ta\u015f Ba\u011flant\u0131 \u00c7\u00f6z\u00fcmleri","isPartOf":{"@id":"https:\/\/www.hazmetal.com\/#website"},"datePublished":"2016-07-29T12:44:17+00:00","dateModified":"2022-05-24T06:21:05+00:00","description":"Ta\u015f Ba\u011flant\u0131 \u00c7\u00f6z\u00fcmleri, Ta\u015f Ba\u011flant\u0131lar\u0131","breadcrumb":{"@id":"https:\/\/www.hazmetal.com\/tr\/urunler\/tas-baglantilari\/#breadcrumb"},"inLanguage":"tr","potentialAction":[{"@type":"ReadAction","target":["https:\/\/www.hazmetal.com\/tr\/urunler\/tas-baglantilari\/"]}]},{"@type":"BreadcrumbList","@id":"https:\/\/www.hazmetal.com\/tr\/urunler\/tas-baglantilari\/#breadcrumb","itemListElement":[{"@type":"ListItem","position":1,"name":"Home","item":"https:\/\/www.hazmetal.com\/tr\/"},{"@type":"ListItem","position":2,"name":"Cephe Giydirme Montaj Sistemleri \u00dcr\u00fcn Yelpazesi","item":"https:\/\/www.hazmetal.com\/tr\/urunler\/"},{"@type":"ListItem","position":3,"name":"Ta\u015f Ba\u011flant\u0131 \u00c7\u00f6z\u00fcmleri"}]},{"@type":"WebSite","@id":"https:\/\/www.hazmetal.com\/#website","url":"https:\/\/www.hazmetal.com\/","name":"Haz Metal Fixing Systems","description":"","publisher":{"@id":"https:\/\/www.hazmetal.com\/#organization"},"potentialAction":[{"@type":"SearchAction","target":{"@type":"EntryPoint","urlTemplate":"https:\/\/www.hazmetal.com\/?s={search_term_string}"},"query-input":"required name=search_term_string"}],"inLanguage":"tr"},{"@type":"Organization","@id":"https:\/\/www.hazmetal.com\/#organization","name":"Haz Metal Fixing Systems","url":"https:\/\/www.hazmetal.com\/","logo":{"@type":"ImageObject","inLanguage":"tr","@id":"https:\/\/www.hazmetal.com\/#\/schema\/logo\/image\/","url":"https:\/\/www.hazmetal.com\/wp-content\/uploads\/2025\/04\/Haz-logo.jpg.jpeg","contentUrl":"https:\/\/www.hazmetal.com\/wp-content\/uploads\/2025\/04\/Haz-logo.jpg.jpeg","width":227,"height":93,"caption":"Haz Metal Fixing Systems"},"image":{"@id":"https:\/\/www.hazmetal.com\/#\/schema\/logo\/image\/"},"sameAs":["https:\/\/www.facebook.com\/HazMetal","https:\/\/twitter.com\/HAZMetalFixing","https:\/\/www.linkedin.com\/company\/haz-metal-fixing-systems","https:\/\/www.youtube.com\/user\/hazgroup"]}]}},"_links":{"self":[{"href":"https:\/\/www.hazmetal.com\/tr\/wp-json\/wp\/v2\/pages\/2015"}],"collection":[{"href":"https:\/\/www.hazmetal.com\/tr\/wp-json\/wp\/v2\/pages"}],"about":[{"href":"https:\/\/www.hazmetal.com\/tr\/wp-json\/wp\/v2\/types\/page"}],"author":[{"embeddable":true,"href":"https:\/\/www.hazmetal.com\/tr\/wp-json\/wp\/v2\/users\/2031"}],"replies":[{"embeddable":true,"href":"https:\/\/www.hazmetal.com\/tr\/wp-json\/wp\/v2\/comments?post=2015"}],"version-history":[{"count":4,"href":"https:\/\/www.hazmetal.com\/tr\/wp-json\/wp\/v2\/pages\/2015\/revisions"}],"predecessor-version":[{"id":5659,"href":"https:\/\/www.hazmetal.com\/tr\/wp-json\/wp\/v2\/pages\/2015\/revisions\/5659"}],"up":[{"embeddable":true,"href":"https:\/\/www.hazmetal.com\/tr\/wp-json\/wp\/v2\/pages\/1672"}],"wp:attachment":[{"href":"https:\/\/www.hazmetal.com\/tr\/wp-json\/wp\/v2\/media?parent=2015"}],"curies":[{"name":"wp","href":"https:\/\/api.w.org\/{rel}","templated":true}]}}