{"id":1985,"date":"2016-07-29T12:43:17","date_gmt":"2016-07-29T12:43:17","guid":{"rendered":"http:\/\/www.hazmetal.com\/urunler\/anchor-bolts\/"},"modified":"2022-05-23T22:17:20","modified_gmt":"2022-05-23T22:17:20","slug":"ankraj-dubeller","status":"publish","type":"page","link":"https:\/\/www.hazmetal.com\/tr\/urunler\/ankraj-dubeller\/","title":{"rendered":"D\u00fcbeller (Ankraj D\u00fcbelleri)"},"content":{"rendered":"<p><img decoding=\"async\" src=\"\/wp-content\/uploads\/2016\/07\/anchor-bolts-1.jpg\" alt=\"\" \/><br \/>\ncenter<br \/>\nd\u00fcbel sistemleri, d\u00fcbeller<\/p>\n<p>HB D\u00fcbeller, ta\u015f\u0131y\u0131c\u0131 duvarlara mesnet montaj\u0131 yapmak i\u00e7in kullan\u0131lan \u00fcr\u00fcnlerdir. Farkl\u0131 ta\u015f\u0131y\u0131c\u0131 duvarlara yap\u0131lacak olan montajlar i\u00e7in \u00e7e\u015fitli d\u00fcbel tipleri mevcuttur.<\/p>\n<p>D\u00fcbel \u00e7e\u015fitlerinin se\u00e7imi, montaj\u0131n hangi tip duvara yap\u0131laca\u011f\u0131na g\u00f6re yap\u0131l\u0131r. Beton, tu\u011fla, beton blok yada do\u011fal ta\u015f zemine g\u00f6re uygun d\u00fcbel<\/p>\n<p>kullan\u0131lmal\u0131d\u0131r. Do\u011fru ve g\u00fcvenli tip ve \u00f6l\u00e7\u00fcdeki d\u00fcbelin se\u00e7imi i\u00e7in ayn\u0131 zamanda tasarlanan \u00e7ekme ve kesme y\u00fcklerinin dikkate al\u0131nmas\u0131 gereklidir.<\/p>\n<p>D\u00fcbellerin \u00e7ekme ve kesme performans kriterlerini kar\u015f\u0131lamas\u0131 i\u00e7in, \u00fcr\u00fcnler s\u00fcrekli test edilmektedir. Uygulamalarda ihtiya\u00e7 duyulan y\u00fckleri kar\u015f\u0131lamak i\u00e7in \u00e7e\u015fitli ebatlarda d\u00fcbel \u00f6l\u00e7\u00fcleri bulunmaktad\u0131r. D\u00fcbellerimizin \u00e7ekme ve kesme kapasiteleri fabrikam\u0131zdaki test laboratuvar\u0131nda vede ba\u011f\u0131ms\u0131z test laboratuvarlar\u0131ndaki testler ile do\u011frulanm\u0131\u015ft\u0131r.<\/p>\n<p>D\u00fcbel \u00e7e\u015fitlerinin ana kategorileri a\u015fa\u011f\u0131daki \u015fekildedir:<\/p>\n<p>Tork kontroll\u00fc d\u00fcbeller<\/p>\n<p>Kimyasal d\u00fcbeller<\/p>\n<p>Undercut d\u00fcbeller<\/p>\n<p>Plastik d\u00fcbeller<\/p>\n<p>D\u00fcbellerimiz, 1.4301 &amp; 1.4401 kalite paslanmaz \u00e7elik ve 1.0038 kalite galvanizli \u00e7elikten imal edilmektedir.<br \/>\nno-repeat;left top;;<br \/>\nauto<\/p>\n<p>Farkl\u0131 tiplerdeki duvarlara ankrajlar sabitlemeye y\u00f6nelik olarak kullan\u0131lan pek \u00e7ok tipte d\u00fcbel mevcuttur. T\u00fcm d\u00fcbellerin \u00e7ekme ve kayma kuvveti performans\u0131 kriterlerini kar\u015f\u0131lay\u0131p kar\u015f\u0131lamad\u0131\u011f\u0131 tespit edilmektedir.<br \/>\njustify<br \/>\nno-repeat;center top;;<br \/>\nauto<\/p>\n<p>default<br \/>\ndefault<br \/>\n#1e73be<\/p>\n<p>HB01 G\u00f6mlekli D\u00fcbeller<br \/>\ncenter<br \/>\nno-repeat;center top;;<br \/>\nauto<br \/>\n0px<\/p>\n<p><img decoding=\"async\" src=\"\/wp-content\/uploads\/2016\/07\/hb01-sleeve-bolt.jpg\" alt=\"\" \/><br \/>\ncenter<br \/>\nHB01 G\u00f6mlekli D\u00fcbeller<\/p>\n<p>HB03 Klipsli D\u00fcbeller<br \/>\ncenter<br \/>\nno-repeat;center top;;<br \/>\nauto<br \/>\n0px<\/p>\n<p><img decoding=\"async\" src=\"\/wp-content\/uploads\/2016\/07\/hb03-through-bolt.jpg\" alt=\"\" \/><br \/>\ncenter<br \/>\nHB03 Klipsli D\u00fcbeller<\/p>\n<p>HB05 Kovanl\u0131 D\u00fcbeller<br \/>\ncenter<br \/>\nno-repeat;center top;;<br \/>\nauto<br \/>\n0px<\/p>\n<p><img decoding=\"async\" src=\"\/wp-content\/uploads\/2016\/07\/hb05-shell-bolt.jpg\" alt=\"\" \/><br \/>\ncenter<br \/>\nHB05 Kovanl\u0131 D\u00fcbeller<\/p>\n<p>HB06 \u00c7akma D\u00fcbeller<br \/>\ncenter<br \/>\nno-repeat;center top;;<br \/>\nauto<br \/>\n0px<\/p>\n<p><img decoding=\"async\" src=\"\/wp-content\/uploads\/2016\/07\/hb06-drop-in-bolt.jpg\" alt=\"\" \/><br \/>\ncenter<br \/>\nHB06 \u00c7akma D\u00fcbeller<\/p>\n<p>HB07 Kim. D\u00fcbel Saplamas\u0131<br \/>\ncenter<br \/>\nno-repeat;center top;;<br \/>\nauto<br \/>\n0px<\/p>\n<p><img decoding=\"async\" src=\"\/wp-content\/uploads\/2016\/07\/hb07-chemical-anchor-bolt.jpg\" alt=\"\" \/><br \/>\ncenter<br \/>\nHB07 Kimyasal D\u00fcbel Saplamas\u0131<\/p>\n<p>HB09 Haz S\u00fcper D\u00fcbel<br \/>\ncenter<br \/>\nno-repeat;center top;;<br \/>\nauto<br \/>\n0px<\/p>\n<p><img decoding=\"async\" src=\"\/wp-content\/uploads\/2016\/07\/hb09-haz-super.jpg\" alt=\"\" \/><br \/>\ncenter<br \/>\nHB09 Haz S\u00fcper D\u00fcbel<\/p>\n<p><img decoding=\"async\" src=\"\/wp-content\/uploads\/2016\/07\/anchor-bolts-2.jpg\" alt=\"\" \/><br \/>\ncenter<\/p>\n<h2>HB01 G\u00f6mlekli D\u00fcbeller<\/h2>\n<p>HB01 g\u00f6mlekli d\u00fcbeller, beton ve dolgu bloklu duvarlara monte edilen her t\u00fcrl\u00fc tespit eleman\u0131 (fikst\u00fcr) i\u00e7in kullan\u0131l\u0131r. D\u00fcbeller matkap deliklerine \u00e7ak\u0131l\u0131r ve d\u00fcbelin \u00fczerindeki civata \u00e7evrilerek ankrajlar sabitlenir. G\u00f6mle\u011fin matkap deli\u011finden d\u0131\u015far\u0131 do\u011fru geni\u015flemesiyle iyi bir ankraj elde edilir.<br \/>\njustify<br \/>\nno-repeat;center top;;<br \/>\nauto<\/p>\n<p><img decoding=\"async\" src=\"\/wp-content\/uploads\/2016\/07\/anchor-bolts-3.jpg\" alt=\"\" \/><br \/>\ncenter<\/p>\n<h2>HB03 Klipsli D\u00fcbeller<\/h2>\n<p>HB03 klipsli d\u00fcbeller, en az C20\/25 kalitedeki beton duvarlara monte edilen her t\u00fcrl\u00fc tespit eleman\u0131 i\u00e7in kullan\u0131l\u0131r. D\u00fcbel matkap deli\u011fine \u00e7ak\u0131l\u0131r ve sabitleme i\u015flemi civata \u00e7evrilerek ger\u00e7ekle\u015ftirilir. Civatalar\u0131n \u00fczerindeki halka h\u0131zla geni\u015fleyerek \u015fekilde optimize edildi\u011fi i\u00e7in, nihai \u00e7evirme i\u015flemi h\u0131zl\u0131 bi\u00e7imde ger\u00e7ekle\u015fir. Matkap deli\u011finde s\u0131k\u0131ca tutunan halka sayesinde g\u00fcvenli bir sabitleme yap\u0131l\u0131r.<br \/>\njustify<br \/>\nno-repeat;center top;;<br \/>\nauto<\/p>\n<p><img decoding=\"async\" src=\"\/wp-content\/uploads\/2016\/07\/anchor-bolts-4.jpg\" alt=\"\" \/><br \/>\ncenter<\/p>\n<h2>HB05 Kovanl\u0131 D\u00fcbeller<\/h2>\n<p>HB05 kovanl\u0131 d\u00fcbeller, beton duvarlar veya dolgulu ve takviyeli tu\u011fla duvarlara monte edilen tespit elemanlar\u0131 i\u00e7in kullan\u0131l\u0131r. \u0130lk \u00f6nce kovan tam olarak yerle\u015fene kadar duvara \u00e7akulur. D\u00f6nd\u00fcrme i\u015flemi alt\u0131gen civata kullan\u0131larak ger\u00e7ekle\u015ftirilir. D\u00f6nd\u00fcrme i\u015flemi s\u0131ras\u0131nda kovan geni\u015fleyerek matkap deli\u011finin etraf\u0131na s\u0131k\u0131ca tutunur.<br \/>\njustify<br \/>\nno-repeat;center top;;<br \/>\nauto<\/p>\n<p><img decoding=\"async\" src=\"\/wp-content\/uploads\/2016\/07\/anchor-bolts-5.jpg\" alt=\"\" \/><br \/>\ncenter<\/p>\n<h2>HB06 \u00c7akma D\u00fcbeller<\/h2>\n<p>HB06 \u00e7akma d\u00fcbeller, beton duvarlar \u00fczerine borular\u0131n, asma tavanlar\u0131n vs. sabitlenmesi i\u00e7in kullan\u0131l\u0131r. Bu d\u00fcbel iki a\u015famada monte edilir. \u0130lk \u00f6nce d\u00fcbel bir el aletiyle matkap deli\u011fine \u00e7ak\u0131l\u0131r ve sonras\u0131nda sabitleme i\u015flemi alt\u0131gen civata \u00e7evrilerek ger\u00e7ekle\u015ftirilir. Yerle\u015ftirme i\u015fleminden sonra pim kovan\u0131 a\u00e7arken, kovan beton deli\u011fin i\u00e7inde geni\u015fleyerek matkap deli\u011finin ekraf\u0131na s\u0131k\u0131ca tutunur. Sabitleme i\u015flemi, altl\u0131\u011f\u0131n i\u00e7ine ankraj olan kovana ge\u00e7en alt\u0131gen civata ile ger\u00e7ekle\u015ftirilir.<br \/>\njustify<br \/>\nno-repeat;center top;;<br \/>\nauto<\/p>\n<p><img decoding=\"async\" src=\"\/wp-content\/uploads\/2016\/07\/anchor-bolts-6.jpg\" alt=\"\" \/><br \/>\ncenter<\/p>\n<h2>HB07 Kimyasal D\u00fcbeller<\/h2>\n<p>HB07 kimyasal d\u00fcbel saplamas\u0131, delikli blok i\u015flerine ve delikli tu\u011fla duvarlara ve bunlar\u0131n yan\u0131 s\u0131ra beton duvarlara monte edilen \u00e7elik yap\u0131 elemanlar\u0131n\u0131n sabitlenmesi i\u00e7in kullan\u0131l\u0131r. Kimyasal kaps\u00fcller veya epoksi-akrilit tipleri matkap deliklerine yerle\u015ftirilir veya enjekte edilir ve d\u00fcbeller deliklere oturtulur. Yap\u0131\u015ft\u0131r\u0131c\u0131 madde donunca ankraj yerine sabitlenir.<br \/>\njustify<br \/>\nno-repeat;center top;;<br \/>\nauto<\/p>\n<p><img decoding=\"async\" src=\"\/wp-content\/uploads\/2016\/07\/anchor-bolts-7.jpg\" alt=\"\" \/><br \/>\ncenter<\/p>\n<h2>HB09 Haz S\u00fcper D\u00fcbel<\/h2>\n<p>HB09 HAZ S\u00fcper d\u00fcbel, ta\u015f tabakalar\u0131n arka taraf\u0131na ankraj sabitlemen i\u00e7in kullan\u0131l\u0131r. D\u00fcbeller nazik bir \u015fekilde matkap deli\u011fine \u00e7ak\u0131l\u0131r ve sonras\u0131nda da \u00e7evirme i\u015flemi ile \u00e7\u0131k\u0131nt\u0131l\u0131 pullar deli\u011fin i\u00e7inde geni\u015fler. \u00c7\u0131k\u0131nt\u0131l\u0131 pullar matkap deli\u011finin i\u00e7inde s\u0131k\u0131 bir tutunma meydan getirir. Bu sistem \u00f6zel delme aletleri ve pahal\u0131 i\u015f istasyonlar\u0131 gerektirmeyen ekonomik ve kullan\u0131m\u0131 kolay y\u00f6ntemdir.<br \/>\njustify<br \/>\nno-repeat;center top;;<br \/>\nauto<\/p>\n<p>D\u00fcbel \u00c7e\u015fitleri<br \/>\n<a href=\"http:\/\/www.hazmetal.com\/tr\/urunler\/ankraj-dubeller\/dubeller\/\">http:\/\/www.hazmetal.com\/tr\/urunler\/ankraj-dubeller\/dubeller\/<\/a><br \/>\nleft<\/p>\n<p>Kimyasal D\u00fcbeller<br \/>\n<a href=\"http:\/\/www.hazmetal.com\/tr\/urunler\/ankraj-dubeller\/kimyasal-dubeller\/\">http:\/\/www.hazmetal.com\/tr\/urunler\/ankraj-dubeller\/kimyasal-dubeller\/<\/a><br \/>\nleft<\/p>\n<p>Undercut D\u00fcbelleri<br \/>\n<a href=\"http:\/\/www.hazmetal.com\/tr\/urunler\/ankraj-dubeller\/undercut-dubeller\/\">http:\/\/www.hazmetal.com\/tr\/urunler\/ankraj-dubeller\/undercut-dubeller\/<\/a><br \/>\nleft<\/p>\n","protected":false},"excerpt":{"rendered":"<p>center d\u00fcbel sistemleri, d\u00fcbeller HB D\u00fcbeller, ta\u015f\u0131y\u0131c\u0131 duvarlara mesnet montaj\u0131 yapmak i\u00e7in kullan\u0131lan \u00fcr\u00fcnlerdir. Farkl\u0131 ta\u015f\u0131y\u0131c\u0131 duvarlara yap\u0131lacak olan montajlar i\u00e7in \u00e7e\u015fitli d\u00fcbel tipleri mevcuttur. D\u00fcbel<span class=\"excerpt-hellip\"> [\u2026]<\/span><\/p>\n","protected":false},"author":2031,"featured_media":0,"parent":1672,"menu_order":0,"comment_status":"closed","ping_status":"closed","template":"","meta":{"om_disable_all_campaigns":false,"_uf_show_specific_survey":0,"_uf_disable_surveys":false},"yoast_head":"<!-- This site is optimized with the Yoast SEO plugin v21.5 - https:\/\/yoast.com\/wordpress\/plugins\/seo\/ -->\n<title>D\u00fcbeller (Ankraj D\u00fcbelleri)<\/title>\n<meta name=\"description\" content=\"Ankraj d\u00fcbelleri, HB01 G\u00f6mlekli D\u00fcbeller HB03 Klipsli D\u00fcbeller HB05 Kovanl\u0131 D\u00fcbeller HB06 \u00c7akma D\u00fcbeller HB07 Kimyasal D\u00fcbel Saplamas\u0131 HB09 Haz S\u00fcper D\u00fcbel\" \/>\n<meta name=\"robots\" content=\"index, follow, max-snippet:-1, max-image-preview:large, max-video-preview:-1\" \/>\n<link rel=\"canonical\" href=\"https:\/\/www.hazmetal.com\/tr\/urunler\/ankraj-dubeller\/\" \/>\n<meta property=\"og:locale\" content=\"tr_TR\" \/>\n<meta property=\"og:type\" content=\"article\" \/>\n<meta property=\"og:title\" content=\"D\u00fcbeller (Ankraj D\u00fcbelleri)\" \/>\n<meta property=\"og:description\" content=\"Ankraj d\u00fcbelleri, HB01 G\u00f6mlekli D\u00fcbeller HB03 Klipsli D\u00fcbeller HB05 Kovanl\u0131 D\u00fcbeller HB06 \u00c7akma D\u00fcbeller HB07 Kimyasal D\u00fcbel Saplamas\u0131 HB09 Haz S\u00fcper D\u00fcbel\" \/>\n<meta property=\"og:url\" content=\"https:\/\/www.hazmetal.com\/tr\/urunler\/ankraj-dubeller\/\" \/>\n<meta property=\"og:site_name\" content=\"Haz Metal Fixing Systems\" \/>\n<meta property=\"article:publisher\" content=\"https:\/\/www.facebook.com\/HazMetal\" \/>\n<meta property=\"article:modified_time\" content=\"2022-05-23T22:17:20+00:00\" \/>\n<meta name=\"twitter:card\" content=\"summary_large_image\" \/>\n<meta name=\"twitter:site\" content=\"@HAZMetalFixing\" \/>\n<meta name=\"twitter:label1\" content=\"Tahmini okuma s\u00fcresi\" \/>\n\t<meta name=\"twitter:data1\" content=\"4 dakika\" \/>\n<script type=\"application\/ld+json\" class=\"yoast-schema-graph\">{\"@context\":\"https:\/\/schema.org\",\"@graph\":[{\"@type\":\"WebPage\",\"@id\":\"https:\/\/www.hazmetal.com\/tr\/urunler\/ankraj-dubeller\/\",\"url\":\"https:\/\/www.hazmetal.com\/tr\/urunler\/ankraj-dubeller\/\",\"name\":\"D\u00fcbeller (Ankraj D\u00fcbelleri)\",\"isPartOf\":{\"@id\":\"https:\/\/www.hazmetal.com\/#website\"},\"datePublished\":\"2016-07-29T12:43:17+00:00\",\"dateModified\":\"2022-05-23T22:17:20+00:00\",\"description\":\"Ankraj d\u00fcbelleri, HB01 G\u00f6mlekli D\u00fcbeller HB03 Klipsli D\u00fcbeller HB05 Kovanl\u0131 D\u00fcbeller HB06 \u00c7akma D\u00fcbeller HB07 Kimyasal D\u00fcbel Saplamas\u0131 HB09 Haz S\u00fcper D\u00fcbel\",\"breadcrumb\":{\"@id\":\"https:\/\/www.hazmetal.com\/tr\/urunler\/ankraj-dubeller\/#breadcrumb\"},\"inLanguage\":\"tr\",\"potentialAction\":[{\"@type\":\"ReadAction\",\"target\":[\"https:\/\/www.hazmetal.com\/tr\/urunler\/ankraj-dubeller\/\"]}]},{\"@type\":\"BreadcrumbList\",\"@id\":\"https:\/\/www.hazmetal.com\/tr\/urunler\/ankraj-dubeller\/#breadcrumb\",\"itemListElement\":[{\"@type\":\"ListItem\",\"position\":1,\"name\":\"Home\",\"item\":\"https:\/\/www.hazmetal.com\/tr\/\"},{\"@type\":\"ListItem\",\"position\":2,\"name\":\"Cephe Giydirme Montaj Sistemleri \u00dcr\u00fcn Yelpazesi\",\"item\":\"https:\/\/www.hazmetal.com\/tr\/urunler\/\"},{\"@type\":\"ListItem\",\"position\":3,\"name\":\"D\u00fcbeller (Ankraj D\u00fcbelleri)\"}]},{\"@type\":\"WebSite\",\"@id\":\"https:\/\/www.hazmetal.com\/#website\",\"url\":\"https:\/\/www.hazmetal.com\/\",\"name\":\"Haz Metal Fixing Systems\",\"description\":\"\",\"publisher\":{\"@id\":\"https:\/\/www.hazmetal.com\/#organization\"},\"potentialAction\":[{\"@type\":\"SearchAction\",\"target\":{\"@type\":\"EntryPoint\",\"urlTemplate\":\"https:\/\/www.hazmetal.com\/?s={search_term_string}\"},\"query-input\":\"required name=search_term_string\"}],\"inLanguage\":\"tr\"},{\"@type\":\"Organization\",\"@id\":\"https:\/\/www.hazmetal.com\/#organization\",\"name\":\"Haz Metal Fixing Systems\",\"url\":\"https:\/\/www.hazmetal.com\/\",\"logo\":{\"@type\":\"ImageObject\",\"inLanguage\":\"tr\",\"@id\":\"https:\/\/www.hazmetal.com\/#\/schema\/logo\/image\/\",\"url\":\"https:\/\/www.hazmetal.com\/wp-content\/uploads\/2025\/04\/Haz-logo.jpg.jpeg\",\"contentUrl\":\"https:\/\/www.hazmetal.com\/wp-content\/uploads\/2025\/04\/Haz-logo.jpg.jpeg\",\"width\":227,\"height\":93,\"caption\":\"Haz Metal Fixing Systems\"},\"image\":{\"@id\":\"https:\/\/www.hazmetal.com\/#\/schema\/logo\/image\/\"},\"sameAs\":[\"https:\/\/www.facebook.com\/HazMetal\",\"https:\/\/twitter.com\/HAZMetalFixing\",\"https:\/\/www.linkedin.com\/company\/haz-metal-fixing-systems\",\"https:\/\/www.youtube.com\/user\/hazgroup\"]}]}<\/script>\n<!-- \/ Yoast SEO plugin. -->","yoast_head_json":{"title":"D\u00fcbeller (Ankraj D\u00fcbelleri)","description":"Ankraj d\u00fcbelleri, HB01 G\u00f6mlekli D\u00fcbeller HB03 Klipsli D\u00fcbeller HB05 Kovanl\u0131 D\u00fcbeller HB06 \u00c7akma D\u00fcbeller HB07 Kimyasal D\u00fcbel Saplamas\u0131 HB09 Haz S\u00fcper D\u00fcbel","robots":{"index":"index","follow":"follow","max-snippet":"max-snippet:-1","max-image-preview":"max-image-preview:large","max-video-preview":"max-video-preview:-1"},"canonical":"https:\/\/www.hazmetal.com\/tr\/urunler\/ankraj-dubeller\/","og_locale":"tr_TR","og_type":"article","og_title":"D\u00fcbeller (Ankraj D\u00fcbelleri)","og_description":"Ankraj d\u00fcbelleri, HB01 G\u00f6mlekli D\u00fcbeller HB03 Klipsli D\u00fcbeller HB05 Kovanl\u0131 D\u00fcbeller HB06 \u00c7akma D\u00fcbeller HB07 Kimyasal D\u00fcbel Saplamas\u0131 HB09 Haz S\u00fcper D\u00fcbel","og_url":"https:\/\/www.hazmetal.com\/tr\/urunler\/ankraj-dubeller\/","og_site_name":"Haz Metal Fixing Systems","article_publisher":"https:\/\/www.facebook.com\/HazMetal","article_modified_time":"2022-05-23T22:17:20+00:00","twitter_card":"summary_large_image","twitter_site":"@HAZMetalFixing","twitter_misc":{"Tahmini okuma s\u00fcresi":"4 dakika"},"schema":{"@context":"https:\/\/schema.org","@graph":[{"@type":"WebPage","@id":"https:\/\/www.hazmetal.com\/tr\/urunler\/ankraj-dubeller\/","url":"https:\/\/www.hazmetal.com\/tr\/urunler\/ankraj-dubeller\/","name":"D\u00fcbeller (Ankraj D\u00fcbelleri)","isPartOf":{"@id":"https:\/\/www.hazmetal.com\/#website"},"datePublished":"2016-07-29T12:43:17+00:00","dateModified":"2022-05-23T22:17:20+00:00","description":"Ankraj d\u00fcbelleri, HB01 G\u00f6mlekli D\u00fcbeller HB03 Klipsli D\u00fcbeller HB05 Kovanl\u0131 D\u00fcbeller HB06 \u00c7akma D\u00fcbeller HB07 Kimyasal D\u00fcbel Saplamas\u0131 HB09 Haz S\u00fcper D\u00fcbel","breadcrumb":{"@id":"https:\/\/www.hazmetal.com\/tr\/urunler\/ankraj-dubeller\/#breadcrumb"},"inLanguage":"tr","potentialAction":[{"@type":"ReadAction","target":["https:\/\/www.hazmetal.com\/tr\/urunler\/ankraj-dubeller\/"]}]},{"@type":"BreadcrumbList","@id":"https:\/\/www.hazmetal.com\/tr\/urunler\/ankraj-dubeller\/#breadcrumb","itemListElement":[{"@type":"ListItem","position":1,"name":"Home","item":"https:\/\/www.hazmetal.com\/tr\/"},{"@type":"ListItem","position":2,"name":"Cephe Giydirme Montaj Sistemleri \u00dcr\u00fcn Yelpazesi","item":"https:\/\/www.hazmetal.com\/tr\/urunler\/"},{"@type":"ListItem","position":3,"name":"D\u00fcbeller (Ankraj D\u00fcbelleri)"}]},{"@type":"WebSite","@id":"https:\/\/www.hazmetal.com\/#website","url":"https:\/\/www.hazmetal.com\/","name":"Haz Metal Fixing Systems","description":"","publisher":{"@id":"https:\/\/www.hazmetal.com\/#organization"},"potentialAction":[{"@type":"SearchAction","target":{"@type":"EntryPoint","urlTemplate":"https:\/\/www.hazmetal.com\/?s={search_term_string}"},"query-input":"required name=search_term_string"}],"inLanguage":"tr"},{"@type":"Organization","@id":"https:\/\/www.hazmetal.com\/#organization","name":"Haz Metal Fixing Systems","url":"https:\/\/www.hazmetal.com\/","logo":{"@type":"ImageObject","inLanguage":"tr","@id":"https:\/\/www.hazmetal.com\/#\/schema\/logo\/image\/","url":"https:\/\/www.hazmetal.com\/wp-content\/uploads\/2025\/04\/Haz-logo.jpg.jpeg","contentUrl":"https:\/\/www.hazmetal.com\/wp-content\/uploads\/2025\/04\/Haz-logo.jpg.jpeg","width":227,"height":93,"caption":"Haz Metal Fixing Systems"},"image":{"@id":"https:\/\/www.hazmetal.com\/#\/schema\/logo\/image\/"},"sameAs":["https:\/\/www.facebook.com\/HazMetal","https:\/\/twitter.com\/HAZMetalFixing","https:\/\/www.linkedin.com\/company\/haz-metal-fixing-systems","https:\/\/www.youtube.com\/user\/hazgroup"]}]}},"_links":{"self":[{"href":"https:\/\/www.hazmetal.com\/tr\/wp-json\/wp\/v2\/pages\/1985"}],"collection":[{"href":"https:\/\/www.hazmetal.com\/tr\/wp-json\/wp\/v2\/pages"}],"about":[{"href":"https:\/\/www.hazmetal.com\/tr\/wp-json\/wp\/v2\/types\/page"}],"author":[{"embeddable":true,"href":"https:\/\/www.hazmetal.com\/tr\/wp-json\/wp\/v2\/users\/2031"}],"replies":[{"embeddable":true,"href":"https:\/\/www.hazmetal.com\/tr\/wp-json\/wp\/v2\/comments?post=1985"}],"version-history":[{"count":6,"href":"https:\/\/www.hazmetal.com\/tr\/wp-json\/wp\/v2\/pages\/1985\/revisions"}],"predecessor-version":[{"id":5657,"href":"https:\/\/www.hazmetal.com\/tr\/wp-json\/wp\/v2\/pages\/1985\/revisions\/5657"}],"up":[{"embeddable":true,"href":"https:\/\/www.hazmetal.com\/tr\/wp-json\/wp\/v2\/pages\/1672"}],"wp:attachment":[{"href":"https:\/\/www.hazmetal.com\/tr\/wp-json\/wp\/v2\/media?parent=1985"}],"curies":[{"name":"wp","href":"https:\/\/api.w.org\/{rel}","templated":true}]}}