{"id":1930,"date":"2016-07-29T12:42:17","date_gmt":"2016-07-29T12:42:17","guid":{"rendered":"http:\/\/www.hazmetal.com\/urunler\/framing-systems\/"},"modified":"2022-05-23T22:16:40","modified_gmt":"2022-05-23T22:16:40","slug":"ray-destek-sistemleri","status":"publish","type":"page","link":"https:\/\/www.hazmetal.com\/tr\/urunler\/ray-destek-sistemleri\/","title":{"rendered":"Ray Destek Sistemleri"},"content":{"rendered":"<p><img decoding=\"async\" src=\"\/wp-content\/uploads\/2016\/07\/framing-systems-gallery-4.jpg\" alt=\"\" \/><br \/>\ncenter<\/p>\n<p><img decoding=\"async\" src=\"\/wp-content\/uploads\/2016\/07\/framing-systems-gallery-5.jpg\" alt=\"\" \/><br \/>\ncenter<\/p>\n<p>default<br \/>\ndefault<br \/>\n#1e73be<\/p>\n<p>HMP Profilli ve \u00e7e\u015fitli aksesuarlar\u0131 olan ray sistemleri, \u00e7e\u015fitli tip alt yap\u0131lar\u0131n montaj\u0131nda kullan\u0131lmaya y\u00f6nerlik \u00e7elik yap\u0131lar\u0131n in\u015fas\u0131nda kullan\u0131l\u0131r. Etkin mod\u00fcler destek yap\u0131lar\u0131 kolayca in\u015fa edilir. Esnek ve d\u00fc\u015f\u00fck maliyetli uygulama elde edilir.<\/p>\n<p>Ray sistemleri, in\u015faat alan\u0131nda \u00e7e\u015fitli t\u00fcrdeki uygulamalara y\u00f6nelik sekonder yap\u0131lar\u0131n in\u015fas\u0131 i\u00e7in uygun T civatalar ve emniyet somunlar\u0131yla birlikte temin ediklen, so\u011fuk \u015fekillendirilmi\u015f \u00e7elik ve paslanmaz \u00e7elik profillerden olu\u015fur.<\/p>\n<p>Herhangi t\u00fcrde bir elenman\u0131n sabiitleme i\u015flemi T civatalar ve emniyet somunlar\u0131 ile ger\u00e7ekle\u015ftirilir. Civatalama i\u015flemi profillerin uzunlu\u011fu boyunca istenen konumda serbest\u00e7e yap\u0131labilir. Kullan\u0131m alanlar\u0131ndan baz\u0131lar\u0131 boru ve kanal montaj\u0131, makine kurulumlar\u0131, mekanik ve elektrik kurulumlar\u0131d\u0131r. Ray sistemlerinin kullan\u0131m\u0131 i\u015flem yerinde delme ve kaynak i\u015flerini ortadan kald\u0131r\u0131r ve dolay\u0131s\u0131yla in\u015faat i\u015flerinin g\u00fcvenli ve h\u0131zl\u0131 bi\u00e7imde ba\u015flamas\u0131na imkan verir.<\/p>\n<p>Profiller ya badem delikli yada yuvarlak delikli olarak temin edilir. Galvanizli \u00e7elik ve paslanmaz se\u00e7enekleri mevcuttur.<br \/>\njustify<br \/>\n#eeeeee<br \/>\nno-repeat;center top;;<br \/>\nauto<br \/>\n20px<\/p>\n<p><img decoding=\"async\" src=\"\/wp-content\/uploads\/2016\/07\/framing-systems-gallery-1.jpg\" alt=\"\" \/><br \/>\ncenter<\/p>\n<p>HMPB C Profil<br \/>\njustify<br \/>\nno-repeat;center top;;<br \/>\nauto<br \/>\n0px<br \/>\ncolor:#d02128;<\/p>\n<p><img decoding=\"async\" src=\"\/wp-content\/uploads\/2016\/07\/framing-systems-7.jpg\" alt=\"\" \/><br \/>\ncenter<\/p>\n<p>HMPC C Profil<br \/>\njustify<br \/>\nno-repeat;center top;;<br \/>\nauto<br \/>\n0px<br \/>\ncolor:#d02128;<\/p>\n<p><img decoding=\"async\" src=\"\/wp-content\/uploads\/2016\/07\/framing-systems-8.jpg\" alt=\"\" \/><br \/>\ncenter<\/p>\n<p>HMPD C Profil<br \/>\njustify<br \/>\nno-repeat;center top;;<br \/>\nauto<br \/>\n0px<br \/>\ncolor:#d02128;<\/p>\n<p><img decoding=\"async\" src=\"\/wp-content\/uploads\/2016\/07\/framing-systems-9.jpg\" alt=\"\" \/><br \/>\ncenter<\/p>\n<p>HMPA U Profil HMPL L Profil<br \/>\njustify<br \/>\nno-repeat;center top;;<br \/>\nauto<br \/>\n0px<br \/>\ncolor:#d02128;<\/p>\n<p><img decoding=\"async\" src=\"\/wp-content\/uploads\/2016\/07\/framing-systems-10.jpg\" alt=\"\" \/><br \/>\ncenter<\/p>\n<p>1<div class=\"image_frame image_item no_link scale-with-grid alignnone no_border\" ><div class=\"image_wrapper \"><img class=\"scale-with-grid\" src=\"\" alt=\"\" title=\"\" width=\"\" height=\"\" style=\"\"\/><\/div><\/div>\n<br \/>\ncenter<br \/>\nno-repeat;center top;;<br \/>\nauto<br \/>\n20px<\/p>\n<p>2<div class=\"image_frame image_item no_link scale-with-grid alignnone no_border\" ><div class=\"image_wrapper \"><img class=\"scale-with-grid\" src=\"\" alt=\"\" title=\"\" width=\"\" height=\"\" style=\"\"\/><\/div><\/div>\n<br \/>\nleft<br \/>\nno-repeat;center top;;<br \/>\nauto<br \/>\n20px<\/p>\n<p>3<div class=\"image_frame image_item no_link scale-with-grid alignnone no_border\" ><div class=\"image_wrapper \"><img class=\"scale-with-grid\" src=\"\" alt=\"\" title=\"\" width=\"\" height=\"\" style=\"\"\/><\/div><\/div>\n<br \/>\nleft<br \/>\nno-repeat;center top;;<br \/>\nauto<br \/>\n20px<\/p>\n<p>4<div class=\"image_frame image_item no_link scale-with-grid alignnone no_border\" ><div class=\"image_wrapper \"><img class=\"scale-with-grid\" src=\"\" alt=\"\" title=\"\" width=\"\" height=\"\" style=\"\"\/><\/div><\/div>\n<br \/>\nleft<br \/>\nno-repeat;center top;;<br \/>\nauto<br \/>\n0px<\/p>\n<p>5<div class=\"image_frame image_item no_link scale-with-grid alignnone no_border\" ><div class=\"image_wrapper \"><img class=\"scale-with-grid\" src=\"\" alt=\"\" title=\"\" width=\"\" height=\"\" style=\"\"\/><\/div><\/div>\n<br \/>\nleft<br \/>\nno-repeat;center top;;<br \/>\nauto<br \/>\n0px<\/p>\n<p>a. HMPC Profil<\/p>\n<p>b. HMLN Kilit Somun<\/p>\n<p>c. HCC Profil Ba\u011flant\u0131s\u0131<\/p>\n<p>d. DIN 933 Civata<br \/>\njustify<br \/>\nno-repeat;center top;;<br \/>\nauto<\/p>\n<p><img decoding=\"async\" src=\"\/wp-content\/uploads\/2016\/07\/framing-systems-6.jpg\" alt=\"\" \/><br \/>\n158<br \/>\ncenter<\/p>\n","protected":false},"excerpt":{"rendered":"<p>center center default default #1e73be HMP Profilli ve \u00e7e\u015fitli aksesuarlar\u0131 olan ray sistemleri, \u00e7e\u015fitli tip alt yap\u0131lar\u0131n montaj\u0131nda kullan\u0131lmaya y\u00f6nerlik \u00e7elik yap\u0131lar\u0131n in\u015fas\u0131nda kullan\u0131l\u0131r. Etkin mod\u00fcler<span class=\"excerpt-hellip\"> [\u2026]<\/span><\/p>\n","protected":false},"author":391,"featured_media":0,"parent":1672,"menu_order":0,"comment_status":"closed","ping_status":"closed","template":"","meta":{"om_disable_all_campaigns":false,"_uf_show_specific_survey":0,"_uf_disable_surveys":false},"yoast_head":"<!-- This site is optimized with the Yoast SEO plugin v21.5 - https:\/\/yoast.com\/wordpress\/plugins\/seo\/ -->\n<title>Ray Destek Sistemleri<\/title>\n<meta name=\"description\" content=\"center center default default #1e73be HMP Profilli ve \u00e7e\u015fitli aksesuarlar\u0131 olan ray sistemleri, \u00e7e\u015fitli tip alt yap\u0131lar\u0131n montaj\u0131nda kullan\u0131lmaya y\u00f6nerlik\" \/>\n<meta name=\"robots\" content=\"index, follow, max-snippet:-1, max-image-preview:large, max-video-preview:-1\" \/>\n<link rel=\"canonical\" href=\"https:\/\/www.hazmetal.com\/tr\/urunler\/ray-destek-sistemleri\/\" \/>\n<meta property=\"og:locale\" content=\"tr_TR\" \/>\n<meta property=\"og:type\" content=\"article\" \/>\n<meta property=\"og:title\" content=\"Ray Destek Sistemleri\" \/>\n<meta property=\"og:description\" content=\"center center default default #1e73be HMP Profilli ve \u00e7e\u015fitli aksesuarlar\u0131 olan ray sistemleri, \u00e7e\u015fitli tip alt yap\u0131lar\u0131n montaj\u0131nda kullan\u0131lmaya y\u00f6nerlik\" \/>\n<meta property=\"og:url\" content=\"https:\/\/www.hazmetal.com\/tr\/urunler\/ray-destek-sistemleri\/\" \/>\n<meta property=\"og:site_name\" content=\"Haz Metal Fixing Systems\" \/>\n<meta property=\"article:publisher\" content=\"https:\/\/www.facebook.com\/HazMetal\" \/>\n<meta property=\"article:modified_time\" content=\"2022-05-23T22:16:40+00:00\" \/>\n<meta name=\"twitter:card\" content=\"summary_large_image\" \/>\n<meta name=\"twitter:site\" content=\"@HAZMetalFixing\" \/>\n<meta name=\"twitter:label1\" content=\"Tahmini okuma s\u00fcresi\" \/>\n\t<meta name=\"twitter:data1\" content=\"2 dakika\" \/>\n<script type=\"application\/ld+json\" class=\"yoast-schema-graph\">{\"@context\":\"https:\/\/schema.org\",\"@graph\":[{\"@type\":\"WebPage\",\"@id\":\"https:\/\/www.hazmetal.com\/tr\/urunler\/ray-destek-sistemleri\/\",\"url\":\"https:\/\/www.hazmetal.com\/tr\/urunler\/ray-destek-sistemleri\/\",\"name\":\"Ray Destek Sistemleri\",\"isPartOf\":{\"@id\":\"https:\/\/www.hazmetal.com\/#website\"},\"datePublished\":\"2016-07-29T12:42:17+00:00\",\"dateModified\":\"2022-05-23T22:16:40+00:00\",\"description\":\"center center default default #1e73be HMP Profilli ve \u00e7e\u015fitli aksesuarlar\u0131 olan ray sistemleri, \u00e7e\u015fitli tip alt yap\u0131lar\u0131n montaj\u0131nda kullan\u0131lmaya y\u00f6nerlik\",\"breadcrumb\":{\"@id\":\"https:\/\/www.hazmetal.com\/tr\/urunler\/ray-destek-sistemleri\/#breadcrumb\"},\"inLanguage\":\"tr\",\"potentialAction\":[{\"@type\":\"ReadAction\",\"target\":[\"https:\/\/www.hazmetal.com\/tr\/urunler\/ray-destek-sistemleri\/\"]}]},{\"@type\":\"BreadcrumbList\",\"@id\":\"https:\/\/www.hazmetal.com\/tr\/urunler\/ray-destek-sistemleri\/#breadcrumb\",\"itemListElement\":[{\"@type\":\"ListItem\",\"position\":1,\"name\":\"Home\",\"item\":\"https:\/\/www.hazmetal.com\/tr\/\"},{\"@type\":\"ListItem\",\"position\":2,\"name\":\"Cephe Giydirme Montaj Sistemleri \u00dcr\u00fcn Yelpazesi\",\"item\":\"https:\/\/www.hazmetal.com\/tr\/urunler\/\"},{\"@type\":\"ListItem\",\"position\":3,\"name\":\"Ray Destek Sistemleri\"}]},{\"@type\":\"WebSite\",\"@id\":\"https:\/\/www.hazmetal.com\/#website\",\"url\":\"https:\/\/www.hazmetal.com\/\",\"name\":\"Haz Metal Fixing Systems\",\"description\":\"\",\"publisher\":{\"@id\":\"https:\/\/www.hazmetal.com\/#organization\"},\"potentialAction\":[{\"@type\":\"SearchAction\",\"target\":{\"@type\":\"EntryPoint\",\"urlTemplate\":\"https:\/\/www.hazmetal.com\/?s={search_term_string}\"},\"query-input\":\"required name=search_term_string\"}],\"inLanguage\":\"tr\"},{\"@type\":\"Organization\",\"@id\":\"https:\/\/www.hazmetal.com\/#organization\",\"name\":\"Haz Metal Fixing Systems\",\"url\":\"https:\/\/www.hazmetal.com\/\",\"logo\":{\"@type\":\"ImageObject\",\"inLanguage\":\"tr\",\"@id\":\"https:\/\/www.hazmetal.com\/#\/schema\/logo\/image\/\",\"url\":\"https:\/\/www.hazmetal.com\/wp-content\/uploads\/2025\/04\/Haz-logo.jpg.jpeg\",\"contentUrl\":\"https:\/\/www.hazmetal.com\/wp-content\/uploads\/2025\/04\/Haz-logo.jpg.jpeg\",\"width\":227,\"height\":93,\"caption\":\"Haz Metal Fixing Systems\"},\"image\":{\"@id\":\"https:\/\/www.hazmetal.com\/#\/schema\/logo\/image\/\"},\"sameAs\":[\"https:\/\/www.facebook.com\/HazMetal\",\"https:\/\/twitter.com\/HAZMetalFixing\",\"https:\/\/www.linkedin.com\/company\/haz-metal-fixing-systems\",\"https:\/\/www.youtube.com\/user\/hazgroup\"]}]}<\/script>\n<!-- \/ Yoast SEO plugin. -->","yoast_head_json":{"title":"Ray Destek Sistemleri","description":"center center default default #1e73be HMP Profilli ve \u00e7e\u015fitli aksesuarlar\u0131 olan ray sistemleri, \u00e7e\u015fitli tip alt yap\u0131lar\u0131n montaj\u0131nda kullan\u0131lmaya y\u00f6nerlik","robots":{"index":"index","follow":"follow","max-snippet":"max-snippet:-1","max-image-preview":"max-image-preview:large","max-video-preview":"max-video-preview:-1"},"canonical":"https:\/\/www.hazmetal.com\/tr\/urunler\/ray-destek-sistemleri\/","og_locale":"tr_TR","og_type":"article","og_title":"Ray Destek Sistemleri","og_description":"center center default default #1e73be HMP Profilli ve \u00e7e\u015fitli aksesuarlar\u0131 olan ray sistemleri, \u00e7e\u015fitli tip alt yap\u0131lar\u0131n montaj\u0131nda kullan\u0131lmaya y\u00f6nerlik","og_url":"https:\/\/www.hazmetal.com\/tr\/urunler\/ray-destek-sistemleri\/","og_site_name":"Haz Metal Fixing Systems","article_publisher":"https:\/\/www.facebook.com\/HazMetal","article_modified_time":"2022-05-23T22:16:40+00:00","twitter_card":"summary_large_image","twitter_site":"@HAZMetalFixing","twitter_misc":{"Tahmini okuma s\u00fcresi":"2 dakika"},"schema":{"@context":"https:\/\/schema.org","@graph":[{"@type":"WebPage","@id":"https:\/\/www.hazmetal.com\/tr\/urunler\/ray-destek-sistemleri\/","url":"https:\/\/www.hazmetal.com\/tr\/urunler\/ray-destek-sistemleri\/","name":"Ray Destek Sistemleri","isPartOf":{"@id":"https:\/\/www.hazmetal.com\/#website"},"datePublished":"2016-07-29T12:42:17+00:00","dateModified":"2022-05-23T22:16:40+00:00","description":"center center default default #1e73be HMP Profilli ve \u00e7e\u015fitli aksesuarlar\u0131 olan ray sistemleri, \u00e7e\u015fitli tip alt yap\u0131lar\u0131n montaj\u0131nda kullan\u0131lmaya y\u00f6nerlik","breadcrumb":{"@id":"https:\/\/www.hazmetal.com\/tr\/urunler\/ray-destek-sistemleri\/#breadcrumb"},"inLanguage":"tr","potentialAction":[{"@type":"ReadAction","target":["https:\/\/www.hazmetal.com\/tr\/urunler\/ray-destek-sistemleri\/"]}]},{"@type":"BreadcrumbList","@id":"https:\/\/www.hazmetal.com\/tr\/urunler\/ray-destek-sistemleri\/#breadcrumb","itemListElement":[{"@type":"ListItem","position":1,"name":"Home","item":"https:\/\/www.hazmetal.com\/tr\/"},{"@type":"ListItem","position":2,"name":"Cephe Giydirme Montaj Sistemleri \u00dcr\u00fcn Yelpazesi","item":"https:\/\/www.hazmetal.com\/tr\/urunler\/"},{"@type":"ListItem","position":3,"name":"Ray Destek Sistemleri"}]},{"@type":"WebSite","@id":"https:\/\/www.hazmetal.com\/#website","url":"https:\/\/www.hazmetal.com\/","name":"Haz Metal Fixing Systems","description":"","publisher":{"@id":"https:\/\/www.hazmetal.com\/#organization"},"potentialAction":[{"@type":"SearchAction","target":{"@type":"EntryPoint","urlTemplate":"https:\/\/www.hazmetal.com\/?s={search_term_string}"},"query-input":"required name=search_term_string"}],"inLanguage":"tr"},{"@type":"Organization","@id":"https:\/\/www.hazmetal.com\/#organization","name":"Haz Metal Fixing Systems","url":"https:\/\/www.hazmetal.com\/","logo":{"@type":"ImageObject","inLanguage":"tr","@id":"https:\/\/www.hazmetal.com\/#\/schema\/logo\/image\/","url":"https:\/\/www.hazmetal.com\/wp-content\/uploads\/2025\/04\/Haz-logo.jpg.jpeg","contentUrl":"https:\/\/www.hazmetal.com\/wp-content\/uploads\/2025\/04\/Haz-logo.jpg.jpeg","width":227,"height":93,"caption":"Haz Metal Fixing Systems"},"image":{"@id":"https:\/\/www.hazmetal.com\/#\/schema\/logo\/image\/"},"sameAs":["https:\/\/www.facebook.com\/HazMetal","https:\/\/twitter.com\/HAZMetalFixing","https:\/\/www.linkedin.com\/company\/haz-metal-fixing-systems","https:\/\/www.youtube.com\/user\/hazgroup"]}]}},"_links":{"self":[{"href":"https:\/\/www.hazmetal.com\/tr\/wp-json\/wp\/v2\/pages\/1930"}],"collection":[{"href":"https:\/\/www.hazmetal.com\/tr\/wp-json\/wp\/v2\/pages"}],"about":[{"href":"https:\/\/www.hazmetal.com\/tr\/wp-json\/wp\/v2\/types\/page"}],"author":[{"embeddable":true,"href":"https:\/\/www.hazmetal.com\/tr\/wp-json\/wp\/v2\/users\/391"}],"replies":[{"embeddable":true,"href":"https:\/\/www.hazmetal.com\/tr\/wp-json\/wp\/v2\/comments?post=1930"}],"version-history":[{"count":4,"href":"https:\/\/www.hazmetal.com\/tr\/wp-json\/wp\/v2\/pages\/1930\/revisions"}],"predecessor-version":[{"id":5656,"href":"https:\/\/www.hazmetal.com\/tr\/wp-json\/wp\/v2\/pages\/1930\/revisions\/5656"}],"up":[{"embeddable":true,"href":"https:\/\/www.hazmetal.com\/tr\/wp-json\/wp\/v2\/pages\/1672"}],"wp:attachment":[{"href":"https:\/\/www.hazmetal.com\/tr\/wp-json\/wp\/v2\/media?parent=1930"}],"curies":[{"name":"wp","href":"https:\/\/api.w.org\/{rel}","templated":true}]}}