{"id":1854,"date":"2016-07-29T12:41:20","date_gmt":"2016-07-29T12:41:20","guid":{"rendered":"http:\/\/www.hazmetal.com\/urunler\/cast-in-channels-systems\/"},"modified":"2022-05-23T22:11:35","modified_gmt":"2022-05-23T22:11:35","slug":"prekast-profil-sistemleri","status":"publish","type":"page","link":"https:\/\/www.hazmetal.com\/tr\/urunler\/prekast-profil-sistemleri\/","title":{"rendered":"Prekast Profilleri"},"content":{"rendered":"<p>HMPR-CE prekast profil sistemleri, beton duvarlar\u0131n i\u00e7inde g\u00f6m\u00fcl\u00fc ba\u011flant\u0131 noktalar\u0131 sa\u011flayan, saplamal\u0131 \u00e7elik profillerdir. Beton yap\u0131lara h\u0131zl\u0131 ve kolay ba\u011flant\u0131 olanaklar\u0131 sa\u011flayan prekast profil sistemleri, y\u00fcklerin beton yap\u0131ya g\u00fcvenli \u015fekilde transferini sa\u011flar.<\/p>\n<p>Prekast profil sistemlerine h\u0131zl\u0131 ve kolay ba\u011flant\u0131 yap\u0131lmas\u0131 i\u00e7in, her profil tipine uyum sa\u011flayacak \u00f6l\u00e7\u00fclerde, HTP T ba\u015fl\u0131 c\u0131vatalar ve HMLN kilit somunlar\u0131 kullan\u0131lmaktad\u0131r. Bu sistem, in\u015faat alan\u0131ndaki bir \u00e7ok uygulamalarda kullan\u0131labilir.<\/p>\n<p>HMPR-CE prekast profil sistemlerinin \u00f6zellikleri<\/p>\n<p>HMPR-CE prekast profilleri, CEN \/ TS 1992-4-3 Avrupa Birli\u011fi \u0130n\u015faat Standartlar\u0131 tasar\u0131m \u015fartnamesine uygun \u015fekilde geli\u015ftirilmi\u015ftir ve test edilmi\u015ftir.<\/p>\n<p>HMPR-CE prekast profilleri, kullan\u0131c\u0131ya d\u00fc\u015f\u00fck kenar mesafelerinde \u00e7al\u0131\u015f\u0131lmas\u0131na imkan sa\u011flam\u0131\u015ft\u0131r.<\/p>\n<p>Daha y\u00fcksek beton kalitesi ile, kesme y\u00fck uygulamalar\u0131nda, diren\u00e7 y\u00fck de\u011ferleri art\u0131r\u0131lm\u0131\u015ft\u0131r.<\/p>\n<p>Uygulama alan\u0131na ek donan\u0131m yerle\u015fimi ile kesme ve \u00e7ekme diren\u00e7 y\u00fckleri art\u0131r\u0131lm\u0131\u015ft\u0131r.<\/p>\n<p><img decoding=\"async\" src=\"\/wp-content\/uploads\/2016\/12\/ce-logo.png\" alt=\"\" \/> ETA &#8211; 13\/0399 &amp; DIBT Z-21.4-2038<\/p>\n<p>HMPR-CE prekast profil sistemleri i\u00e7in ETA &#8211; 13\/0399 Avrupa teknik onay belgesi, 2013 senesinde, Alman \u0130n\u015faat teknolojisi Enstit\u00fcs\u00fc taraf\u0131ndan tastik edilmi\u015ftir.<\/p>\n<p>Bu belge b\u00fct\u00fcn Avrupa \u00fclklerinde ge\u00e7erlidir. HMPR-CE profillerin tip ve \u00f6l\u00e7\u00fcleri, CEN\/TS 1992-4-3 \\&#8221;Design of fastenings for use in concrete &#8211; Anchor Channels\\&#8221; standard\u0131na uygun olarak belirlenmi\u015f ve \u00fcretilmi\u015ftir.<br \/>\njustify<br \/>\n#eeeeee<br \/>\nno-repeat;center top;;<br \/>\nauto<br \/>\n20px<\/p>\n<p><img decoding=\"async\" src=\"\/wp-content\/uploads\/2016\/12\/cast-in-channels-systems-1.jpg\" alt=\"\" \/><br \/>\ncenter<br \/>\nprekast profil sistemleri<\/p>\n<h6>Profil Sistemlerin Avantajlar\u0131<\/h6>\n<p>Uygulama yerinde delme i\u015flemi yoktur<\/p>\n<p>H\u0131zl\u0131 ve kolay sabitleme<\/p>\n<p>Betona zarar vermeden sab\u0131tleme<\/p>\n<p>Ayarlanabilir ve esnek<\/p>\n<p>Beton kenarlar\u0131nda emniyetli montaj<\/p>\n<p>Y\u00fcksek y\u00fck kapasitesi<\/p>\n<p>Elektrikli aletler olmadan sabitleme<\/p>\n<p>no-repeat;center top;;<br \/>\nauto<\/p>\n<h6><\/h6>\n<p>Emniyetli ve g\u00fcvenli montaj<\/p>\n<p>Cepheye toz partik\u00fclleri d\u00fc\u015fmez<\/p>\n<p>Elektripe ihtiya\u00e7 yoktur<\/p>\n<p>T civatalar ve kilit sonumlar\u0131 \u015fle kolay montaj<\/p>\n<p>Yap\u0131 toleranslar\u0131n\u0131n kar\u015f\u0131lanmas\u0131<\/p>\n<p>Fikst\u00fcrler s\u00f6k\u00fcl\u00fcp ba\u015fka ba\u011flant\u0131lar yap\u0131labilir<\/p>\n<p>no-repeat;center top;;<br \/>\nauto<\/p>\n<h6>Precast Profiller ile cephe giydirme uygulamasi<\/h6>\n<p>left<br \/>\nno-repeat;center top;;<br \/>\nauto<\/p>\n<p><img decoding=\"async\" src=\"\/wp-content\/uploads\/2016\/12\/cast-in-channels-systems-2.jpg\" alt=\"\" \/><br \/>\ncenter<br \/>\n*Giydirme cephe uygulamalar\u0131<\/p>\n<p><img decoding=\"async\" src=\"\/wp-content\/uploads\/2016\/12\/cast-in-channels-systems-4.jpg\" alt=\"\" \/><br \/>\ncenter<br \/>\n*Beton yap\u0131lara \u00e7e\u015fitli montajlar<\/p>\n<p>Cephe giydirme uygulama montaj i\u015flerinde, prekast profillerin<\/p>\n<p>kullan\u0131m\u0131 \u00e7ok yayg\u0131nd\u0131r. Cam yada do\u011fal ta\u015f malzemeleri ile,<\/p>\n<p>al\u00fcminyum profil \u00e7er\u00e7eveli prefabrike panel sistemi<\/p>\n<p>olu\u015fturulmaktad\u0131r. Bu paneller beton duvarlara g\u00f6m\u00fclm\u00fc\u015f<\/p>\n<p>prekast profillere T civatalar ve \u00f6zel ta\u015f\u0131y\u0131c\u0131 konsollar ile h\u0131zl\u0131 ve<\/p>\n<p>g\u00fcvenli bir \u015fekilde sabitlenir.<br \/>\nno-repeat;left top;;<br \/>\nauto<\/p>\n<p>Prekast profilleri, beton duvarlara yap\u0131lan uygulamalar i\u00e7in geni\u015f bir<\/p>\n<p>kullan\u0131m alan\u0131na sahiptir. Mekanik tesisat, havaland\u0131rma kanal\u0131 ve<\/p>\n<p>elektrik tesisat\u0131 montaj\u0131 i\u00e7in prekast profilleri tercih edilen bir<\/p>\n<p>sistemdir. Prekast profiller ile yap\u0131lan montaj i\u015flerinde zamandan<\/p>\n<p>tasarruf sa\u011flan\u0131r, kaliteli ve g\u00fcvenli montajlar\u0131n yap\u0131lmas\u0131na imkan verir.<br \/>\nno-repeat;left top;;<br \/>\nauto<\/p>\n<p>default<br \/>\ndefault<\/p>\n<p><img decoding=\"async\" src=\"\/wp-content\/uploads\/2016\/12\/cast-in-channels-systems-3.jpg\" alt=\"\" \/><br \/>\ncenter<br \/>\n*Tu\u011fla cephe uygulamalar\u0131<\/p>\n<p><img decoding=\"async\" src=\"\/wp-content\/uploads\/2016\/12\/cast-in-channels-systems-5.jpg\" alt=\"\" \/><br \/>\ncenter<br \/>\n*Prefabrik beton yap\u0131lar\u0131n ba\u011flant\u0131lar\u0131<\/p>\n","protected":false},"excerpt":{"rendered":"<p>HMPR-CE prekast profil sistemleri, beton duvarlar\u0131n i\u00e7inde g\u00f6m\u00fcl\u00fc ba\u011flant\u0131 noktalar\u0131 sa\u011flayan, saplamal\u0131 \u00e7elik profillerdir. Beton yap\u0131lara h\u0131zl\u0131 ve kolay ba\u011flant\u0131 olanaklar\u0131 sa\u011flayan prekast profil sistemleri, y\u00fcklerin<span class=\"excerpt-hellip\"> [\u2026]<\/span><\/p>\n","protected":false},"author":2031,"featured_media":0,"parent":1672,"menu_order":0,"comment_status":"closed","ping_status":"closed","template":"","meta":{"om_disable_all_campaigns":false,"_uf_show_specific_survey":0,"_uf_disable_surveys":false},"yoast_head":"<!-- This site is optimized with the Yoast SEO plugin v21.5 - https:\/\/yoast.com\/wordpress\/plugins\/seo\/ -->\n<title>Prekast Profilleri<\/title>\n<meta name=\"description\" content=\"Prekast Profil Sistemleri | Haz Metal Fixing Systems\" \/>\n<meta name=\"robots\" content=\"index, follow, max-snippet:-1, max-image-preview:large, max-video-preview:-1\" \/>\n<link rel=\"canonical\" href=\"https:\/\/www.hazmetal.com\/tr\/urunler\/prekast-profil-sistemleri\/\" \/>\n<meta property=\"og:locale\" content=\"tr_TR\" \/>\n<meta property=\"og:type\" content=\"article\" \/>\n<meta property=\"og:title\" content=\"Prekast Profilleri\" \/>\n<meta property=\"og:description\" content=\"Prekast Profil Sistemleri | Haz Metal Fixing Systems\" \/>\n<meta property=\"og:url\" content=\"https:\/\/www.hazmetal.com\/tr\/urunler\/prekast-profil-sistemleri\/\" \/>\n<meta property=\"og:site_name\" content=\"Haz Metal Fixing Systems\" \/>\n<meta property=\"article:publisher\" content=\"https:\/\/www.facebook.com\/HazMetal\" \/>\n<meta property=\"article:modified_time\" content=\"2022-05-23T22:11:35+00:00\" \/>\n<meta name=\"twitter:card\" content=\"summary_large_image\" \/>\n<meta name=\"twitter:site\" content=\"@HAZMetalFixing\" \/>\n<meta name=\"twitter:label1\" content=\"Tahmini okuma s\u00fcresi\" \/>\n\t<meta name=\"twitter:data1\" content=\"3 dakika\" \/>\n<script type=\"application\/ld+json\" class=\"yoast-schema-graph\">{\"@context\":\"https:\/\/schema.org\",\"@graph\":[{\"@type\":\"WebPage\",\"@id\":\"https:\/\/www.hazmetal.com\/tr\/urunler\/prekast-profil-sistemleri\/\",\"url\":\"https:\/\/www.hazmetal.com\/tr\/urunler\/prekast-profil-sistemleri\/\",\"name\":\"Prekast Profilleri\",\"isPartOf\":{\"@id\":\"https:\/\/www.hazmetal.com\/#website\"},\"datePublished\":\"2016-07-29T12:41:20+00:00\",\"dateModified\":\"2022-05-23T22:11:35+00:00\",\"description\":\"Prekast Profil Sistemleri | Haz Metal Fixing Systems\",\"breadcrumb\":{\"@id\":\"https:\/\/www.hazmetal.com\/tr\/urunler\/prekast-profil-sistemleri\/#breadcrumb\"},\"inLanguage\":\"tr\",\"potentialAction\":[{\"@type\":\"ReadAction\",\"target\":[\"https:\/\/www.hazmetal.com\/tr\/urunler\/prekast-profil-sistemleri\/\"]}]},{\"@type\":\"BreadcrumbList\",\"@id\":\"https:\/\/www.hazmetal.com\/tr\/urunler\/prekast-profil-sistemleri\/#breadcrumb\",\"itemListElement\":[{\"@type\":\"ListItem\",\"position\":1,\"name\":\"Home\",\"item\":\"https:\/\/www.hazmetal.com\/tr\/\"},{\"@type\":\"ListItem\",\"position\":2,\"name\":\"Cephe Giydirme Montaj Sistemleri \u00dcr\u00fcn Yelpazesi\",\"item\":\"https:\/\/www.hazmetal.com\/tr\/urunler\/\"},{\"@type\":\"ListItem\",\"position\":3,\"name\":\"Prekast Profilleri\"}]},{\"@type\":\"WebSite\",\"@id\":\"https:\/\/www.hazmetal.com\/#website\",\"url\":\"https:\/\/www.hazmetal.com\/\",\"name\":\"Haz Metal Fixing Systems\",\"description\":\"\",\"publisher\":{\"@id\":\"https:\/\/www.hazmetal.com\/#organization\"},\"potentialAction\":[{\"@type\":\"SearchAction\",\"target\":{\"@type\":\"EntryPoint\",\"urlTemplate\":\"https:\/\/www.hazmetal.com\/?s={search_term_string}\"},\"query-input\":\"required name=search_term_string\"}],\"inLanguage\":\"tr\"},{\"@type\":\"Organization\",\"@id\":\"https:\/\/www.hazmetal.com\/#organization\",\"name\":\"Haz Metal Fixing Systems\",\"url\":\"https:\/\/www.hazmetal.com\/\",\"logo\":{\"@type\":\"ImageObject\",\"inLanguage\":\"tr\",\"@id\":\"https:\/\/www.hazmetal.com\/#\/schema\/logo\/image\/\",\"url\":\"https:\/\/www.hazmetal.com\/wp-content\/uploads\/2025\/04\/Haz-logo.jpg.jpeg\",\"contentUrl\":\"https:\/\/www.hazmetal.com\/wp-content\/uploads\/2025\/04\/Haz-logo.jpg.jpeg\",\"width\":227,\"height\":93,\"caption\":\"Haz Metal Fixing Systems\"},\"image\":{\"@id\":\"https:\/\/www.hazmetal.com\/#\/schema\/logo\/image\/\"},\"sameAs\":[\"https:\/\/www.facebook.com\/HazMetal\",\"https:\/\/twitter.com\/HAZMetalFixing\",\"https:\/\/www.linkedin.com\/company\/haz-metal-fixing-systems\",\"https:\/\/www.youtube.com\/user\/hazgroup\"]}]}<\/script>\n<!-- \/ Yoast SEO plugin. -->","yoast_head_json":{"title":"Prekast Profilleri","description":"Prekast Profil Sistemleri | Haz Metal Fixing Systems","robots":{"index":"index","follow":"follow","max-snippet":"max-snippet:-1","max-image-preview":"max-image-preview:large","max-video-preview":"max-video-preview:-1"},"canonical":"https:\/\/www.hazmetal.com\/tr\/urunler\/prekast-profil-sistemleri\/","og_locale":"tr_TR","og_type":"article","og_title":"Prekast Profilleri","og_description":"Prekast Profil Sistemleri | Haz Metal Fixing Systems","og_url":"https:\/\/www.hazmetal.com\/tr\/urunler\/prekast-profil-sistemleri\/","og_site_name":"Haz Metal Fixing Systems","article_publisher":"https:\/\/www.facebook.com\/HazMetal","article_modified_time":"2022-05-23T22:11:35+00:00","twitter_card":"summary_large_image","twitter_site":"@HAZMetalFixing","twitter_misc":{"Tahmini okuma s\u00fcresi":"3 dakika"},"schema":{"@context":"https:\/\/schema.org","@graph":[{"@type":"WebPage","@id":"https:\/\/www.hazmetal.com\/tr\/urunler\/prekast-profil-sistemleri\/","url":"https:\/\/www.hazmetal.com\/tr\/urunler\/prekast-profil-sistemleri\/","name":"Prekast Profilleri","isPartOf":{"@id":"https:\/\/www.hazmetal.com\/#website"},"datePublished":"2016-07-29T12:41:20+00:00","dateModified":"2022-05-23T22:11:35+00:00","description":"Prekast Profil Sistemleri | Haz Metal Fixing Systems","breadcrumb":{"@id":"https:\/\/www.hazmetal.com\/tr\/urunler\/prekast-profil-sistemleri\/#breadcrumb"},"inLanguage":"tr","potentialAction":[{"@type":"ReadAction","target":["https:\/\/www.hazmetal.com\/tr\/urunler\/prekast-profil-sistemleri\/"]}]},{"@type":"BreadcrumbList","@id":"https:\/\/www.hazmetal.com\/tr\/urunler\/prekast-profil-sistemleri\/#breadcrumb","itemListElement":[{"@type":"ListItem","position":1,"name":"Home","item":"https:\/\/www.hazmetal.com\/tr\/"},{"@type":"ListItem","position":2,"name":"Cephe Giydirme Montaj Sistemleri \u00dcr\u00fcn Yelpazesi","item":"https:\/\/www.hazmetal.com\/tr\/urunler\/"},{"@type":"ListItem","position":3,"name":"Prekast Profilleri"}]},{"@type":"WebSite","@id":"https:\/\/www.hazmetal.com\/#website","url":"https:\/\/www.hazmetal.com\/","name":"Haz Metal Fixing Systems","description":"","publisher":{"@id":"https:\/\/www.hazmetal.com\/#organization"},"potentialAction":[{"@type":"SearchAction","target":{"@type":"EntryPoint","urlTemplate":"https:\/\/www.hazmetal.com\/?s={search_term_string}"},"query-input":"required name=search_term_string"}],"inLanguage":"tr"},{"@type":"Organization","@id":"https:\/\/www.hazmetal.com\/#organization","name":"Haz Metal Fixing Systems","url":"https:\/\/www.hazmetal.com\/","logo":{"@type":"ImageObject","inLanguage":"tr","@id":"https:\/\/www.hazmetal.com\/#\/schema\/logo\/image\/","url":"https:\/\/www.hazmetal.com\/wp-content\/uploads\/2025\/04\/Haz-logo.jpg.jpeg","contentUrl":"https:\/\/www.hazmetal.com\/wp-content\/uploads\/2025\/04\/Haz-logo.jpg.jpeg","width":227,"height":93,"caption":"Haz Metal Fixing Systems"},"image":{"@id":"https:\/\/www.hazmetal.com\/#\/schema\/logo\/image\/"},"sameAs":["https:\/\/www.facebook.com\/HazMetal","https:\/\/twitter.com\/HAZMetalFixing","https:\/\/www.linkedin.com\/company\/haz-metal-fixing-systems","https:\/\/www.youtube.com\/user\/hazgroup"]}]}},"_links":{"self":[{"href":"https:\/\/www.hazmetal.com\/tr\/wp-json\/wp\/v2\/pages\/1854"}],"collection":[{"href":"https:\/\/www.hazmetal.com\/tr\/wp-json\/wp\/v2\/pages"}],"about":[{"href":"https:\/\/www.hazmetal.com\/tr\/wp-json\/wp\/v2\/types\/page"}],"author":[{"embeddable":true,"href":"https:\/\/www.hazmetal.com\/tr\/wp-json\/wp\/v2\/users\/2031"}],"replies":[{"embeddable":true,"href":"https:\/\/www.hazmetal.com\/tr\/wp-json\/wp\/v2\/comments?post=1854"}],"version-history":[{"count":8,"href":"https:\/\/www.hazmetal.com\/tr\/wp-json\/wp\/v2\/pages\/1854\/revisions"}],"predecessor-version":[{"id":5647,"href":"https:\/\/www.hazmetal.com\/tr\/wp-json\/wp\/v2\/pages\/1854\/revisions\/5647"}],"up":[{"embeddable":true,"href":"https:\/\/www.hazmetal.com\/tr\/wp-json\/wp\/v2\/pages\/1672"}],"wp:attachment":[{"href":"https:\/\/www.hazmetal.com\/tr\/wp-json\/wp\/v2\/media?parent=1854"}],"curies":[{"name":"wp","href":"https:\/\/api.w.org\/{rel}","templated":true}]}}