{"id":1771,"date":"2016-07-30T09:36:27","date_gmt":"2016-07-30T09:36:27","guid":{"rendered":"http:\/\/www.hazmetal.com\/urunler\/alt-profil-sistemler\/steel-sub-channel-system\/"},"modified":"2022-05-23T22:08:29","modified_gmt":"2022-05-23T22:08:29","slug":"celik-alt-profil-sistemleri","status":"publish","type":"page","link":"https:\/\/www.hazmetal.com\/tr\/urunler\/alt-profil-sistemler\/celik-alt-profil-sistemleri\/","title":{"rendered":"\u00c7elik Profil"},"content":{"rendered":"<p>Fixing systems with steel sub channel systems are preferred due to its light weight and easiness of cutting and drilling. These systems are used for the installation of cladding panels such as, natural stone panels , ceramic panels and fibre cement panels. Three dimensional adjustability is enabled and fast installation is possible due to the light weight of steel and the ease of cutting and drilling on site.<br \/>\njustify<br \/>\nno-repeat;center top;;<br \/>\nauto<br \/>\n0px<\/p>\n<p>default<br \/>\ndefault<br \/>\n#1e73be<\/p>\n<h6>Celik Profil Cesitleri<\/h6>\n<p>&nbsp;<\/p>\n\n\t\t\t<style type='text\/css'>\n\t\t\t\t#sc_gallery-1 {\n\t\t\t\t\tmargin: auto;\n\t\t\t\t}\n\t\t\t\t#sc_gallery-1 .gallery-item {\n\t\t\t\t\tfloat: left;\n\t\t\t\t\ttext-align: center;\n\t\t\t\t\twidth: 33.33%;\n\t\t\t\t}\n\t\t\t\t#sc_gallery-1 img {\n\t\t\t\t\tborder: 2px solid #cfcfcf;\n\t\t\t\t}\n\t\t\t\t\/* see sc_gallery() in functions\/theme-shortcodes.php *\/\n\t\t\t<\/style>\n\t\t<div id='sc_gallery-1' class='gallery galleryid-1771 gallery-columns-3 gallery-size-thumbnail  gallery-default'><dl class='gallery-item'  data-title='hmpa-hc3-u-channel-system' data-description=''><div class='gallery-item-wrapper'>\n\t\t\t\t<dt class='gallery-icon landscape'>\n\t\t\t\t\t<a href='https:\/\/www.hazmetal.com\/tr\/urunler\/alt-profil-sistemler\/celik-alt-profil-sistemleri\/hmpa-hc3-u-channel-system-2\/'><img width=\"150\" height=\"150\" src=\"https:\/\/www.hazmetal.com\/wp-content\/uploads\/2016\/07\/hmpa-hc3-u-channel-system-327x327.jpg\" class=\"attachment-thumbnail size-thumbnail\" alt=\"\" decoding=\"async\" loading=\"lazy\" srcset=\"https:\/\/www.hazmetal.com\/wp-content\/uploads\/2016\/07\/hmpa-hc3-u-channel-system-327x327.jpg 327w, https:\/\/www.hazmetal.com\/wp-content\/uploads\/2016\/07\/hmpa-hc3-u-channel-system-300x300.jpg 300w, https:\/\/www.hazmetal.com\/wp-content\/uploads\/2016\/07\/hmpa-hc3-u-channel-system-768x768.jpg 768w, https:\/\/www.hazmetal.com\/wp-content\/uploads\/2016\/07\/hmpa-hc3-u-channel-system-180x180.jpg 180w, https:\/\/www.hazmetal.com\/wp-content\/uploads\/2016\/07\/hmpa-hc3-u-channel-system-600x600.jpg 600w, https:\/\/www.hazmetal.com\/wp-content\/uploads\/2016\/07\/hmpa-hc3-u-channel-system-146x146.jpg 146w, https:\/\/www.hazmetal.com\/wp-content\/uploads\/2016\/07\/hmpa-hc3-u-channel-system-50x50.jpg 50w, https:\/\/www.hazmetal.com\/wp-content\/uploads\/2016\/07\/hmpa-hc3-u-channel-system-75x75.jpg 75w, https:\/\/www.hazmetal.com\/wp-content\/uploads\/2016\/07\/hmpa-hc3-u-channel-system-85x85.jpg 85w, https:\/\/www.hazmetal.com\/wp-content\/uploads\/2016\/07\/hmpa-hc3-u-channel-system-80x80.jpg 80w, https:\/\/www.hazmetal.com\/wp-content\/uploads\/2016\/07\/hmpa-hc3-u-channel-system-100x100.jpg 100w, https:\/\/www.hazmetal.com\/wp-content\/uploads\/2016\/07\/hmpa-hc3-u-channel-system.jpg 800w\" sizes=\"(max-width:767px) 150px, 150px\" \/><\/a>\n\t\t\t\t<\/dt>\n\t\t\t\t\t<dd class='wp-caption-text gallery-caption'>\n\t\t\t\t\tHMPA-HC3 U Profil Sistemi\n\t\t\t\t\t<\/dd><\/div><\/dl><dl class='gallery-item'  data-title='hmpb-hc1-c-channel-system' data-description=''><div class='gallery-item-wrapper'>\n\t\t\t\t<dt class='gallery-icon landscape'>\n\t\t\t\t\t<a href='https:\/\/www.hazmetal.com\/tr\/urunler\/alt-profil-sistemler\/celik-alt-profil-sistemleri\/hmpb-hc1-c-channel-system-2\/'><img width=\"150\" height=\"150\" src=\"https:\/\/www.hazmetal.com\/wp-content\/uploads\/2016\/07\/hmpb-hc1-c-channel-system-327x327.jpg\" class=\"attachment-thumbnail size-thumbnail\" alt=\"\" decoding=\"async\" loading=\"lazy\" srcset=\"https:\/\/www.hazmetal.com\/wp-content\/uploads\/2016\/07\/hmpb-hc1-c-channel-system-327x327.jpg 327w, https:\/\/www.hazmetal.com\/wp-content\/uploads\/2016\/07\/hmpb-hc1-c-channel-system-300x300.jpg 300w, https:\/\/www.hazmetal.com\/wp-content\/uploads\/2016\/07\/hmpb-hc1-c-channel-system-768x768.jpg 768w, https:\/\/www.hazmetal.com\/wp-content\/uploads\/2016\/07\/hmpb-hc1-c-channel-system-180x180.jpg 180w, https:\/\/www.hazmetal.com\/wp-content\/uploads\/2016\/07\/hmpb-hc1-c-channel-system-600x600.jpg 600w, https:\/\/www.hazmetal.com\/wp-content\/uploads\/2016\/07\/hmpb-hc1-c-channel-system-146x146.jpg 146w, https:\/\/www.hazmetal.com\/wp-content\/uploads\/2016\/07\/hmpb-hc1-c-channel-system-50x50.jpg 50w, https:\/\/www.hazmetal.com\/wp-content\/uploads\/2016\/07\/hmpb-hc1-c-channel-system-75x75.jpg 75w, https:\/\/www.hazmetal.com\/wp-content\/uploads\/2016\/07\/hmpb-hc1-c-channel-system-85x85.jpg 85w, https:\/\/www.hazmetal.com\/wp-content\/uploads\/2016\/07\/hmpb-hc1-c-channel-system-80x80.jpg 80w, https:\/\/www.hazmetal.com\/wp-content\/uploads\/2016\/07\/hmpb-hc1-c-channel-system-100x100.jpg 100w, https:\/\/www.hazmetal.com\/wp-content\/uploads\/2016\/07\/hmpb-hc1-c-channel-system.jpg 800w\" sizes=\"(max-width:767px) 150px, 150px\" \/><\/a>\n\t\t\t\t<\/dt>\n\t\t\t\t\t<dd class='wp-caption-text gallery-caption'>\n\t\t\t\t\tHMPB-HC1 C Profil Sistemi\n\t\t\t\t\t<\/dd><\/div><\/dl><dl class='gallery-item'  data-title='03-steel-sub-channel-systems-1-pdf-ft' data-description=''><div class='gallery-item-wrapper'>\n\t\t\t\t<dt class='gallery-icon portrait'>\n\t\t\t\t\t<a href='https:\/\/www.hazmetal.com\/tr\/urunler\/alt-profil-sistemler\/celik-alt-profil-sistemleri\/03-steel-sub-channel-systems-1-pdf-ft-2\/'><img width=\"125\" height=\"150\" src=\"https:\/\/www.hazmetal.com\/wp-content\/uploads\/2016\/07\/03-steel-sub-channel-systems-1-pdf-ft.jpg\" class=\"attachment-thumbnail size-thumbnail\" alt=\"\" decoding=\"async\" loading=\"lazy\" srcset=\"https:\/\/www.hazmetal.com\/wp-content\/uploads\/2016\/07\/03-steel-sub-channel-systems-1-pdf-ft.jpg 200w, https:\/\/www.hazmetal.com\/wp-content\/uploads\/2016\/07\/03-steel-sub-channel-systems-1-pdf-ft-122x146.jpg 122w, https:\/\/www.hazmetal.com\/wp-content\/uploads\/2016\/07\/03-steel-sub-channel-systems-1-pdf-ft-42x50.jpg 42w, https:\/\/www.hazmetal.com\/wp-content\/uploads\/2016\/07\/03-steel-sub-channel-systems-1-pdf-ft-63x75.jpg 63w, https:\/\/www.hazmetal.com\/wp-content\/uploads\/2016\/07\/03-steel-sub-channel-systems-1-pdf-ft-100x120.jpg 100w\" sizes=\"(max-width:767px) 125px, 125px\" \/><\/a>\n\t\t\t\t<\/dt><\/div><\/dl><br style=\"clear: both\" \/><dl class='gallery-item'  data-title='hmpc-hc1h-c-channel-system-grid' data-description=''><div class='gallery-item-wrapper'>\n\t\t\t\t<dt class='gallery-icon landscape'>\n\t\t\t\t\t<a href='https:\/\/www.hazmetal.com\/tr\/urunler\/alt-profil-sistemler\/celik-alt-profil-sistemleri\/hmpc-hc15-c-channel-system-grid-2\/'><img width=\"150\" height=\"150\" src=\"https:\/\/www.hazmetal.com\/wp-content\/uploads\/2016\/07\/hmpc-hc15-c-channel-system-grid-327x327.jpg\" class=\"attachment-thumbnail size-thumbnail\" alt=\"\" decoding=\"async\" loading=\"lazy\" srcset=\"https:\/\/www.hazmetal.com\/wp-content\/uploads\/2016\/07\/hmpc-hc15-c-channel-system-grid-327x327.jpg 327w, https:\/\/www.hazmetal.com\/wp-content\/uploads\/2016\/07\/hmpc-hc15-c-channel-system-grid-300x300.jpg 300w, https:\/\/www.hazmetal.com\/wp-content\/uploads\/2016\/07\/hmpc-hc15-c-channel-system-grid-768x768.jpg 768w, https:\/\/www.hazmetal.com\/wp-content\/uploads\/2016\/07\/hmpc-hc15-c-channel-system-grid-180x180.jpg 180w, https:\/\/www.hazmetal.com\/wp-content\/uploads\/2016\/07\/hmpc-hc15-c-channel-system-grid-600x600.jpg 600w, https:\/\/www.hazmetal.com\/wp-content\/uploads\/2016\/07\/hmpc-hc15-c-channel-system-grid-146x146.jpg 146w, https:\/\/www.hazmetal.com\/wp-content\/uploads\/2016\/07\/hmpc-hc15-c-channel-system-grid-50x50.jpg 50w, https:\/\/www.hazmetal.com\/wp-content\/uploads\/2016\/07\/hmpc-hc15-c-channel-system-grid-75x75.jpg 75w, https:\/\/www.hazmetal.com\/wp-content\/uploads\/2016\/07\/hmpc-hc15-c-channel-system-grid-85x85.jpg 85w, https:\/\/www.hazmetal.com\/wp-content\/uploads\/2016\/07\/hmpc-hc15-c-channel-system-grid-80x80.jpg 80w, https:\/\/www.hazmetal.com\/wp-content\/uploads\/2016\/07\/hmpc-hc15-c-channel-system-grid-100x100.jpg 100w, https:\/\/www.hazmetal.com\/wp-content\/uploads\/2016\/07\/hmpc-hc15-c-channel-system-grid.jpg 800w\" sizes=\"(max-width:767px) 150px, 150px\" \/><\/a>\n\t\t\t\t<\/dt>\n\t\t\t\t\t<dd class='wp-caption-text gallery-caption'>\n\t\t\t\t\tHMPC-HC1\/H C Profil Sistemi\n\t\t\t\t\t<\/dd><\/div><\/dl><dl class='gallery-item'  data-title='hmpa-hc1h-u-channel-system-grid' data-description=''><div class='gallery-item-wrapper'>\n\t\t\t\t<dt class='gallery-icon landscape'>\n\t\t\t\t\t<a href='https:\/\/www.hazmetal.com\/tr\/urunler\/alt-profil-sistemler\/celik-alt-profil-sistemleri\/hmpa-hc1h-u-channel-system-grid-2\/'><img width=\"150\" height=\"150\" src=\"https:\/\/www.hazmetal.com\/wp-content\/uploads\/2016\/07\/hmpa-hc1h-u-channel-system-grid-327x327.jpg\" class=\"attachment-thumbnail size-thumbnail\" alt=\"\" decoding=\"async\" loading=\"lazy\" srcset=\"https:\/\/www.hazmetal.com\/wp-content\/uploads\/2016\/07\/hmpa-hc1h-u-channel-system-grid-327x327.jpg 327w, https:\/\/www.hazmetal.com\/wp-content\/uploads\/2016\/07\/hmpa-hc1h-u-channel-system-grid-300x300.jpg 300w, https:\/\/www.hazmetal.com\/wp-content\/uploads\/2016\/07\/hmpa-hc1h-u-channel-system-grid-768x768.jpg 768w, https:\/\/www.hazmetal.com\/wp-content\/uploads\/2016\/07\/hmpa-hc1h-u-channel-system-grid-180x180.jpg 180w, https:\/\/www.hazmetal.com\/wp-content\/uploads\/2016\/07\/hmpa-hc1h-u-channel-system-grid-600x600.jpg 600w, https:\/\/www.hazmetal.com\/wp-content\/uploads\/2016\/07\/hmpa-hc1h-u-channel-system-grid-146x146.jpg 146w, https:\/\/www.hazmetal.com\/wp-content\/uploads\/2016\/07\/hmpa-hc1h-u-channel-system-grid-50x50.jpg 50w, https:\/\/www.hazmetal.com\/wp-content\/uploads\/2016\/07\/hmpa-hc1h-u-channel-system-grid-75x75.jpg 75w, https:\/\/www.hazmetal.com\/wp-content\/uploads\/2016\/07\/hmpa-hc1h-u-channel-system-grid-85x85.jpg 85w, https:\/\/www.hazmetal.com\/wp-content\/uploads\/2016\/07\/hmpa-hc1h-u-channel-system-grid-80x80.jpg 80w, https:\/\/www.hazmetal.com\/wp-content\/uploads\/2016\/07\/hmpa-hc1h-u-channel-system-grid-100x100.jpg 100w, https:\/\/www.hazmetal.com\/wp-content\/uploads\/2016\/07\/hmpa-hc1h-u-channel-system-grid.jpg 800w\" sizes=\"(max-width:767px) 150px, 150px\" \/><\/a>\n\t\t\t\t<\/dt>\n\t\t\t\t\t<dd class='wp-caption-text gallery-caption'>\n\t\t\t\t\tHMPA-HC1\/H Izgara U Profil Sistemi\n\t\t\t\t\t<\/dd><\/div><\/dl><dl class='gallery-item'  data-title='hmpa-hc1-u-channel-system' data-description=''><div class='gallery-item-wrapper'>\n\t\t\t\t<dt class='gallery-icon landscape'>\n\t\t\t\t\t<a href='https:\/\/www.hazmetal.com\/tr\/urunler\/alt-profil-sistemler\/celik-alt-profil-sistemleri\/hmpa-hc1-u-channel-system-2\/'><img width=\"150\" height=\"150\" src=\"https:\/\/www.hazmetal.com\/wp-content\/uploads\/2016\/07\/hmpa-hc1-u-channel-system-327x327.jpg\" class=\"attachment-thumbnail size-thumbnail\" alt=\"\" decoding=\"async\" loading=\"lazy\" srcset=\"https:\/\/www.hazmetal.com\/wp-content\/uploads\/2016\/07\/hmpa-hc1-u-channel-system-327x327.jpg 327w, https:\/\/www.hazmetal.com\/wp-content\/uploads\/2016\/07\/hmpa-hc1-u-channel-system-300x300.jpg 300w, https:\/\/www.hazmetal.com\/wp-content\/uploads\/2016\/07\/hmpa-hc1-u-channel-system-768x768.jpg 768w, https:\/\/www.hazmetal.com\/wp-content\/uploads\/2016\/07\/hmpa-hc1-u-channel-system-180x180.jpg 180w, https:\/\/www.hazmetal.com\/wp-content\/uploads\/2016\/07\/hmpa-hc1-u-channel-system-600x600.jpg 600w, https:\/\/www.hazmetal.com\/wp-content\/uploads\/2016\/07\/hmpa-hc1-u-channel-system-146x146.jpg 146w, https:\/\/www.hazmetal.com\/wp-content\/uploads\/2016\/07\/hmpa-hc1-u-channel-system-50x50.jpg 50w, https:\/\/www.hazmetal.com\/wp-content\/uploads\/2016\/07\/hmpa-hc1-u-channel-system-75x75.jpg 75w, https:\/\/www.hazmetal.com\/wp-content\/uploads\/2016\/07\/hmpa-hc1-u-channel-system-85x85.jpg 85w, https:\/\/www.hazmetal.com\/wp-content\/uploads\/2016\/07\/hmpa-hc1-u-channel-system-80x80.jpg 80w, https:\/\/www.hazmetal.com\/wp-content\/uploads\/2016\/07\/hmpa-hc1-u-channel-system-100x100.jpg 100w, https:\/\/www.hazmetal.com\/wp-content\/uploads\/2016\/07\/hmpa-hc1-u-channel-system.jpg 800w\" sizes=\"(max-width:767px) 150px, 150px\" \/><\/a>\n\t\t\t\t<\/dt>\n\t\t\t\t\t<dd class='wp-caption-text gallery-caption'>\n\t\t\t\t\tHMPA-HC1 U Profil Sistemi\n\t\t\t\t\t<\/dd><\/div><\/dl><br style=\"clear: both\" \/><dl class='gallery-item'  data-title='ats-toothed-channel-system' data-description=''><div class='gallery-item-wrapper'>\n\t\t\t\t<dt class='gallery-icon landscape'>\n\t\t\t\t\t<a href='https:\/\/www.hazmetal.com\/tr\/urunler\/alt-profil-sistemler\/celik-alt-profil-sistemleri\/ats-toothed-channel-system-2\/'><img width=\"150\" height=\"150\" src=\"https:\/\/www.hazmetal.com\/wp-content\/uploads\/2016\/07\/ats-toothed-channel-system-327x327.jpg\" class=\"attachment-thumbnail size-thumbnail\" alt=\"\" decoding=\"async\" loading=\"lazy\" srcset=\"https:\/\/www.hazmetal.com\/wp-content\/uploads\/2016\/07\/ats-toothed-channel-system-327x327.jpg 327w, https:\/\/www.hazmetal.com\/wp-content\/uploads\/2016\/07\/ats-toothed-channel-system-300x300.jpg 300w, https:\/\/www.hazmetal.com\/wp-content\/uploads\/2016\/07\/ats-toothed-channel-system-768x768.jpg 768w, https:\/\/www.hazmetal.com\/wp-content\/uploads\/2016\/07\/ats-toothed-channel-system-180x180.jpg 180w, https:\/\/www.hazmetal.com\/wp-content\/uploads\/2016\/07\/ats-toothed-channel-system-600x600.jpg 600w, https:\/\/www.hazmetal.com\/wp-content\/uploads\/2016\/07\/ats-toothed-channel-system-146x146.jpg 146w, https:\/\/www.hazmetal.com\/wp-content\/uploads\/2016\/07\/ats-toothed-channel-system-50x50.jpg 50w, https:\/\/www.hazmetal.com\/wp-content\/uploads\/2016\/07\/ats-toothed-channel-system-75x75.jpg 75w, https:\/\/www.hazmetal.com\/wp-content\/uploads\/2016\/07\/ats-toothed-channel-system-85x85.jpg 85w, https:\/\/www.hazmetal.com\/wp-content\/uploads\/2016\/07\/ats-toothed-channel-system-80x80.jpg 80w, https:\/\/www.hazmetal.com\/wp-content\/uploads\/2016\/07\/ats-toothed-channel-system-100x100.jpg 100w, https:\/\/www.hazmetal.com\/wp-content\/uploads\/2016\/07\/ats-toothed-channel-system.jpg 800w\" sizes=\"(max-width:767px) 150px, 150px\" \/><\/a>\n\t\t\t\t<\/dt>\n\t\t\t\t\t<dd class='wp-caption-text gallery-caption'>\n\t\t\t\t\tATS Di\u015fli C Profil Sistemi\n\t\t\t\t\t<\/dd><\/div><\/dl>\n\t\t\t\t<br style='clear: both' \/>\n\t\t\t<\/div>\n\n<p>no-repeat;center top;;<br \/>\nauto<\/p>\n","protected":false},"excerpt":{"rendered":"<p>Fixing systems with steel sub channel systems are preferred due to its light weight and easiness of cutting and drilling. These systems are used for the<span class=\"excerpt-hellip\"> [\u2026]<\/span><\/p>\n","protected":false},"author":2031,"featured_media":0,"parent":1756,"menu_order":0,"comment_status":"closed","ping_status":"closed","template":"","meta":{"om_disable_all_campaigns":false,"_uf_show_specific_survey":0,"_uf_disable_surveys":false},"yoast_head":"<!-- This site is optimized with the Yoast SEO plugin v21.5 - https:\/\/yoast.com\/wordpress\/plugins\/seo\/ -->\n<title>\u00c7elik Profil<\/title>\n<meta name=\"description\" content=\"\u00c7elik Alt Konstr\u00fcksiyon Sistemleri, \u00c7elik Alt Profil Sistemleri ve Haz Metal Fixing System\" \/>\n<meta name=\"robots\" content=\"index, follow, max-snippet:-1, max-image-preview:large, max-video-preview:-1\" \/>\n<link rel=\"canonical\" href=\"https:\/\/www.hazmetal.com\/tr\/urunler\/alt-profil-sistemler\/celik-alt-profil-sistemleri\/\" \/>\n<meta property=\"og:locale\" content=\"tr_TR\" \/>\n<meta property=\"og:type\" content=\"article\" \/>\n<meta property=\"og:title\" content=\"\u00c7elik Profil\" \/>\n<meta property=\"og:description\" content=\"\u00c7elik Alt Konstr\u00fcksiyon Sistemleri, \u00c7elik Alt Profil Sistemleri ve Haz Metal Fixing System\" \/>\n<meta property=\"og:url\" content=\"https:\/\/www.hazmetal.com\/tr\/urunler\/alt-profil-sistemler\/celik-alt-profil-sistemleri\/\" \/>\n<meta property=\"og:site_name\" content=\"Haz Metal Fixing Systems\" \/>\n<meta property=\"article:publisher\" content=\"https:\/\/www.facebook.com\/HazMetal\" \/>\n<meta property=\"article:modified_time\" content=\"2022-05-23T22:08:29+00:00\" \/>\n<meta property=\"og:image\" content=\"https:\/\/www.hazmetal.com\/wp-content\/uploads\/2016\/07\/hmpa-hc3-u-channel-system-327x327.jpg\" \/>\n<meta name=\"twitter:card\" content=\"summary_large_image\" \/>\n<meta name=\"twitter:site\" content=\"@HAZMetalFixing\" \/>\n<script type=\"application\/ld+json\" class=\"yoast-schema-graph\">{\"@context\":\"https:\/\/schema.org\",\"@graph\":[{\"@type\":\"WebPage\",\"@id\":\"https:\/\/www.hazmetal.com\/tr\/urunler\/alt-profil-sistemler\/celik-alt-profil-sistemleri\/\",\"url\":\"https:\/\/www.hazmetal.com\/tr\/urunler\/alt-profil-sistemler\/celik-alt-profil-sistemleri\/\",\"name\":\"\u00c7elik Profil\",\"isPartOf\":{\"@id\":\"https:\/\/www.hazmetal.com\/#website\"},\"datePublished\":\"2016-07-30T09:36:27+00:00\",\"dateModified\":\"2022-05-23T22:08:29+00:00\",\"description\":\"\u00c7elik Alt Konstr\u00fcksiyon Sistemleri, \u00c7elik Alt Profil Sistemleri ve Haz Metal Fixing System\",\"breadcrumb\":{\"@id\":\"https:\/\/www.hazmetal.com\/tr\/urunler\/alt-profil-sistemler\/celik-alt-profil-sistemleri\/#breadcrumb\"},\"inLanguage\":\"tr\",\"potentialAction\":[{\"@type\":\"ReadAction\",\"target\":[\"https:\/\/www.hazmetal.com\/tr\/urunler\/alt-profil-sistemler\/celik-alt-profil-sistemleri\/\"]}]},{\"@type\":\"BreadcrumbList\",\"@id\":\"https:\/\/www.hazmetal.com\/tr\/urunler\/alt-profil-sistemler\/celik-alt-profil-sistemleri\/#breadcrumb\",\"itemListElement\":[{\"@type\":\"ListItem\",\"position\":1,\"name\":\"Home\",\"item\":\"https:\/\/www.hazmetal.com\/tr\/\"},{\"@type\":\"ListItem\",\"position\":2,\"name\":\"Cephe Giydirme Montaj Sistemleri \u00dcr\u00fcn Yelpazesi\",\"item\":\"https:\/\/www.hazmetal.com\/tr\/urunler\/\"},{\"@type\":\"ListItem\",\"position\":3,\"name\":\"Profil Sistemleri\",\"item\":\"https:\/\/www.hazmetal.com\/tr\/urunler\/alt-profil-sistemler\/\"},{\"@type\":\"ListItem\",\"position\":4,\"name\":\"\u00c7elik Profil\"}]},{\"@type\":\"WebSite\",\"@id\":\"https:\/\/www.hazmetal.com\/#website\",\"url\":\"https:\/\/www.hazmetal.com\/\",\"name\":\"Haz Metal Fixing Systems\",\"description\":\"\",\"publisher\":{\"@id\":\"https:\/\/www.hazmetal.com\/#organization\"},\"potentialAction\":[{\"@type\":\"SearchAction\",\"target\":{\"@type\":\"EntryPoint\",\"urlTemplate\":\"https:\/\/www.hazmetal.com\/?s={search_term_string}\"},\"query-input\":\"required name=search_term_string\"}],\"inLanguage\":\"tr\"},{\"@type\":\"Organization\",\"@id\":\"https:\/\/www.hazmetal.com\/#organization\",\"name\":\"Haz Metal Fixing Systems\",\"url\":\"https:\/\/www.hazmetal.com\/\",\"logo\":{\"@type\":\"ImageObject\",\"inLanguage\":\"tr\",\"@id\":\"https:\/\/www.hazmetal.com\/#\/schema\/logo\/image\/\",\"url\":\"https:\/\/www.hazmetal.com\/wp-content\/uploads\/2025\/04\/Haz-logo.jpg.jpeg\",\"contentUrl\":\"https:\/\/www.hazmetal.com\/wp-content\/uploads\/2025\/04\/Haz-logo.jpg.jpeg\",\"width\":227,\"height\":93,\"caption\":\"Haz Metal Fixing Systems\"},\"image\":{\"@id\":\"https:\/\/www.hazmetal.com\/#\/schema\/logo\/image\/\"},\"sameAs\":[\"https:\/\/www.facebook.com\/HazMetal\",\"https:\/\/twitter.com\/HAZMetalFixing\",\"https:\/\/www.linkedin.com\/company\/haz-metal-fixing-systems\",\"https:\/\/www.youtube.com\/user\/hazgroup\"]}]}<\/script>\n<!-- \/ Yoast SEO plugin. -->","yoast_head_json":{"title":"\u00c7elik Profil","description":"\u00c7elik Alt Konstr\u00fcksiyon Sistemleri, \u00c7elik Alt Profil Sistemleri ve Haz Metal Fixing System","robots":{"index":"index","follow":"follow","max-snippet":"max-snippet:-1","max-image-preview":"max-image-preview:large","max-video-preview":"max-video-preview:-1"},"canonical":"https:\/\/www.hazmetal.com\/tr\/urunler\/alt-profil-sistemler\/celik-alt-profil-sistemleri\/","og_locale":"tr_TR","og_type":"article","og_title":"\u00c7elik Profil","og_description":"\u00c7elik Alt Konstr\u00fcksiyon Sistemleri, \u00c7elik Alt Profil Sistemleri ve Haz Metal Fixing System","og_url":"https:\/\/www.hazmetal.com\/tr\/urunler\/alt-profil-sistemler\/celik-alt-profil-sistemleri\/","og_site_name":"Haz Metal Fixing Systems","article_publisher":"https:\/\/www.facebook.com\/HazMetal","article_modified_time":"2022-05-23T22:08:29+00:00","og_image":[{"url":"https:\/\/www.hazmetal.com\/wp-content\/uploads\/2016\/07\/hmpa-hc3-u-channel-system-327x327.jpg"}],"twitter_card":"summary_large_image","twitter_site":"@HAZMetalFixing","schema":{"@context":"https:\/\/schema.org","@graph":[{"@type":"WebPage","@id":"https:\/\/www.hazmetal.com\/tr\/urunler\/alt-profil-sistemler\/celik-alt-profil-sistemleri\/","url":"https:\/\/www.hazmetal.com\/tr\/urunler\/alt-profil-sistemler\/celik-alt-profil-sistemleri\/","name":"\u00c7elik Profil","isPartOf":{"@id":"https:\/\/www.hazmetal.com\/#website"},"datePublished":"2016-07-30T09:36:27+00:00","dateModified":"2022-05-23T22:08:29+00:00","description":"\u00c7elik Alt Konstr\u00fcksiyon Sistemleri, \u00c7elik Alt Profil Sistemleri ve Haz Metal Fixing System","breadcrumb":{"@id":"https:\/\/www.hazmetal.com\/tr\/urunler\/alt-profil-sistemler\/celik-alt-profil-sistemleri\/#breadcrumb"},"inLanguage":"tr","potentialAction":[{"@type":"ReadAction","target":["https:\/\/www.hazmetal.com\/tr\/urunler\/alt-profil-sistemler\/celik-alt-profil-sistemleri\/"]}]},{"@type":"BreadcrumbList","@id":"https:\/\/www.hazmetal.com\/tr\/urunler\/alt-profil-sistemler\/celik-alt-profil-sistemleri\/#breadcrumb","itemListElement":[{"@type":"ListItem","position":1,"name":"Home","item":"https:\/\/www.hazmetal.com\/tr\/"},{"@type":"ListItem","position":2,"name":"Cephe Giydirme Montaj Sistemleri \u00dcr\u00fcn Yelpazesi","item":"https:\/\/www.hazmetal.com\/tr\/urunler\/"},{"@type":"ListItem","position":3,"name":"Profil Sistemleri","item":"https:\/\/www.hazmetal.com\/tr\/urunler\/alt-profil-sistemler\/"},{"@type":"ListItem","position":4,"name":"\u00c7elik Profil"}]},{"@type":"WebSite","@id":"https:\/\/www.hazmetal.com\/#website","url":"https:\/\/www.hazmetal.com\/","name":"Haz Metal Fixing Systems","description":"","publisher":{"@id":"https:\/\/www.hazmetal.com\/#organization"},"potentialAction":[{"@type":"SearchAction","target":{"@type":"EntryPoint","urlTemplate":"https:\/\/www.hazmetal.com\/?s={search_term_string}"},"query-input":"required name=search_term_string"}],"inLanguage":"tr"},{"@type":"Organization","@id":"https:\/\/www.hazmetal.com\/#organization","name":"Haz Metal Fixing Systems","url":"https:\/\/www.hazmetal.com\/","logo":{"@type":"ImageObject","inLanguage":"tr","@id":"https:\/\/www.hazmetal.com\/#\/schema\/logo\/image\/","url":"https:\/\/www.hazmetal.com\/wp-content\/uploads\/2025\/04\/Haz-logo.jpg.jpeg","contentUrl":"https:\/\/www.hazmetal.com\/wp-content\/uploads\/2025\/04\/Haz-logo.jpg.jpeg","width":227,"height":93,"caption":"Haz Metal Fixing Systems"},"image":{"@id":"https:\/\/www.hazmetal.com\/#\/schema\/logo\/image\/"},"sameAs":["https:\/\/www.facebook.com\/HazMetal","https:\/\/twitter.com\/HAZMetalFixing","https:\/\/www.linkedin.com\/company\/haz-metal-fixing-systems","https:\/\/www.youtube.com\/user\/hazgroup"]}]}},"_links":{"self":[{"href":"https:\/\/www.hazmetal.com\/tr\/wp-json\/wp\/v2\/pages\/1771"}],"collection":[{"href":"https:\/\/www.hazmetal.com\/tr\/wp-json\/wp\/v2\/pages"}],"about":[{"href":"https:\/\/www.hazmetal.com\/tr\/wp-json\/wp\/v2\/types\/page"}],"author":[{"embeddable":true,"href":"https:\/\/www.hazmetal.com\/tr\/wp-json\/wp\/v2\/users\/2031"}],"replies":[{"embeddable":true,"href":"https:\/\/www.hazmetal.com\/tr\/wp-json\/wp\/v2\/comments?post=1771"}],"version-history":[{"count":9,"href":"https:\/\/www.hazmetal.com\/tr\/wp-json\/wp\/v2\/pages\/1771\/revisions"}],"predecessor-version":[{"id":5748,"href":"https:\/\/www.hazmetal.com\/tr\/wp-json\/wp\/v2\/pages\/1771\/revisions\/5748"}],"up":[{"embeddable":true,"href":"https:\/\/www.hazmetal.com\/tr\/wp-json\/wp\/v2\/pages\/1756"}],"wp:attachment":[{"href":"https:\/\/www.hazmetal.com\/tr\/wp-json\/wp\/v2\/media?parent=1771"}],"curies":[{"name":"wp","href":"https:\/\/api.w.org\/{rel}","templated":true}]}}