{"id":1756,"date":"2016-07-29T12:38:20","date_gmt":"2016-07-29T12:38:20","guid":{"rendered":"http:\/\/www.hazmetal.com\/urunler\/sub-channel-systems\/"},"modified":"2022-05-23T22:08:08","modified_gmt":"2022-05-23T22:08:08","slug":"alt-profil-sistemler","status":"publish","type":"page","link":"https:\/\/www.hazmetal.com\/tr\/urunler\/alt-profil-sistemler\/","title":{"rendered":"Profil Sistemleri"},"content":{"rendered":"<p>ATS Alt Profil Sistemleri<br \/>\ncenter<br \/>\nno-repeat;center top;;<br \/>\nauto<br \/>\n0px<\/p>\n<p>HMPC-H1 Alt Profil Sistemleri<br \/>\ncenter<br \/>\nno-repeat;center top;;<br \/>\nauto<br \/>\n0px<\/p>\n<p>HMPA-HC2 Alt Profil Sistemleri<br \/>\ncenter<br \/>\nno-repeat;center top;;<br \/>\nauto<br \/>\n0px<\/p>\n<p><img decoding=\"async\" src=\"\/wp-content\/uploads\/2016\/07\/sub-channel-systems-2.jpg\" alt=\"\" \/><br \/>\ncenter<br \/>\nATS ankrajl\u0131 profil<\/p>\n<p><img decoding=\"async\" src=\"\/wp-content\/uploads\/2016\/07\/sub-channel-systems-3.jpg\" alt=\"\" \/><br \/>\ncenter<br \/>\nHMPC-H1 ankrajl\u0131 profil<\/p>\n<p><img decoding=\"async\" src=\"\/wp-content\/uploads\/2016\/07\/sub-channel-systems-1.jpg\" alt=\"\" \/><br \/>\ncenter<br \/>\nHMPA-HC2 ankrajl\u0131 profil<\/p>\n<p>default<br \/>\ndefault<br \/>\n#1e73be<\/p>\n<h2>HMP Alt Profil Sistemleri<\/h2>\n<p>HMP profil sistemleri, ta\u015f\u0131y\u0131c\u0131 olmayan duvarkar \u00fczerine dolayl\u0131 montaj veya b\u00fcy\u00fck uzatma \u00f6l\u00e7\u00fcleri i\u00e7in kullan\u0131l\u0131r. \u00d6zel tasar\u0131ml\u0131 ta\u015f\u0131y\u0131c\u0131 ve tutucu konsollar kullan\u0131larak ankrajl\u0131 profil kat kiri\u015flerine monte edilir. Bu sayede kat aralar\u0131nda bir \u00e7elik konstr\u00fcksiyon olu\u015fturulur ve ta\u015f panelleri ankrajlar ile profil \u00fczerine tespit edilir.<\/p>\n<p>Ta\u015f\u0131y\u0131c\u0131 olmayan duvarlar \u00fczerine dolayl\u0131 montaj veya b\u00fcy\u00fck uzatma \u00f6l\u00e7\u00fcleri i\u00e7in.<\/p>\n<p>Daha d\u00fc\u015f\u00fck delme noktalar\u0131 h\u0131zl\u0131 montaja imkan verir.<\/p>\n<p>Yatay ve dikey derzlerde montaj.<\/p>\n<p>\u00c7e\u015fitli uygulama gerekliklerine uygun olmas\u0131 amac\u0131yla alt profil sistemleri i\u00e7in \u00f6zel tasar\u0131m yap\u0131l\u0131r.<\/p>\n<p>justify<br \/>\nno-repeat;center top;;<br \/>\nauto<\/p>\n<p><img decoding=\"async\" src=\"\/wp-content\/uploads\/2016\/07\/sub-channel-systems-4.jpg\" alt=\"\" \/><\/p>\n<p><img decoding=\"async\" src=\"\/wp-content\/uploads\/2016\/07\/sub-channel-systems-5.jpg\" alt=\"\" \/><\/p>\n<h3>HMPC-HC1 Profil Sistemi<\/h3>\n<p>Montaj\u0131 kolay alt profil sistemi<\/p>\n<p>Karma\u015f\u0131k olmauan elamanlar sayesinde kolay montaj.<\/p>\n<p>Minimum 110 mmlik ve maksimum 200 mmlik uzatma \u00f6l\u00e7\u00fcs\u00fc<\/p>\n<p>Cepge restorasyonu i\u00e7in idealdir.<\/p>\n<p>Ankraj profillere alt\u0131gen civatalar ve somunlarla sabitlenir.<\/p>\n<p>no-repeat;center top;;<br \/>\nauto<\/p>\n<p><img decoding=\"async\" src=\"\/wp-content\/uploads\/2016\/07\/sub-channel-systems-6.jpg\" alt=\"\" \/><br \/>\ncenter<br \/>\nDikey derzlerden dolayl\u0131 montaj HMPA-HC2 Profil sistemi<br \/>\nDikey derzlerden dolayl\u0131 montaj HMPA-HC2 Profil sistemi<\/p>\n<p><img decoding=\"async\" src=\"\/wp-content\/uploads\/2016\/07\/sub-channel-systems-7.jpg\" alt=\"\" \/><br \/>\ncenter<\/p>\n<p><img decoding=\"async\" src=\"\/wp-content\/uploads\/2016\/07\/sub-channel-systems-8.jpg\" alt=\"\" \/><br \/>\ncenter<\/p>\n<h3>HMPA-HC2 Profil Sistemi<\/h3>\n<p>Y\u00fcksek ta\u015f\u0131ma kapasiteli ayarlanabilir alt profil sistemi.<\/p>\n<p>H\u0131zl\u0131 ve kolay bi\u00e7imde ta\u015f tabaka montaj.<\/p>\n<p>Minimum 90 mmlik ve maksimum 260 mmlik uzatma \u00f6l\u00e7\u00fcs\u00fc<\/p>\n<p>A\u011f\u0131r y\u00fckler ve b\u00fcy\u00fck uzatma \u00f6l\u00e7\u00fcleri i\u00e7in idealdir.<\/p>\n<p>Ankraj profillere alt\u0131gen civatalar ve somunlarla sabitlenir.<\/p>\n<p>no-repeat;center top;;<br \/>\nauto<\/p>\n<p><img decoding=\"async\" src=\"\/wp-content\/uploads\/2016\/07\/sub-channel-systems-9.jpg\" alt=\"\" \/><br \/>\ncenter<br \/>\nDikey derzlerden dolayl\u0131 montaj HMPC-HC1H Profil sistemi<br \/>\nDikey derzlerden dolayl\u0131 montaj HMPC-HC1H Profil sistemi<\/p>\n<p><img decoding=\"async\" src=\"\/wp-content\/uploads\/2016\/07\/sub-channel-systems-10.jpg\" alt=\"\" \/><br \/>\ncenter<\/p>\n<p><img decoding=\"async\" src=\"\/wp-content\/uploads\/2016\/07\/sub-channel-systems-11.jpg\" alt=\"\" \/><br \/>\ncenter<\/p>\n<h3>HMPC-HC1H Profil Sistemi<\/h3>\n<p>Yatay profilli ayarlanabilir alpt profil sistemi.<\/p>\n<p>Yatay eksende ayarlanabilirlik<\/p>\n<p>Minimum 150 mmlik ve maksimum 240 mmlik uzatma \u00f6l\u00e7\u00fcs\u00fc<\/p>\n<p>Kademeli desenli cepheler i\u00e7in idealdir.<\/p>\n<p>Ankraj profillere alt\u0131gen civatalar ve somunlarla sabitlenir.<\/p>\n<p>no-repeat;center top;;<br \/>\nauto<\/p>\n","protected":false},"excerpt":{"rendered":"<p>ATS Alt Profil Sistemleri center no-repeat;center top;; auto 0px HMPC-H1 Alt Profil Sistemleri center no-repeat;center top;; auto 0px HMPA-HC2 Alt Profil Sistemleri center no-repeat;center top;; auto<span class=\"excerpt-hellip\"> [\u2026]<\/span><\/p>\n","protected":false},"author":2031,"featured_media":0,"parent":1672,"menu_order":0,"comment_status":"closed","ping_status":"closed","template":"","meta":{"om_disable_all_campaigns":false,"_uf_show_specific_survey":0,"_uf_disable_surveys":false},"yoast_head":"<!-- This site is optimized with the Yoast SEO plugin v21.5 - https:\/\/yoast.com\/wordpress\/plugins\/seo\/ -->\n<title>Profil Sistemleri<\/title>\n<meta name=\"description\" content=\"Alt profil sistemleri, alt konstr\u00fcksiyon alt profil sistemler (ankrajl\u0131 profil)\" \/>\n<meta name=\"robots\" content=\"index, follow, max-snippet:-1, max-image-preview:large, max-video-preview:-1\" \/>\n<link rel=\"canonical\" href=\"https:\/\/www.hazmetal.com\/tr\/urunler\/alt-profil-sistemler\/\" \/>\n<meta property=\"og:locale\" content=\"tr_TR\" \/>\n<meta property=\"og:type\" content=\"article\" \/>\n<meta property=\"og:title\" content=\"Profil Sistemleri\" \/>\n<meta property=\"og:description\" content=\"Alt profil sistemleri, alt konstr\u00fcksiyon alt profil sistemler (ankrajl\u0131 profil)\" \/>\n<meta property=\"og:url\" content=\"https:\/\/www.hazmetal.com\/tr\/urunler\/alt-profil-sistemler\/\" \/>\n<meta property=\"og:site_name\" content=\"Haz Metal Fixing Systems\" \/>\n<meta property=\"article:publisher\" content=\"https:\/\/www.facebook.com\/HazMetal\" \/>\n<meta property=\"article:modified_time\" content=\"2022-05-23T22:08:08+00:00\" \/>\n<meta name=\"twitter:card\" content=\"summary_large_image\" \/>\n<meta name=\"twitter:site\" content=\"@HAZMetalFixing\" \/>\n<meta name=\"twitter:label1\" content=\"Tahmini okuma s\u00fcresi\" \/>\n\t<meta name=\"twitter:data1\" content=\"2 dakika\" \/>\n<script type=\"application\/ld+json\" class=\"yoast-schema-graph\">{\"@context\":\"https:\/\/schema.org\",\"@graph\":[{\"@type\":\"WebPage\",\"@id\":\"https:\/\/www.hazmetal.com\/tr\/urunler\/alt-profil-sistemler\/\",\"url\":\"https:\/\/www.hazmetal.com\/tr\/urunler\/alt-profil-sistemler\/\",\"name\":\"Profil Sistemleri\",\"isPartOf\":{\"@id\":\"https:\/\/www.hazmetal.com\/#website\"},\"datePublished\":\"2016-07-29T12:38:20+00:00\",\"dateModified\":\"2022-05-23T22:08:08+00:00\",\"description\":\"Alt profil sistemleri, alt konstr\u00fcksiyon alt profil sistemler (ankrajl\u0131 profil)\",\"breadcrumb\":{\"@id\":\"https:\/\/www.hazmetal.com\/tr\/urunler\/alt-profil-sistemler\/#breadcrumb\"},\"inLanguage\":\"tr\",\"potentialAction\":[{\"@type\":\"ReadAction\",\"target\":[\"https:\/\/www.hazmetal.com\/tr\/urunler\/alt-profil-sistemler\/\"]}]},{\"@type\":\"BreadcrumbList\",\"@id\":\"https:\/\/www.hazmetal.com\/tr\/urunler\/alt-profil-sistemler\/#breadcrumb\",\"itemListElement\":[{\"@type\":\"ListItem\",\"position\":1,\"name\":\"Home\",\"item\":\"https:\/\/www.hazmetal.com\/tr\/\"},{\"@type\":\"ListItem\",\"position\":2,\"name\":\"Cephe Giydirme Montaj Sistemleri \u00dcr\u00fcn Yelpazesi\",\"item\":\"https:\/\/www.hazmetal.com\/tr\/urunler\/\"},{\"@type\":\"ListItem\",\"position\":3,\"name\":\"Profil Sistemleri\"}]},{\"@type\":\"WebSite\",\"@id\":\"https:\/\/www.hazmetal.com\/#website\",\"url\":\"https:\/\/www.hazmetal.com\/\",\"name\":\"Haz Metal Fixing Systems\",\"description\":\"\",\"publisher\":{\"@id\":\"https:\/\/www.hazmetal.com\/#organization\"},\"potentialAction\":[{\"@type\":\"SearchAction\",\"target\":{\"@type\":\"EntryPoint\",\"urlTemplate\":\"https:\/\/www.hazmetal.com\/?s={search_term_string}\"},\"query-input\":\"required name=search_term_string\"}],\"inLanguage\":\"tr\"},{\"@type\":\"Organization\",\"@id\":\"https:\/\/www.hazmetal.com\/#organization\",\"name\":\"Haz Metal Fixing Systems\",\"url\":\"https:\/\/www.hazmetal.com\/\",\"logo\":{\"@type\":\"ImageObject\",\"inLanguage\":\"tr\",\"@id\":\"https:\/\/www.hazmetal.com\/#\/schema\/logo\/image\/\",\"url\":\"https:\/\/www.hazmetal.com\/wp-content\/uploads\/2025\/04\/Haz-logo.jpg.jpeg\",\"contentUrl\":\"https:\/\/www.hazmetal.com\/wp-content\/uploads\/2025\/04\/Haz-logo.jpg.jpeg\",\"width\":227,\"height\":93,\"caption\":\"Haz Metal Fixing Systems\"},\"image\":{\"@id\":\"https:\/\/www.hazmetal.com\/#\/schema\/logo\/image\/\"},\"sameAs\":[\"https:\/\/www.facebook.com\/HazMetal\",\"https:\/\/twitter.com\/HAZMetalFixing\",\"https:\/\/www.linkedin.com\/company\/haz-metal-fixing-systems\",\"https:\/\/www.youtube.com\/user\/hazgroup\"]}]}<\/script>\n<!-- \/ Yoast SEO plugin. -->","yoast_head_json":{"title":"Profil Sistemleri","description":"Alt profil sistemleri, alt konstr\u00fcksiyon alt profil sistemler (ankrajl\u0131 profil)","robots":{"index":"index","follow":"follow","max-snippet":"max-snippet:-1","max-image-preview":"max-image-preview:large","max-video-preview":"max-video-preview:-1"},"canonical":"https:\/\/www.hazmetal.com\/tr\/urunler\/alt-profil-sistemler\/","og_locale":"tr_TR","og_type":"article","og_title":"Profil Sistemleri","og_description":"Alt profil sistemleri, alt konstr\u00fcksiyon alt profil sistemler (ankrajl\u0131 profil)","og_url":"https:\/\/www.hazmetal.com\/tr\/urunler\/alt-profil-sistemler\/","og_site_name":"Haz Metal Fixing Systems","article_publisher":"https:\/\/www.facebook.com\/HazMetal","article_modified_time":"2022-05-23T22:08:08+00:00","twitter_card":"summary_large_image","twitter_site":"@HAZMetalFixing","twitter_misc":{"Tahmini okuma s\u00fcresi":"2 dakika"},"schema":{"@context":"https:\/\/schema.org","@graph":[{"@type":"WebPage","@id":"https:\/\/www.hazmetal.com\/tr\/urunler\/alt-profil-sistemler\/","url":"https:\/\/www.hazmetal.com\/tr\/urunler\/alt-profil-sistemler\/","name":"Profil Sistemleri","isPartOf":{"@id":"https:\/\/www.hazmetal.com\/#website"},"datePublished":"2016-07-29T12:38:20+00:00","dateModified":"2022-05-23T22:08:08+00:00","description":"Alt profil sistemleri, alt konstr\u00fcksiyon alt profil sistemler (ankrajl\u0131 profil)","breadcrumb":{"@id":"https:\/\/www.hazmetal.com\/tr\/urunler\/alt-profil-sistemler\/#breadcrumb"},"inLanguage":"tr","potentialAction":[{"@type":"ReadAction","target":["https:\/\/www.hazmetal.com\/tr\/urunler\/alt-profil-sistemler\/"]}]},{"@type":"BreadcrumbList","@id":"https:\/\/www.hazmetal.com\/tr\/urunler\/alt-profil-sistemler\/#breadcrumb","itemListElement":[{"@type":"ListItem","position":1,"name":"Home","item":"https:\/\/www.hazmetal.com\/tr\/"},{"@type":"ListItem","position":2,"name":"Cephe Giydirme Montaj Sistemleri \u00dcr\u00fcn Yelpazesi","item":"https:\/\/www.hazmetal.com\/tr\/urunler\/"},{"@type":"ListItem","position":3,"name":"Profil Sistemleri"}]},{"@type":"WebSite","@id":"https:\/\/www.hazmetal.com\/#website","url":"https:\/\/www.hazmetal.com\/","name":"Haz Metal Fixing Systems","description":"","publisher":{"@id":"https:\/\/www.hazmetal.com\/#organization"},"potentialAction":[{"@type":"SearchAction","target":{"@type":"EntryPoint","urlTemplate":"https:\/\/www.hazmetal.com\/?s={search_term_string}"},"query-input":"required name=search_term_string"}],"inLanguage":"tr"},{"@type":"Organization","@id":"https:\/\/www.hazmetal.com\/#organization","name":"Haz Metal Fixing Systems","url":"https:\/\/www.hazmetal.com\/","logo":{"@type":"ImageObject","inLanguage":"tr","@id":"https:\/\/www.hazmetal.com\/#\/schema\/logo\/image\/","url":"https:\/\/www.hazmetal.com\/wp-content\/uploads\/2025\/04\/Haz-logo.jpg.jpeg","contentUrl":"https:\/\/www.hazmetal.com\/wp-content\/uploads\/2025\/04\/Haz-logo.jpg.jpeg","width":227,"height":93,"caption":"Haz Metal Fixing Systems"},"image":{"@id":"https:\/\/www.hazmetal.com\/#\/schema\/logo\/image\/"},"sameAs":["https:\/\/www.facebook.com\/HazMetal","https:\/\/twitter.com\/HAZMetalFixing","https:\/\/www.linkedin.com\/company\/haz-metal-fixing-systems","https:\/\/www.youtube.com\/user\/hazgroup"]}]}},"_links":{"self":[{"href":"https:\/\/www.hazmetal.com\/tr\/wp-json\/wp\/v2\/pages\/1756"}],"collection":[{"href":"https:\/\/www.hazmetal.com\/tr\/wp-json\/wp\/v2\/pages"}],"about":[{"href":"https:\/\/www.hazmetal.com\/tr\/wp-json\/wp\/v2\/types\/page"}],"author":[{"embeddable":true,"href":"https:\/\/www.hazmetal.com\/tr\/wp-json\/wp\/v2\/users\/2031"}],"replies":[{"embeddable":true,"href":"https:\/\/www.hazmetal.com\/tr\/wp-json\/wp\/v2\/comments?post=1756"}],"version-history":[{"count":8,"href":"https:\/\/www.hazmetal.com\/tr\/wp-json\/wp\/v2\/pages\/1756\/revisions"}],"predecessor-version":[{"id":5638,"href":"https:\/\/www.hazmetal.com\/tr\/wp-json\/wp\/v2\/pages\/1756\/revisions\/5638"}],"up":[{"embeddable":true,"href":"https:\/\/www.hazmetal.com\/tr\/wp-json\/wp\/v2\/pages\/1672"}],"wp:attachment":[{"href":"https:\/\/www.hazmetal.com\/tr\/wp-json\/wp\/v2\/media?parent=1756"}],"curies":[{"name":"wp","href":"https:\/\/api.w.org\/{rel}","templated":true}]}}