{"id":1737,"date":"2016-07-30T09:00:26","date_gmt":"2016-07-30T09:00:26","guid":{"rendered":"http:\/\/www.hazmetal.com\/urunler\/dogal-tas-tespit-sistemleri\/hsd-hrd-mortar-anchor-fixing-systems\/"},"modified":"2022-05-23T22:06:49","modified_gmt":"2022-05-23T22:06:49","slug":"hsd-hrd-harcli-ankrajlar-tespit-sistemleri","status":"publish","type":"page","link":"https:\/\/www.hazmetal.com\/tr\/urunler\/dogal-tas-tespit-sistemleri\/hsd-hrd-harcli-ankrajlar-tespit-sistemleri\/","title":{"rendered":"HSD &#038; HRD Har\u00e7l\u0131 Ankrajlar"},"content":{"rendered":"<p>Har\u00e7l\u0131 ankrajlar do\u011fal ta\u015f panellerin tu\u011fla ve beton duvarlara kolay ve h\u0131zl\u0131 \u015fekilde montaj\u0131n\u0131 sa\u011flayan tespit sistemleridir. Yatay ve dikey derzlerde montaj i\u00e7in de\u011fi\u015fik uygulamalarda kullan\u0131lmak amac\u0131 ile har\u00e7l\u0131 ankrajlar mevcuttur. Har\u00e7l\u0131 ankrajlar duvarlara \u0131slak y\u00f6ntem ile, yani har\u00e7 ile monte edilir.<br \/>\njustify<br \/>\nno-repeat;center top;;<br \/>\nauto<br \/>\n0px<\/p>\n\n\t\t\t<style type='text\/css'>\n\t\t\t\t#sc_gallery-1 {\n\t\t\t\t\tmargin: auto;\n\t\t\t\t}\n\t\t\t\t#sc_gallery-1 .gallery-item {\n\t\t\t\t\tfloat: left;\n\t\t\t\t\ttext-align: center;\n\t\t\t\t\twidth: 33.33%;\n\t\t\t\t}\n\t\t\t\t#sc_gallery-1 img {\n\t\t\t\t\tborder: 2px solid #cfcfcf;\n\t\t\t\t}\n\t\t\t\t\/* see sc_gallery() in functions\/theme-shortcodes.php *\/\n\t\t\t<\/style>\n\t\t<div id='sc_gallery-1' class='gallery galleryid-1737 gallery-columns-3 gallery-size-thumbnail  gallery-default'><dl class='gallery-item'  data-title='hrd01-mortar-anchor' data-description=''><div class='gallery-item-wrapper'>\n\t\t\t\t<dt class='gallery-icon landscape'>\n\t\t\t\t\t<a href='https:\/\/www.hazmetal.com\/tr\/urunler\/dogal-tas-tespit-sistemleri\/hsd-hrd-harcli-ankrajlar-tespit-sistemleri\/hrd01-mortar-anchor-2\/'><img width=\"150\" height=\"150\" src=\"https:\/\/www.hazmetal.com\/wp-content\/uploads\/2016\/07\/hrd01-mortar-anchor-327x327.jpg\" class=\"attachment-thumbnail size-thumbnail\" alt=\"\" decoding=\"async\" loading=\"lazy\" srcset=\"https:\/\/www.hazmetal.com\/wp-content\/uploads\/2016\/07\/hrd01-mortar-anchor-327x327.jpg 327w, https:\/\/www.hazmetal.com\/wp-content\/uploads\/2016\/07\/hrd01-mortar-anchor-300x300.jpg 300w, https:\/\/www.hazmetal.com\/wp-content\/uploads\/2016\/07\/hrd01-mortar-anchor-768x768.jpg 768w, https:\/\/www.hazmetal.com\/wp-content\/uploads\/2016\/07\/hrd01-mortar-anchor-180x180.jpg 180w, https:\/\/www.hazmetal.com\/wp-content\/uploads\/2016\/07\/hrd01-mortar-anchor-600x600.jpg 600w, https:\/\/www.hazmetal.com\/wp-content\/uploads\/2016\/07\/hrd01-mortar-anchor-146x146.jpg 146w, https:\/\/www.hazmetal.com\/wp-content\/uploads\/2016\/07\/hrd01-mortar-anchor-50x50.jpg 50w, https:\/\/www.hazmetal.com\/wp-content\/uploads\/2016\/07\/hrd01-mortar-anchor-75x75.jpg 75w, https:\/\/www.hazmetal.com\/wp-content\/uploads\/2016\/07\/hrd01-mortar-anchor-85x85.jpg 85w, https:\/\/www.hazmetal.com\/wp-content\/uploads\/2016\/07\/hrd01-mortar-anchor-80x80.jpg 80w, https:\/\/www.hazmetal.com\/wp-content\/uploads\/2016\/07\/hrd01-mortar-anchor-100x100.jpg 100w, https:\/\/www.hazmetal.com\/wp-content\/uploads\/2016\/07\/hrd01-mortar-anchor.jpg 800w\" sizes=\"(max-width:767px) 150px, 150px\" \/><\/a>\n\t\t\t\t<\/dt>\n\t\t\t\t\t<dd class='wp-caption-text gallery-caption'>\n\t\t\t\t\tHRD01 Har\u00e7l\u0131 Ankraj\n\t\t\t\t\t<\/dd><\/div><\/dl><dl class='gallery-item'  data-title='hsd01-mortar-anchor' data-description=''><div class='gallery-item-wrapper'>\n\t\t\t\t<dt class='gallery-icon landscape'>\n\t\t\t\t\t<a href='https:\/\/www.hazmetal.com\/tr\/urunler\/dogal-tas-tespit-sistemleri\/hsd-hrd-harcli-ankrajlar-tespit-sistemleri\/hsd01-mortar-anchor-2\/'><img width=\"150\" height=\"150\" src=\"https:\/\/www.hazmetal.com\/wp-content\/uploads\/2016\/07\/hsd01-mortar-anchor-327x327.jpg\" class=\"attachment-thumbnail size-thumbnail\" alt=\"\" decoding=\"async\" loading=\"lazy\" srcset=\"https:\/\/www.hazmetal.com\/wp-content\/uploads\/2016\/07\/hsd01-mortar-anchor-327x327.jpg 327w, https:\/\/www.hazmetal.com\/wp-content\/uploads\/2016\/07\/hsd01-mortar-anchor-300x300.jpg 300w, https:\/\/www.hazmetal.com\/wp-content\/uploads\/2016\/07\/hsd01-mortar-anchor-768x768.jpg 768w, https:\/\/www.hazmetal.com\/wp-content\/uploads\/2016\/07\/hsd01-mortar-anchor-180x180.jpg 180w, https:\/\/www.hazmetal.com\/wp-content\/uploads\/2016\/07\/hsd01-mortar-anchor-600x600.jpg 600w, https:\/\/www.hazmetal.com\/wp-content\/uploads\/2016\/07\/hsd01-mortar-anchor-146x146.jpg 146w, https:\/\/www.hazmetal.com\/wp-content\/uploads\/2016\/07\/hsd01-mortar-anchor-50x50.jpg 50w, https:\/\/www.hazmetal.com\/wp-content\/uploads\/2016\/07\/hsd01-mortar-anchor-75x75.jpg 75w, https:\/\/www.hazmetal.com\/wp-content\/uploads\/2016\/07\/hsd01-mortar-anchor-85x85.jpg 85w, https:\/\/www.hazmetal.com\/wp-content\/uploads\/2016\/07\/hsd01-mortar-anchor-80x80.jpg 80w, https:\/\/www.hazmetal.com\/wp-content\/uploads\/2016\/07\/hsd01-mortar-anchor-100x100.jpg 100w, https:\/\/www.hazmetal.com\/wp-content\/uploads\/2016\/07\/hsd01-mortar-anchor.jpg 800w\" sizes=\"(max-width:767px) 150px, 150px\" \/><\/a>\n\t\t\t\t<\/dt>\n\t\t\t\t\t<dd class='wp-caption-text gallery-caption'>\n\t\t\t\t\tHSD01 Har\u00e7l\u0131 Ankraj\n\t\t\t\t\t<\/dd><\/div><\/dl><dl class='gallery-item'  data-title='hsd02-mortar-anchor' data-description=''><div class='gallery-item-wrapper'>\n\t\t\t\t<dt class='gallery-icon landscape'>\n\t\t\t\t\t<a href='https:\/\/www.hazmetal.com\/tr\/urunler\/dogal-tas-tespit-sistemleri\/hsd-hrd-harcli-ankrajlar-tespit-sistemleri\/hsd02-mortar-anchor-2\/'><img width=\"150\" height=\"150\" src=\"https:\/\/www.hazmetal.com\/wp-content\/uploads\/2016\/07\/hsd02-mortar-anchor-327x327.jpg\" class=\"attachment-thumbnail size-thumbnail\" alt=\"\" decoding=\"async\" loading=\"lazy\" srcset=\"https:\/\/www.hazmetal.com\/wp-content\/uploads\/2016\/07\/hsd02-mortar-anchor-327x327.jpg 327w, https:\/\/www.hazmetal.com\/wp-content\/uploads\/2016\/07\/hsd02-mortar-anchor-300x300.jpg 300w, https:\/\/www.hazmetal.com\/wp-content\/uploads\/2016\/07\/hsd02-mortar-anchor-768x768.jpg 768w, https:\/\/www.hazmetal.com\/wp-content\/uploads\/2016\/07\/hsd02-mortar-anchor-180x180.jpg 180w, https:\/\/www.hazmetal.com\/wp-content\/uploads\/2016\/07\/hsd02-mortar-anchor-600x600.jpg 600w, https:\/\/www.hazmetal.com\/wp-content\/uploads\/2016\/07\/hsd02-mortar-anchor-146x146.jpg 146w, https:\/\/www.hazmetal.com\/wp-content\/uploads\/2016\/07\/hsd02-mortar-anchor-50x50.jpg 50w, https:\/\/www.hazmetal.com\/wp-content\/uploads\/2016\/07\/hsd02-mortar-anchor-75x75.jpg 75w, https:\/\/www.hazmetal.com\/wp-content\/uploads\/2016\/07\/hsd02-mortar-anchor-85x85.jpg 85w, https:\/\/www.hazmetal.com\/wp-content\/uploads\/2016\/07\/hsd02-mortar-anchor-80x80.jpg 80w, https:\/\/www.hazmetal.com\/wp-content\/uploads\/2016\/07\/hsd02-mortar-anchor-100x100.jpg 100w, https:\/\/www.hazmetal.com\/wp-content\/uploads\/2016\/07\/hsd02-mortar-anchor.jpg 800w\" sizes=\"(max-width:767px) 150px, 150px\" \/><\/a>\n\t\t\t\t<\/dt>\n\t\t\t\t\t<dd class='wp-caption-text gallery-caption'>\n\t\t\t\t\tHSD02 Har\u00e7l\u0131 Ankraj\n\t\t\t\t\t<\/dd><\/div><\/dl><br style=\"clear: both\" \/><dl class='gallery-item'  data-title='hsd03-mortar-anchor' data-description=''><div class='gallery-item-wrapper'>\n\t\t\t\t<dt class='gallery-icon landscape'>\n\t\t\t\t\t<a href='https:\/\/www.hazmetal.com\/tr\/urunler\/dogal-tas-tespit-sistemleri\/hsd-hrd-harcli-ankrajlar-tespit-sistemleri\/hsd03-mortar-anchor-2\/'><img width=\"150\" height=\"150\" src=\"https:\/\/www.hazmetal.com\/wp-content\/uploads\/2016\/07\/hsd03-mortar-anchor-327x327.jpg\" class=\"attachment-thumbnail size-thumbnail\" alt=\"\" decoding=\"async\" loading=\"lazy\" srcset=\"https:\/\/www.hazmetal.com\/wp-content\/uploads\/2016\/07\/hsd03-mortar-anchor-327x327.jpg 327w, https:\/\/www.hazmetal.com\/wp-content\/uploads\/2016\/07\/hsd03-mortar-anchor-300x300.jpg 300w, https:\/\/www.hazmetal.com\/wp-content\/uploads\/2016\/07\/hsd03-mortar-anchor-768x768.jpg 768w, https:\/\/www.hazmetal.com\/wp-content\/uploads\/2016\/07\/hsd03-mortar-anchor-180x180.jpg 180w, https:\/\/www.hazmetal.com\/wp-content\/uploads\/2016\/07\/hsd03-mortar-anchor-600x600.jpg 600w, https:\/\/www.hazmetal.com\/wp-content\/uploads\/2016\/07\/hsd03-mortar-anchor-146x146.jpg 146w, https:\/\/www.hazmetal.com\/wp-content\/uploads\/2016\/07\/hsd03-mortar-anchor-50x50.jpg 50w, https:\/\/www.hazmetal.com\/wp-content\/uploads\/2016\/07\/hsd03-mortar-anchor-75x75.jpg 75w, https:\/\/www.hazmetal.com\/wp-content\/uploads\/2016\/07\/hsd03-mortar-anchor-85x85.jpg 85w, https:\/\/www.hazmetal.com\/wp-content\/uploads\/2016\/07\/hsd03-mortar-anchor-80x80.jpg 80w, https:\/\/www.hazmetal.com\/wp-content\/uploads\/2016\/07\/hsd03-mortar-anchor-100x100.jpg 100w, https:\/\/www.hazmetal.com\/wp-content\/uploads\/2016\/07\/hsd03-mortar-anchor.jpg 800w\" sizes=\"(max-width:767px) 150px, 150px\" \/><\/a>\n\t\t\t\t<\/dt>\n\t\t\t\t\t<dd class='wp-caption-text gallery-caption'>\n\t\t\t\t\tHSD03 Har\u00e7l\u0131 Ankraj\n\t\t\t\t\t<\/dd><\/div><\/dl><dl class='gallery-item'  data-title='hsd04-mortar-anchor' data-description=''><div class='gallery-item-wrapper'>\n\t\t\t\t<dt class='gallery-icon landscape'>\n\t\t\t\t\t<a href='https:\/\/www.hazmetal.com\/tr\/urunler\/dogal-tas-tespit-sistemleri\/hsd-hrd-harcli-ankrajlar-tespit-sistemleri\/hsd04-mortar-anchor-2\/'><img width=\"150\" height=\"150\" src=\"https:\/\/www.hazmetal.com\/wp-content\/uploads\/2016\/07\/hsd04-mortar-anchor-327x327.jpg\" class=\"attachment-thumbnail size-thumbnail\" alt=\"\" decoding=\"async\" loading=\"lazy\" srcset=\"https:\/\/www.hazmetal.com\/wp-content\/uploads\/2016\/07\/hsd04-mortar-anchor-327x327.jpg 327w, https:\/\/www.hazmetal.com\/wp-content\/uploads\/2016\/07\/hsd04-mortar-anchor-300x300.jpg 300w, https:\/\/www.hazmetal.com\/wp-content\/uploads\/2016\/07\/hsd04-mortar-anchor-768x768.jpg 768w, https:\/\/www.hazmetal.com\/wp-content\/uploads\/2016\/07\/hsd04-mortar-anchor-180x180.jpg 180w, https:\/\/www.hazmetal.com\/wp-content\/uploads\/2016\/07\/hsd04-mortar-anchor-600x600.jpg 600w, https:\/\/www.hazmetal.com\/wp-content\/uploads\/2016\/07\/hsd04-mortar-anchor-146x146.jpg 146w, https:\/\/www.hazmetal.com\/wp-content\/uploads\/2016\/07\/hsd04-mortar-anchor-50x50.jpg 50w, https:\/\/www.hazmetal.com\/wp-content\/uploads\/2016\/07\/hsd04-mortar-anchor-75x75.jpg 75w, https:\/\/www.hazmetal.com\/wp-content\/uploads\/2016\/07\/hsd04-mortar-anchor-85x85.jpg 85w, https:\/\/www.hazmetal.com\/wp-content\/uploads\/2016\/07\/hsd04-mortar-anchor-80x80.jpg 80w, https:\/\/www.hazmetal.com\/wp-content\/uploads\/2016\/07\/hsd04-mortar-anchor-100x100.jpg 100w, https:\/\/www.hazmetal.com\/wp-content\/uploads\/2016\/07\/hsd04-mortar-anchor.jpg 800w\" sizes=\"(max-width:767px) 150px, 150px\" \/><\/a>\n\t\t\t\t<\/dt>\n\t\t\t\t\t<dd class='wp-caption-text gallery-caption'>\n\t\t\t\t\tHSD04 Har\u00e7l\u0131 Ankraj\n\t\t\t\t\t<\/dd><\/div><\/dl>\n\t\t\t\t<br style='clear: both' \/>\n\t\t\t<\/div>\n\n<p>no-repeat;center top;;<br \/>\nauto<\/p>\n","protected":false},"excerpt":{"rendered":"<p>Har\u00e7l\u0131 ankrajlar do\u011fal ta\u015f panellerin tu\u011fla ve beton duvarlara kolay ve h\u0131zl\u0131 \u015fekilde montaj\u0131n\u0131 sa\u011flayan tespit sistemleridir. Yatay ve dikey derzlerde montaj i\u00e7in de\u011fi\u015fik uygulamalarda kullan\u0131lmak<span class=\"excerpt-hellip\"> [\u2026]<\/span><\/p>\n","protected":false},"author":2031,"featured_media":0,"parent":1675,"menu_order":0,"comment_status":"closed","ping_status":"closed","template":"","meta":{"om_disable_all_campaigns":false,"_uf_show_specific_survey":0,"_uf_disable_surveys":false},"yoast_head":"<!-- This site is optimized with the Yoast SEO plugin v21.5 - https:\/\/yoast.com\/wordpress\/plugins\/seo\/ -->\n<title>HSD &amp; HRD Har\u00e7l\u0131 Ankrajlar<\/title>\n<meta name=\"description\" content=\"Har\u00e7l\u0131 ankrajlar do\u011fal ta\u015f panellerin tu\u011fla ve beton duvarlara kolay ve h\u0131zl\u0131 \u015fekilde montaj\u0131n\u0131 sa\u011flayan tespit sistemleridir. Yatay ve dikey derzlerde\" \/>\n<meta name=\"robots\" content=\"index, follow, max-snippet:-1, max-image-preview:large, max-video-preview:-1\" \/>\n<link rel=\"canonical\" href=\"https:\/\/www.hazmetal.com\/tr\/urunler\/dogal-tas-tespit-sistemleri\/hsd-hrd-harcli-ankrajlar-tespit-sistemleri\/\" \/>\n<meta property=\"og:locale\" content=\"tr_TR\" \/>\n<meta property=\"og:type\" content=\"article\" \/>\n<meta property=\"og:title\" content=\"HSD &amp; HRD Har\u00e7l\u0131 Ankrajlar\" \/>\n<meta property=\"og:description\" content=\"Har\u00e7l\u0131 ankrajlar do\u011fal ta\u015f panellerin tu\u011fla ve beton duvarlara kolay ve h\u0131zl\u0131 \u015fekilde montaj\u0131n\u0131 sa\u011flayan tespit sistemleridir. Yatay ve dikey derzlerde\" \/>\n<meta property=\"og:url\" content=\"https:\/\/www.hazmetal.com\/tr\/urunler\/dogal-tas-tespit-sistemleri\/hsd-hrd-harcli-ankrajlar-tespit-sistemleri\/\" \/>\n<meta property=\"og:site_name\" content=\"Haz Metal Fixing Systems\" \/>\n<meta property=\"article:publisher\" content=\"https:\/\/www.facebook.com\/HazMetal\" \/>\n<meta property=\"article:modified_time\" content=\"2022-05-23T22:06:49+00:00\" \/>\n<meta property=\"og:image\" content=\"https:\/\/www.hazmetal.com\/wp-content\/uploads\/2016\/07\/hrd01-mortar-anchor-327x327.jpg\" \/>\n<meta name=\"twitter:card\" content=\"summary_large_image\" \/>\n<meta name=\"twitter:site\" content=\"@HAZMetalFixing\" \/>\n<script type=\"application\/ld+json\" class=\"yoast-schema-graph\">{\"@context\":\"https:\/\/schema.org\",\"@graph\":[{\"@type\":\"WebPage\",\"@id\":\"https:\/\/www.hazmetal.com\/tr\/urunler\/dogal-tas-tespit-sistemleri\/hsd-hrd-harcli-ankrajlar-tespit-sistemleri\/\",\"url\":\"https:\/\/www.hazmetal.com\/tr\/urunler\/dogal-tas-tespit-sistemleri\/hsd-hrd-harcli-ankrajlar-tespit-sistemleri\/\",\"name\":\"HSD & HRD Har\u00e7l\u0131 Ankrajlar\",\"isPartOf\":{\"@id\":\"https:\/\/www.hazmetal.com\/#website\"},\"datePublished\":\"2016-07-30T09:00:26+00:00\",\"dateModified\":\"2022-05-23T22:06:49+00:00\",\"description\":\"Har\u00e7l\u0131 ankrajlar do\u011fal ta\u015f panellerin tu\u011fla ve beton duvarlara kolay ve h\u0131zl\u0131 \u015fekilde montaj\u0131n\u0131 sa\u011flayan tespit sistemleridir. Yatay ve dikey derzlerde\",\"breadcrumb\":{\"@id\":\"https:\/\/www.hazmetal.com\/tr\/urunler\/dogal-tas-tespit-sistemleri\/hsd-hrd-harcli-ankrajlar-tespit-sistemleri\/#breadcrumb\"},\"inLanguage\":\"tr\",\"potentialAction\":[{\"@type\":\"ReadAction\",\"target\":[\"https:\/\/www.hazmetal.com\/tr\/urunler\/dogal-tas-tespit-sistemleri\/hsd-hrd-harcli-ankrajlar-tespit-sistemleri\/\"]}]},{\"@type\":\"BreadcrumbList\",\"@id\":\"https:\/\/www.hazmetal.com\/tr\/urunler\/dogal-tas-tespit-sistemleri\/hsd-hrd-harcli-ankrajlar-tespit-sistemleri\/#breadcrumb\",\"itemListElement\":[{\"@type\":\"ListItem\",\"position\":1,\"name\":\"Home\",\"item\":\"https:\/\/www.hazmetal.com\/tr\/\"},{\"@type\":\"ListItem\",\"position\":2,\"name\":\"Cephe Giydirme Montaj Sistemleri \u00dcr\u00fcn Yelpazesi\",\"item\":\"https:\/\/www.hazmetal.com\/tr\/urunler\/\"},{\"@type\":\"ListItem\",\"position\":3,\"name\":\"Do\u011fal Ta\u015f Montaj Tespit Sistemleri\",\"item\":\"https:\/\/www.hazmetal.com\/tr\/urunler\/dogal-tas-tespit-sistemleri\/\"},{\"@type\":\"ListItem\",\"position\":4,\"name\":\"HSD &#038; HRD Har\u00e7l\u0131 Ankrajlar\"}]},{\"@type\":\"WebSite\",\"@id\":\"https:\/\/www.hazmetal.com\/#website\",\"url\":\"https:\/\/www.hazmetal.com\/\",\"name\":\"Haz Metal Fixing Systems\",\"description\":\"\",\"publisher\":{\"@id\":\"https:\/\/www.hazmetal.com\/#organization\"},\"potentialAction\":[{\"@type\":\"SearchAction\",\"target\":{\"@type\":\"EntryPoint\",\"urlTemplate\":\"https:\/\/www.hazmetal.com\/?s={search_term_string}\"},\"query-input\":\"required name=search_term_string\"}],\"inLanguage\":\"tr\"},{\"@type\":\"Organization\",\"@id\":\"https:\/\/www.hazmetal.com\/#organization\",\"name\":\"Haz Metal Fixing Systems\",\"url\":\"https:\/\/www.hazmetal.com\/\",\"logo\":{\"@type\":\"ImageObject\",\"inLanguage\":\"tr\",\"@id\":\"https:\/\/www.hazmetal.com\/#\/schema\/logo\/image\/\",\"url\":\"https:\/\/www.hazmetal.com\/wp-content\/uploads\/2025\/04\/Haz-logo.jpg.jpeg\",\"contentUrl\":\"https:\/\/www.hazmetal.com\/wp-content\/uploads\/2025\/04\/Haz-logo.jpg.jpeg\",\"width\":227,\"height\":93,\"caption\":\"Haz Metal Fixing Systems\"},\"image\":{\"@id\":\"https:\/\/www.hazmetal.com\/#\/schema\/logo\/image\/\"},\"sameAs\":[\"https:\/\/www.facebook.com\/HazMetal\",\"https:\/\/twitter.com\/HAZMetalFixing\",\"https:\/\/www.linkedin.com\/company\/haz-metal-fixing-systems\",\"https:\/\/www.youtube.com\/user\/hazgroup\"]}]}<\/script>\n<!-- \/ Yoast SEO plugin. -->","yoast_head_json":{"title":"HSD & HRD Har\u00e7l\u0131 Ankrajlar","description":"Har\u00e7l\u0131 ankrajlar do\u011fal ta\u015f panellerin tu\u011fla ve beton duvarlara kolay ve h\u0131zl\u0131 \u015fekilde montaj\u0131n\u0131 sa\u011flayan tespit sistemleridir. Yatay ve dikey derzlerde","robots":{"index":"index","follow":"follow","max-snippet":"max-snippet:-1","max-image-preview":"max-image-preview:large","max-video-preview":"max-video-preview:-1"},"canonical":"https:\/\/www.hazmetal.com\/tr\/urunler\/dogal-tas-tespit-sistemleri\/hsd-hrd-harcli-ankrajlar-tespit-sistemleri\/","og_locale":"tr_TR","og_type":"article","og_title":"HSD & HRD Har\u00e7l\u0131 Ankrajlar","og_description":"Har\u00e7l\u0131 ankrajlar do\u011fal ta\u015f panellerin tu\u011fla ve beton duvarlara kolay ve h\u0131zl\u0131 \u015fekilde montaj\u0131n\u0131 sa\u011flayan tespit sistemleridir. Yatay ve dikey derzlerde","og_url":"https:\/\/www.hazmetal.com\/tr\/urunler\/dogal-tas-tespit-sistemleri\/hsd-hrd-harcli-ankrajlar-tespit-sistemleri\/","og_site_name":"Haz Metal Fixing Systems","article_publisher":"https:\/\/www.facebook.com\/HazMetal","article_modified_time":"2022-05-23T22:06:49+00:00","og_image":[{"url":"https:\/\/www.hazmetal.com\/wp-content\/uploads\/2016\/07\/hrd01-mortar-anchor-327x327.jpg"}],"twitter_card":"summary_large_image","twitter_site":"@HAZMetalFixing","schema":{"@context":"https:\/\/schema.org","@graph":[{"@type":"WebPage","@id":"https:\/\/www.hazmetal.com\/tr\/urunler\/dogal-tas-tespit-sistemleri\/hsd-hrd-harcli-ankrajlar-tespit-sistemleri\/","url":"https:\/\/www.hazmetal.com\/tr\/urunler\/dogal-tas-tespit-sistemleri\/hsd-hrd-harcli-ankrajlar-tespit-sistemleri\/","name":"HSD & HRD Har\u00e7l\u0131 Ankrajlar","isPartOf":{"@id":"https:\/\/www.hazmetal.com\/#website"},"datePublished":"2016-07-30T09:00:26+00:00","dateModified":"2022-05-23T22:06:49+00:00","description":"Har\u00e7l\u0131 ankrajlar do\u011fal ta\u015f panellerin tu\u011fla ve beton duvarlara kolay ve h\u0131zl\u0131 \u015fekilde montaj\u0131n\u0131 sa\u011flayan tespit sistemleridir. Yatay ve dikey derzlerde","breadcrumb":{"@id":"https:\/\/www.hazmetal.com\/tr\/urunler\/dogal-tas-tespit-sistemleri\/hsd-hrd-harcli-ankrajlar-tespit-sistemleri\/#breadcrumb"},"inLanguage":"tr","potentialAction":[{"@type":"ReadAction","target":["https:\/\/www.hazmetal.com\/tr\/urunler\/dogal-tas-tespit-sistemleri\/hsd-hrd-harcli-ankrajlar-tespit-sistemleri\/"]}]},{"@type":"BreadcrumbList","@id":"https:\/\/www.hazmetal.com\/tr\/urunler\/dogal-tas-tespit-sistemleri\/hsd-hrd-harcli-ankrajlar-tespit-sistemleri\/#breadcrumb","itemListElement":[{"@type":"ListItem","position":1,"name":"Home","item":"https:\/\/www.hazmetal.com\/tr\/"},{"@type":"ListItem","position":2,"name":"Cephe Giydirme Montaj Sistemleri \u00dcr\u00fcn Yelpazesi","item":"https:\/\/www.hazmetal.com\/tr\/urunler\/"},{"@type":"ListItem","position":3,"name":"Do\u011fal Ta\u015f Montaj Tespit Sistemleri","item":"https:\/\/www.hazmetal.com\/tr\/urunler\/dogal-tas-tespit-sistemleri\/"},{"@type":"ListItem","position":4,"name":"HSD &#038; HRD Har\u00e7l\u0131 Ankrajlar"}]},{"@type":"WebSite","@id":"https:\/\/www.hazmetal.com\/#website","url":"https:\/\/www.hazmetal.com\/","name":"Haz Metal Fixing Systems","description":"","publisher":{"@id":"https:\/\/www.hazmetal.com\/#organization"},"potentialAction":[{"@type":"SearchAction","target":{"@type":"EntryPoint","urlTemplate":"https:\/\/www.hazmetal.com\/?s={search_term_string}"},"query-input":"required name=search_term_string"}],"inLanguage":"tr"},{"@type":"Organization","@id":"https:\/\/www.hazmetal.com\/#organization","name":"Haz Metal Fixing Systems","url":"https:\/\/www.hazmetal.com\/","logo":{"@type":"ImageObject","inLanguage":"tr","@id":"https:\/\/www.hazmetal.com\/#\/schema\/logo\/image\/","url":"https:\/\/www.hazmetal.com\/wp-content\/uploads\/2025\/04\/Haz-logo.jpg.jpeg","contentUrl":"https:\/\/www.hazmetal.com\/wp-content\/uploads\/2025\/04\/Haz-logo.jpg.jpeg","width":227,"height":93,"caption":"Haz Metal Fixing Systems"},"image":{"@id":"https:\/\/www.hazmetal.com\/#\/schema\/logo\/image\/"},"sameAs":["https:\/\/www.facebook.com\/HazMetal","https:\/\/twitter.com\/HAZMetalFixing","https:\/\/www.linkedin.com\/company\/haz-metal-fixing-systems","https:\/\/www.youtube.com\/user\/hazgroup"]}]}},"_links":{"self":[{"href":"https:\/\/www.hazmetal.com\/tr\/wp-json\/wp\/v2\/pages\/1737"}],"collection":[{"href":"https:\/\/www.hazmetal.com\/tr\/wp-json\/wp\/v2\/pages"}],"about":[{"href":"https:\/\/www.hazmetal.com\/tr\/wp-json\/wp\/v2\/types\/page"}],"author":[{"embeddable":true,"href":"https:\/\/www.hazmetal.com\/tr\/wp-json\/wp\/v2\/users\/2031"}],"replies":[{"embeddable":true,"href":"https:\/\/www.hazmetal.com\/tr\/wp-json\/wp\/v2\/comments?post=1737"}],"version-history":[{"count":5,"href":"https:\/\/www.hazmetal.com\/tr\/wp-json\/wp\/v2\/pages\/1737\/revisions"}],"predecessor-version":[{"id":5646,"href":"https:\/\/www.hazmetal.com\/tr\/wp-json\/wp\/v2\/pages\/1737\/revisions\/5646"}],"up":[{"embeddable":true,"href":"https:\/\/www.hazmetal.com\/tr\/wp-json\/wp\/v2\/pages\/1675"}],"wp:attachment":[{"href":"https:\/\/www.hazmetal.com\/tr\/wp-json\/wp\/v2\/media?parent=1737"}],"curies":[{"name":"wp","href":"https:\/\/api.w.org\/{rel}","templated":true}]}}