{"id":1675,"date":"2016-07-29T08:28:50","date_gmt":"2016-07-29T08:28:50","guid":{"rendered":"http:\/\/www.hazmetal.com\/urunler\/stone-fixings\/"},"modified":"2022-05-23T19:29:47","modified_gmt":"2022-05-23T19:29:47","slug":"dogal-tas-tespit-sistemleri","status":"publish","type":"page","link":"https:\/\/www.hazmetal.com\/tr\/urunler\/dogal-tas-tespit-sistemleri\/","title":{"rendered":"Do\u011fal Ta\u015f Montaj Tespit Sistemleri"},"content":{"rendered":"<p>HZ02 Z Ankraj Tespit Sistemi<br \/>\ncenter<br \/>\nno-repeat;center top;;<br \/>\nauto<br \/>\n0px<\/p>\n<p>AXO4 Body Ankraj Tespit Sistemi<br \/>\ncenter<br \/>\nno-repeat;center top;;<br \/>\nauto<br \/>\n0px<\/p>\n<p>HA04 L Ankraj Tespit Sistemi<br \/>\ncenter<br \/>\nno-repeat;center top;;<br \/>\nauto<br \/>\n0px<\/p>\n<p><img decoding=\"async\" src=\"\/wp-content\/uploads\/2016\/07\/stone-fixings-1.jpg\" alt=\"\" \/><br \/>\ncenter<\/p>\n<p><img decoding=\"async\" src=\"\/wp-content\/uploads\/2016\/07\/stone-fixings-2.jpg\" alt=\"\" \/><br \/>\ncenter<\/p>\n<p><img decoding=\"async\" src=\"\/wp-content\/uploads\/2016\/07\/stone-fixings-3.jpg\" alt=\"\" \/><br \/>\ncenter<\/p>\n<p>Tespit sistemleri, beton duvar, beton blok duvar yada tu\u011fla duvar ve \u00e7elik yap\u0131lar gibi, her t\u00fcrl\u00fc ta\u015f\u0131y\u0131c\u0131 arka duvarlara uyumlu olmal\u0131d\u0131r.<\/p>\n<p>Do\u011fal ta\u015f montaj\u0131 i\u00e7in bir tespit sistemi tasarlan\u0131rken a\u015fa\u011f\u0131daki hususlar g\u00f6z \u00f6n\u00fcnde bulundurulmal\u0131d\u0131r.<\/p>\n<p>Ta\u015f boyutlar\u0131.<\/p>\n<p>Bo\u015fluk yap\u0131s\u0131: Uzatma \u00f6l\u00e7\u00fcs\u00fc ve izolasyon kal\u0131nl\u0131\u011f\u0131<\/p>\n<p>Uygulama tipi: Yatay ve dikey derz montaj\u0131.<\/p>\n<p>Derz \u00f6l\u00e7\u00fcs\u00fc.<\/p>\n<p>Yap\u0131sal duvar deste\u011fi.<\/p>\n<p>Cehpenin y\u00fcksekli\u011fi.<\/p>\n<p>R\u00fczgar ve sismik y\u00fckler gibi ilgili dinamik y\u00fckler.<\/p>\n<p>Projenin tasar\u0131m kriterleri.<\/p>\n<p>HAZ Metal \u00f6zel proje ihtiya\u00e7lar\u0131na g\u00f6re \u00f6zel tespit sistemleri tasarlay\u0131p sunar.<br \/>\njustify<br \/>\n#eeeeee<br \/>\nno-repeat;center top;;<br \/>\nauto<br \/>\n15px<\/p>\n<h3>Beton duvarlara d\u00fcbel ile do\u011frudan montaj<\/h3>\n<p>D\u00fcbeller kullan\u0131larak d\u00fcbelli ankrajlar ile betona montaj. Her ankraj noktas\u0131nda izolasyon kesilir. Montaj yap\u0131ld\u0131ktan sonra izolasyon yerine yerle\u015ftirilir ve izolasyon band\u0131 ile derzler kapat\u0131l\u0131r.<br \/>\njustify<br \/>\nno-repeat;center top;;<br \/>\nauto<br \/>\n0px<\/p>\n<p><img decoding=\"async\" src=\"\/wp-content\/uploads\/2016\/07\/stone-fixings-12.jpg\" alt=\"\" \/><br \/>\ncenter<\/p>\n<h3>Beton veya tu\u011fla duvarlara har\u00e7 ile do\u011frudan montaj<\/h3>\n<p>Har\u00e7 kullan\u0131larak har\u00e7l\u0131 ankrajlar\u0131 ile beton ve tu\u011fla duvarlara montaj. Her ankraj noktas\u0131nda izolasyon malzemesi delinir. Montaj yap\u0131ld\u0131ktan sonra delinmi\u015f olan izolasyonun a\u00e7\u0131k k\u0131s\u0131mlar\u0131 izolasyon band\u0131 ile kapat\u0131l\u0131r.<br \/>\njustify<br \/>\nno-repeat;center top;;<br \/>\nauto<br \/>\n0px<\/p>\n<p><img decoding=\"async\" src=\"\/wp-content\/uploads\/2016\/07\/stone-fixings-13.jpg\" alt=\"\" \/><br \/>\ncenter<\/p>\n<p><img decoding=\"async\" src=\"\/wp-content\/uploads\/2016\/07\/stone-fixings-4.jpg\" alt=\"\" \/><br \/>\ncenter<\/p>\n<h4>HZ Z Ankraj Tespit Sistemi<\/h4>\n<p>Beton duvarlara d\u00fcbel ile do\u011frudan montaj.<\/p>\n<p>135 mm uzunlu\u011fa kadar uzatma mesafesi.<\/p>\n<p>800N a kadar olan y\u00fckler i\u00e7in \u00f6nerilir.<\/p>\n<p>Yatay ve dikey derzlerde montaj imkan\u0131.<\/p>\n<p>\u00dc\u00e7 boyutlu ayarlanabilirlik.<br \/>\nno-repeat;center top;;<br \/>\nauto<br \/>\n0px<\/p>\n<p><img decoding=\"async\" src=\"\/wp-content\/uploads\/2016\/08\/stone-fixings-8.jpg\" alt=\"\" \/><br \/>\ncenter<\/p>\n<p><img decoding=\"async\" src=\"\/wp-content\/uploads\/2016\/07\/stone-fixings-5.jpg\" alt=\"\" \/><br \/>\ncenter<\/p>\n<h4>AXO Body Ankraj Tespit Sistemi<\/h4>\n<p>Beton duvarlara d\u00fcbel ile do\u011frudan montaj.<\/p>\n<p>260 mm uzunlu\u011fa kadar uzatma mesafesi.<\/p>\n<p>1300N a kadar olan y\u00fckler i\u00e7in \u00f6nerilir.<\/p>\n<p>Yatay ve dikey derzlerde montaj imkan\u0131.<\/p>\n<p>Optimum statik performans.<\/p>\n<p>\u00dc\u00e7 boyutlu ayarlanabilirlik.<br \/>\nno-repeat;center top;;<br \/>\nauto<\/p>\n<p><img decoding=\"async\" src=\"\/wp-content\/uploads\/2016\/07\/stone-fixings-9.jpg\" alt=\"\" \/><br \/>\ncenter<\/p>\n<p><img decoding=\"async\" src=\"\/wp-content\/uploads\/2016\/07\/stone-fixings-6.jpg\" alt=\"\" \/><br \/>\ncenter<\/p>\n<h4>HA L Ankraj Tespit Sistemi<\/h4>\n<p>Beton duvarlara diret montaj.<\/p>\n<p>50 mm ve daga b\u00fcy\u00fck ta\u015f kal\u0131nl\u0131klar\u0131 i\u00e7in kullan\u0131labilir.<\/p>\n<p>Ayarlanabilirlik sa\u011flayan \u00e7e\u015fitli tipler.<\/p>\n<p>Sadece yatay derzlerde montaj.<br \/>\nno-repeat;center top;;<br \/>\nauto<\/p>\n<p><img decoding=\"async\" src=\"\/wp-content\/uploads\/2016\/07\/stone-fixings-10.jpg\" alt=\"\" \/><br \/>\ncenter<\/p>\n<p><img decoding=\"async\" src=\"\/wp-content\/uploads\/2016\/07\/stone-fixings-7.jpg\" alt=\"\" \/><br \/>\ncenter<\/p>\n<h4>HSD Har\u00e7l\u0131 Ankraj Tespit Sistemi<\/h4>\n<p>Tu\u011fla ve beton duvarlara har\u00e7 ile montaj.<\/p>\n<p>Belirli bir aral\u0131ktay\u0131 y\u00fcklere ve uzatma \u00f6l\u00e7\u00fclerine uyumlu \u00e7e\u015fitli tipler mevcuttur.<\/p>\n<p>Yatay ve dikey derzlerde montaj<\/p>\n<p>\u00dc\u00e7 boyutl\u0131 ayarlanabilirlik.<br \/>\nno-repeat;center top;;<br \/>\nauto<\/p>\n<p><img decoding=\"async\" src=\"\/wp-content\/uploads\/2016\/07\/stone-fixings-11.jpg\" alt=\"\" \/><br \/>\ncenter<\/p>\n","protected":false},"excerpt":{"rendered":"<p>HZ02 Z Ankraj Tespit Sistemi center no-repeat;center top;; auto 0px AXO4 Body Ankraj Tespit Sistemi center no-repeat;center top;; auto 0px HA04 L Ankraj Tespit Sistemi center<span class=\"excerpt-hellip\"> [\u2026]<\/span><\/p>\n","protected":false},"author":2031,"featured_media":0,"parent":1672,"menu_order":0,"comment_status":"closed","ping_status":"closed","template":"","meta":{"om_disable_all_campaigns":false,"_uf_show_specific_survey":0,"_uf_disable_surveys":false},"yoast_head":"<!-- This site is optimized with the Yoast SEO plugin v21.5 - https:\/\/yoast.com\/wordpress\/plugins\/seo\/ -->\n<title>Do\u011fal Ta\u015f Montaj Tespit Sistemleri<\/title>\n<meta name=\"description\" content=\"do\u011fal ta\u015f montaj tespit sistemleri, do\u011fal ta\u015f mekanik montaj, mekanik ta\u015f kaplama detay\u0131\" \/>\n<meta name=\"robots\" content=\"index, follow, max-snippet:-1, max-image-preview:large, max-video-preview:-1\" \/>\n<link rel=\"canonical\" href=\"https:\/\/www.hazmetal.com\/tr\/urunler\/dogal-tas-tespit-sistemleri\/\" \/>\n<meta property=\"og:locale\" content=\"tr_TR\" \/>\n<meta property=\"og:type\" content=\"article\" \/>\n<meta property=\"og:title\" content=\"Do\u011fal Ta\u015f Montaj Tespit Sistemleri\" \/>\n<meta property=\"og:description\" content=\"do\u011fal ta\u015f montaj tespit sistemleri, do\u011fal ta\u015f mekanik montaj, mekanik ta\u015f kaplama detay\u0131\" \/>\n<meta property=\"og:url\" content=\"https:\/\/www.hazmetal.com\/tr\/urunler\/dogal-tas-tespit-sistemleri\/\" \/>\n<meta property=\"og:site_name\" content=\"Haz Metal Fixing Systems\" \/>\n<meta property=\"article:publisher\" content=\"https:\/\/www.facebook.com\/HazMetal\" \/>\n<meta property=\"article:modified_time\" content=\"2022-05-23T19:29:47+00:00\" \/>\n<meta name=\"twitter:card\" content=\"summary_large_image\" \/>\n<meta name=\"twitter:site\" content=\"@HAZMetalFixing\" \/>\n<meta name=\"twitter:label1\" content=\"Tahmini okuma s\u00fcresi\" \/>\n\t<meta name=\"twitter:data1\" content=\"2 dakika\" \/>\n<script type=\"application\/ld+json\" class=\"yoast-schema-graph\">{\"@context\":\"https:\/\/schema.org\",\"@graph\":[{\"@type\":\"WebPage\",\"@id\":\"https:\/\/www.hazmetal.com\/tr\/urunler\/dogal-tas-tespit-sistemleri\/\",\"url\":\"https:\/\/www.hazmetal.com\/tr\/urunler\/dogal-tas-tespit-sistemleri\/\",\"name\":\"Do\u011fal Ta\u015f Montaj Tespit Sistemleri\",\"isPartOf\":{\"@id\":\"https:\/\/www.hazmetal.com\/#website\"},\"datePublished\":\"2016-07-29T08:28:50+00:00\",\"dateModified\":\"2022-05-23T19:29:47+00:00\",\"description\":\"do\u011fal ta\u015f montaj tespit sistemleri, do\u011fal ta\u015f mekanik montaj, mekanik ta\u015f kaplama detay\u0131\",\"breadcrumb\":{\"@id\":\"https:\/\/www.hazmetal.com\/tr\/urunler\/dogal-tas-tespit-sistemleri\/#breadcrumb\"},\"inLanguage\":\"tr\",\"potentialAction\":[{\"@type\":\"ReadAction\",\"target\":[\"https:\/\/www.hazmetal.com\/tr\/urunler\/dogal-tas-tespit-sistemleri\/\"]}]},{\"@type\":\"BreadcrumbList\",\"@id\":\"https:\/\/www.hazmetal.com\/tr\/urunler\/dogal-tas-tespit-sistemleri\/#breadcrumb\",\"itemListElement\":[{\"@type\":\"ListItem\",\"position\":1,\"name\":\"Home\",\"item\":\"https:\/\/www.hazmetal.com\/tr\/\"},{\"@type\":\"ListItem\",\"position\":2,\"name\":\"Cephe Giydirme Montaj Sistemleri \u00dcr\u00fcn Yelpazesi\",\"item\":\"https:\/\/www.hazmetal.com\/tr\/urunler\/\"},{\"@type\":\"ListItem\",\"position\":3,\"name\":\"Do\u011fal Ta\u015f Montaj Tespit Sistemleri\"}]},{\"@type\":\"WebSite\",\"@id\":\"https:\/\/www.hazmetal.com\/#website\",\"url\":\"https:\/\/www.hazmetal.com\/\",\"name\":\"Haz Metal Fixing Systems\",\"description\":\"\",\"publisher\":{\"@id\":\"https:\/\/www.hazmetal.com\/#organization\"},\"potentialAction\":[{\"@type\":\"SearchAction\",\"target\":{\"@type\":\"EntryPoint\",\"urlTemplate\":\"https:\/\/www.hazmetal.com\/?s={search_term_string}\"},\"query-input\":\"required name=search_term_string\"}],\"inLanguage\":\"tr\"},{\"@type\":\"Organization\",\"@id\":\"https:\/\/www.hazmetal.com\/#organization\",\"name\":\"Haz Metal Fixing Systems\",\"url\":\"https:\/\/www.hazmetal.com\/\",\"logo\":{\"@type\":\"ImageObject\",\"inLanguage\":\"tr\",\"@id\":\"https:\/\/www.hazmetal.com\/#\/schema\/logo\/image\/\",\"url\":\"https:\/\/www.hazmetal.com\/wp-content\/uploads\/2025\/04\/Haz-logo.jpg.jpeg\",\"contentUrl\":\"https:\/\/www.hazmetal.com\/wp-content\/uploads\/2025\/04\/Haz-logo.jpg.jpeg\",\"width\":227,\"height\":93,\"caption\":\"Haz Metal Fixing Systems\"},\"image\":{\"@id\":\"https:\/\/www.hazmetal.com\/#\/schema\/logo\/image\/\"},\"sameAs\":[\"https:\/\/www.facebook.com\/HazMetal\",\"https:\/\/twitter.com\/HAZMetalFixing\",\"https:\/\/www.linkedin.com\/company\/haz-metal-fixing-systems\",\"https:\/\/www.youtube.com\/user\/hazgroup\"]}]}<\/script>\n<!-- \/ Yoast SEO plugin. -->","yoast_head_json":{"title":"Do\u011fal Ta\u015f Montaj Tespit Sistemleri","description":"do\u011fal ta\u015f montaj tespit sistemleri, do\u011fal ta\u015f mekanik montaj, mekanik ta\u015f kaplama detay\u0131","robots":{"index":"index","follow":"follow","max-snippet":"max-snippet:-1","max-image-preview":"max-image-preview:large","max-video-preview":"max-video-preview:-1"},"canonical":"https:\/\/www.hazmetal.com\/tr\/urunler\/dogal-tas-tespit-sistemleri\/","og_locale":"tr_TR","og_type":"article","og_title":"Do\u011fal Ta\u015f Montaj Tespit Sistemleri","og_description":"do\u011fal ta\u015f montaj tespit sistemleri, do\u011fal ta\u015f mekanik montaj, mekanik ta\u015f kaplama detay\u0131","og_url":"https:\/\/www.hazmetal.com\/tr\/urunler\/dogal-tas-tespit-sistemleri\/","og_site_name":"Haz Metal Fixing Systems","article_publisher":"https:\/\/www.facebook.com\/HazMetal","article_modified_time":"2022-05-23T19:29:47+00:00","twitter_card":"summary_large_image","twitter_site":"@HAZMetalFixing","twitter_misc":{"Tahmini okuma s\u00fcresi":"2 dakika"},"schema":{"@context":"https:\/\/schema.org","@graph":[{"@type":"WebPage","@id":"https:\/\/www.hazmetal.com\/tr\/urunler\/dogal-tas-tespit-sistemleri\/","url":"https:\/\/www.hazmetal.com\/tr\/urunler\/dogal-tas-tespit-sistemleri\/","name":"Do\u011fal Ta\u015f Montaj Tespit Sistemleri","isPartOf":{"@id":"https:\/\/www.hazmetal.com\/#website"},"datePublished":"2016-07-29T08:28:50+00:00","dateModified":"2022-05-23T19:29:47+00:00","description":"do\u011fal ta\u015f montaj tespit sistemleri, do\u011fal ta\u015f mekanik montaj, mekanik ta\u015f kaplama detay\u0131","breadcrumb":{"@id":"https:\/\/www.hazmetal.com\/tr\/urunler\/dogal-tas-tespit-sistemleri\/#breadcrumb"},"inLanguage":"tr","potentialAction":[{"@type":"ReadAction","target":["https:\/\/www.hazmetal.com\/tr\/urunler\/dogal-tas-tespit-sistemleri\/"]}]},{"@type":"BreadcrumbList","@id":"https:\/\/www.hazmetal.com\/tr\/urunler\/dogal-tas-tespit-sistemleri\/#breadcrumb","itemListElement":[{"@type":"ListItem","position":1,"name":"Home","item":"https:\/\/www.hazmetal.com\/tr\/"},{"@type":"ListItem","position":2,"name":"Cephe Giydirme Montaj Sistemleri \u00dcr\u00fcn Yelpazesi","item":"https:\/\/www.hazmetal.com\/tr\/urunler\/"},{"@type":"ListItem","position":3,"name":"Do\u011fal Ta\u015f Montaj Tespit Sistemleri"}]},{"@type":"WebSite","@id":"https:\/\/www.hazmetal.com\/#website","url":"https:\/\/www.hazmetal.com\/","name":"Haz Metal Fixing Systems","description":"","publisher":{"@id":"https:\/\/www.hazmetal.com\/#organization"},"potentialAction":[{"@type":"SearchAction","target":{"@type":"EntryPoint","urlTemplate":"https:\/\/www.hazmetal.com\/?s={search_term_string}"},"query-input":"required name=search_term_string"}],"inLanguage":"tr"},{"@type":"Organization","@id":"https:\/\/www.hazmetal.com\/#organization","name":"Haz Metal Fixing Systems","url":"https:\/\/www.hazmetal.com\/","logo":{"@type":"ImageObject","inLanguage":"tr","@id":"https:\/\/www.hazmetal.com\/#\/schema\/logo\/image\/","url":"https:\/\/www.hazmetal.com\/wp-content\/uploads\/2025\/04\/Haz-logo.jpg.jpeg","contentUrl":"https:\/\/www.hazmetal.com\/wp-content\/uploads\/2025\/04\/Haz-logo.jpg.jpeg","width":227,"height":93,"caption":"Haz Metal Fixing Systems"},"image":{"@id":"https:\/\/www.hazmetal.com\/#\/schema\/logo\/image\/"},"sameAs":["https:\/\/www.facebook.com\/HazMetal","https:\/\/twitter.com\/HAZMetalFixing","https:\/\/www.linkedin.com\/company\/haz-metal-fixing-systems","https:\/\/www.youtube.com\/user\/hazgroup"]}]}},"_links":{"self":[{"href":"https:\/\/www.hazmetal.com\/tr\/wp-json\/wp\/v2\/pages\/1675"}],"collection":[{"href":"https:\/\/www.hazmetal.com\/tr\/wp-json\/wp\/v2\/pages"}],"about":[{"href":"https:\/\/www.hazmetal.com\/tr\/wp-json\/wp\/v2\/types\/page"}],"author":[{"embeddable":true,"href":"https:\/\/www.hazmetal.com\/tr\/wp-json\/wp\/v2\/users\/2031"}],"replies":[{"embeddable":true,"href":"https:\/\/www.hazmetal.com\/tr\/wp-json\/wp\/v2\/comments?post=1675"}],"version-history":[{"count":3,"href":"https:\/\/www.hazmetal.com\/tr\/wp-json\/wp\/v2\/pages\/1675\/revisions"}],"predecessor-version":[{"id":5627,"href":"https:\/\/www.hazmetal.com\/tr\/wp-json\/wp\/v2\/pages\/1675\/revisions\/5627"}],"up":[{"embeddable":true,"href":"https:\/\/www.hazmetal.com\/tr\/wp-json\/wp\/v2\/pages\/1672"}],"wp:attachment":[{"href":"https:\/\/www.hazmetal.com\/tr\/wp-json\/wp\/v2\/media?parent=1675"}],"curies":[{"name":"wp","href":"https:\/\/api.w.org\/{rel}","templated":true}]}}