{"id":1672,"date":"2016-07-27T13:36:33","date_gmt":"2016-07-27T13:36:33","guid":{"rendered":"http:\/\/www.hazmetal.com\/products\/"},"modified":"2022-05-23T21:30:24","modified_gmt":"2022-05-23T21:30:24","slug":"urunler","status":"publish","type":"page","link":"https:\/\/www.hazmetal.com\/tr\/urunler\/","title":{"rendered":"Cephe Giydirme Montaj Sistemleri \u00dcr\u00fcn Yelpazesi"},"content":{"rendered":"<p>Haz Metal, kurulu\u015fundan bug\u00fcne do\u011fal ta\u015f <a href=\"..\/..\/tr\/cephe-giydirme\/\">cephe giydirme<\/a> montaj\u0131 i\u00e7in tespit sistemleri imal etmektedir. Uzman oldu\u011fu b\u00f6l\u00fcm bu aland\u0131r ve d\u00fcnyada mevcut farkl\u0131 sistemleri imal edecek bilgi ve teknolojiye sahiptir. Ayn\u0131 zamanda Ray destek sistemleri ve prekast profil sistemleri imal etmektedir. Yap\u0131lardaki tesisat ve cephe giydirme i\u015fleri i\u00e7in kurulan sistemlerin ihtiyac\u0131 olan so\u011fuk \u00e7ekilmi\u015f profiller, konsollar ve ba\u011flant\u0131 elemanlar\u0131 mevcuttur.<\/p>\n<p>Projelerin ihtiya\u00e7lar\u0131na g\u00f6re \u00e7elik alt kontr\u00fcksiyon tasar\u0131m\u0131 ve imalat\u0131 da yap\u0131l\u0131r. \u00d6zel tasar\u0131m ve imalat \u00e7al\u0131\u015fmalar\u0131 mevcuttur. \u0130mal edilen \u00fcr\u00fcnler paslanmaz \u00e7elik ve galvanizli \u00e7elik malzemelerden olu\u015fmaktad\u0131r. Paslanmaz \u00e7elikte EN 1.4301 (AISI 304) &amp; EN 1.4401 (AISI 316) ve galvanizli \u00e7elik kalite hammadde malzemeleri kullan\u0131l\u0131r.<br \/>\njustify<br \/>\nno-repeat;center top;;<br \/>\nauto<\/p>\n<p><img decoding=\"async\" src=\"\/wp-content\/uploads\/2016\/07\/hz-z-anchor-fixing-systems-e1472891231324.jpg\" alt=\"\" \/><br \/>\n#1e73be<br \/>\nHZ &#8211; Z ANKRAJ<br \/>\n<a href=\"\/tr\/urunler\/dogal-tas-tespit-sistemleri\/hz-z-ankraj-tespit-sistemleri\/\">\/tr\/urunler\/dogal-tas-tespit-sistemleri\/hz-z-ankraj-tespit-sistemleri\/<\/a><\/p>\n<p><img decoding=\"async\" src=\"\/wp-content\/uploads\/2016\/07\/axo-body-anchor-fixing-systems-e1472891155201.jpg\" alt=\"\" \/><br \/>\n#1e73be<br \/>\nAXO BODY ANKRAJ<br \/>\n<a href=\"\/tr\/urunler\/dogal-tas-tespit-sistemleri\/axo-body-ankraj-tespit-sistemleri\/\">\/tr\/urunler\/dogal-tas-tespit-sistemleri\/axo-body-ankraj-tespit-sistemleri\/<\/a><\/p>\n<p>default<br \/>\ndefault<br \/>\n#1e73be<\/p>\n<p><img decoding=\"async\" src=\"\/wp-content\/uploads\/2016\/07\/ha-l-anchor-fixing-systems-e1472891161694.jpg\" alt=\"\" \/><br \/>\n#1e73be<br \/>\nHA &#8211; L ANKRAJ<br \/>\n<a href=\"\/tr\/urunler\/dogal-tas-tespit-sistemleri\/ha-l-ankraj-tespit-sistemleri\/\">\/tr\/urunler\/dogal-tas-tespit-sistemleri\/ha-l-ankraj-tespit-sistemleri\/<\/a><\/p>\n<p><img decoding=\"async\" src=\"\/wp-content\/uploads\/2016\/07\/hdm-mortar-fixing-systems-e1472891168850.jpg\" alt=\"\" \/><br \/>\n#1e73be<br \/>\nHDM &#8211; MORTAR ANKRAJ<br \/>\n<a href=\"\/tr\/urunler\/dogal-tas-tespit-sistemleri\/hdm-agir-yuk-ankrajlari-tespit-sistemleri\/\">\/tr\/urunler\/dogal-tas-tespit-sistemleri\/hdm-agir-yuk-ankrajlari-tespit-sistemleri\/<\/a><\/p>\n<p>default<br \/>\ndefault<br \/>\n#1e73be<\/p>\n<p><img decoding=\"async\" src=\"\/wp-content\/uploads\/2016\/07\/hmpa-hc3-sub-channel-system-e1472891186681.jpg\" alt=\"\" \/><br \/>\n#1e73be<br \/>\nRAY SISTEMLERI<br \/>\n<a href=\"\/tr\/urunler\/ray-destek-sistemleri\/hmp-profiller\/\">\/tr\/urunler\/ray-destek-sistemleri\/hmp-profiller\/<\/a><\/p>\n<p><img decoding=\"async\" src=\"\/wp-content\/uploads\/2016\/07\/ats-sub-channel-system-1-e1472891144347.jpg\" alt=\"\" \/><br \/>\n#1e73be<br \/>\nRAY DESTEK SISTEMLERI<br \/>\n<a href=\"\/tr\/urunler\/ray-destek-sistemleri\/\">\/tr\/urunler\/ray-destek-sistemleri\/<\/a><\/p>\n<p>default<br \/>\ndefault<br \/>\n#1e73be<\/p>\n<p><img decoding=\"async\" src=\"\/wp-content\/uploads\/2016\/07\/hmp-alu-ag-sub-channel-system-e1472891192247.jpg\" alt=\"\" \/><br \/>\n#1e73be<br \/>\n<a href=\"\/tr\/urunler\/alt-profil-sistemler\/\">\/tr\/urunler\/alt-profil-sistemler\/<\/a><\/p>\n<p><img decoding=\"async\" src=\"\/wp-content\/uploads\/2016\/07\/hmp-alu-sph-sub-channel-system-e1472891201520.jpg\" alt=\"\" \/><br \/>\n#1e73be<br \/>\n<a href=\"\/tr\/urunler\/alt-profil-sistemler\/aluminyum-alt-profil-sistemleri\/\">\/tr\/urunler\/alt-profil-sistemler\/aluminyum-alt-profil-sistemleri\/<\/a><\/p>\n<p>default<br \/>\ndefault<br \/>\n#1e73be<\/p>\n<p><img decoding=\"async\" src=\"\/wp-content\/uploads\/2016\/07\/hmpr-cast-in-channel-e1472891217338.jpg\" alt=\"\" \/><br \/>\n#1e73be<br \/>\nPRECAST PROFIL SISTEMLERI<br \/>\n<a href=\"\/tr\/urunler\/prekast-profil-sistemleri\/\">\/tr\/urunler\/prekast-profil-sistemleri\/<\/a><\/p>\n<p><img decoding=\"async\" src=\"\/wp-content\/uploads\/2016\/07\/hptr-cast-in-channel-e1472891225394.jpg\" alt=\"\" \/><br \/>\n#1e73be<br \/>\nLEVHA PROFIL SISTEMLERI<br \/>\n<a href=\"\/tr\/urunler\/prekast-profil-sistemleri\/hptr-levha-profiller-icin-prekast-profiller\/\">\/tr\/urunler\/prekast-profil-sistemleri\/hptr-levha-profiller-icin-prekast-profiller\/<\/a><\/p>\n<p>default<br \/>\ndefault<br \/>\n#1e73be<\/p>\n<p><img decoding=\"async\" src=\"\/wp-content\/uploads\/2016\/07\/hmp-framing-channels-e1472891209349.jpg\" alt=\"\" \/><br \/>\n#1e73be<br \/>\nHMP PROFIL<br \/>\n<a href=\"\/tr\/urunler\/ray-destek-sistemleri\/hmp-profiller\/\">\/tr\/urunler\/ray-destek-sistemleri\/hmp-profiller\/<\/a><\/p>\n<p><img decoding=\"async\" src=\"\/wp-content\/uploads\/2016\/07\/hmc-cantlever-brackets-e1472891176127.jpg\" alt=\"\" \/><br \/>\n#1e73be<br \/>\nHMC KONSOLLAR<br \/>\n<a href=\"\/tr\/urunler\/ray-destek-sistemleri\/hmc-konsollar\/\">\/tr\/urunler\/ray-destek-sistemleri\/hmc-konsollar\/<\/a><\/p>\n<p>default<br \/>\ndefault<br \/>\n#1e73be<\/p>\n<p><img decoding=\"async\" src=\"\/wp-content\/uploads\/2016\/07\/hms-masonry-support-brackets-e1472891256563.jpg\" alt=\"\" \/><br \/>\n#1e73be<br \/>\nTUGLA CEPHE SISTEMLERI<br \/>\n<a href=\"\/tr\/urunler\/tugla-cephe-sistemleri\/\">\/tr\/urunler\/tugla-cephe-sistemleri\/<\/a><\/p>\n<p><img decoding=\"async\" src=\"\/wp-content\/uploads\/2016\/07\/hmcs-masonry-support-brackets-e1472891245974.jpg\" alt=\"\" \/><br \/>\n#1e73be<br \/>\nTUGLA DESTEK ANKRAJLARI<br \/>\n<a href=\"\/tr\/urunler\/tugla-cephe-sistemleri\/hmcs-tugla-destek-ankrajlari-surekli\/\">\/tr\/urunler\/tugla-cephe-sistemleri\/hmcs-tugla-destek-ankrajlari-surekli\/<\/a><\/p>\n<p>default<br \/>\ndefault<br \/>\n#1e73be<\/p>\n<p><img decoding=\"async\" src=\"\/wp-content\/uploads\/2016\/07\/hb-anchor-bolts-e1472891238272.jpg\" alt=\"\" \/><br \/>\n#1e73be<br \/>\n<a href=\"\/tr\/urunler\/ankraj-dubeller\/\">\/tr\/urunler\/ankraj-dubeller\/<\/a><\/p>\n<p>#1e73be<\/p>\n<p>default<br \/>\ndefault<br \/>\n#1e73be<\/p>\n","protected":false},"excerpt":{"rendered":"<p>Haz Metal, kurulu\u015fundan bug\u00fcne do\u011fal ta\u015f cephe giydirme montaj\u0131 i\u00e7in tespit sistemleri imal etmektedir. Uzman oldu\u011fu b\u00f6l\u00fcm bu aland\u0131r ve d\u00fcnyada mevcut farkl\u0131 sistemleri imal edecek<span class=\"excerpt-hellip\"> [\u2026]<\/span><\/p>\n","protected":false},"author":2031,"featured_media":0,"parent":0,"menu_order":0,"comment_status":"closed","ping_status":"closed","template":"","meta":{"om_disable_all_campaigns":false,"_uf_show_specific_survey":0,"_uf_disable_surveys":false},"yoast_head":"<!-- This site is optimized with the Yoast SEO plugin v21.5 - https:\/\/yoast.com\/wordpress\/plugins\/seo\/ -->\n<title>Cephe Giydirme Montaj Sistemleri \u00dcr\u00fcn Yelpazesi<\/title>\n<meta name=\"description\" content=\"Cephe giydirme ve cephe kaplama montaj\u0131 i\u00e7in tespit sistemleri, prekast profil sistemleri, do\u011falta\u015f tespit ankrajlar\u0131, d\u00fcbeller, undurcut d\u00fcbeller.\" \/>\n<meta name=\"robots\" content=\"index, follow, max-snippet:-1, max-image-preview:large, max-video-preview:-1\" \/>\n<link rel=\"canonical\" href=\"https:\/\/www.hazmetal.com\/tr\/urunler\/\" \/>\n<meta property=\"og:locale\" content=\"tr_TR\" \/>\n<meta property=\"og:type\" content=\"article\" \/>\n<meta property=\"og:title\" content=\"Cephe Giydirme Montaj Sistemleri \u00dcr\u00fcn Yelpazesi\" \/>\n<meta property=\"og:description\" content=\"Cephe giydirme ve cephe kaplama montaj\u0131 i\u00e7in tespit sistemleri, prekast profil sistemleri, do\u011falta\u015f tespit ankrajlar\u0131, d\u00fcbeller, undurcut d\u00fcbeller.\" \/>\n<meta property=\"og:url\" content=\"https:\/\/www.hazmetal.com\/tr\/urunler\/\" \/>\n<meta property=\"og:site_name\" content=\"Haz Metal Fixing Systems\" \/>\n<meta property=\"article:publisher\" content=\"https:\/\/www.facebook.com\/HazMetal\" \/>\n<meta property=\"article:modified_time\" content=\"2022-05-23T21:30:24+00:00\" \/>\n<meta name=\"twitter:card\" content=\"summary_large_image\" \/>\n<meta name=\"twitter:site\" content=\"@HAZMetalFixing\" \/>\n<meta name=\"twitter:label1\" content=\"Tahmini okuma s\u00fcresi\" \/>\n\t<meta name=\"twitter:data1\" content=\"1 dakika\" \/>\n<script type=\"application\/ld+json\" class=\"yoast-schema-graph\">{\"@context\":\"https:\/\/schema.org\",\"@graph\":[{\"@type\":\"WebPage\",\"@id\":\"https:\/\/www.hazmetal.com\/tr\/urunler\/\",\"url\":\"https:\/\/www.hazmetal.com\/tr\/urunler\/\",\"name\":\"Cephe Giydirme Montaj Sistemleri \u00dcr\u00fcn Yelpazesi\",\"isPartOf\":{\"@id\":\"https:\/\/www.hazmetal.com\/#website\"},\"datePublished\":\"2016-07-27T13:36:33+00:00\",\"dateModified\":\"2022-05-23T21:30:24+00:00\",\"description\":\"Cephe giydirme ve cephe kaplama montaj\u0131 i\u00e7in tespit sistemleri, prekast profil sistemleri, do\u011falta\u015f tespit ankrajlar\u0131, d\u00fcbeller, undurcut d\u00fcbeller.\",\"breadcrumb\":{\"@id\":\"https:\/\/www.hazmetal.com\/tr\/urunler\/#breadcrumb\"},\"inLanguage\":\"tr\",\"potentialAction\":[{\"@type\":\"ReadAction\",\"target\":[\"https:\/\/www.hazmetal.com\/tr\/urunler\/\"]}]},{\"@type\":\"BreadcrumbList\",\"@id\":\"https:\/\/www.hazmetal.com\/tr\/urunler\/#breadcrumb\",\"itemListElement\":[{\"@type\":\"ListItem\",\"position\":1,\"name\":\"Home\",\"item\":\"https:\/\/www.hazmetal.com\/tr\/\"},{\"@type\":\"ListItem\",\"position\":2,\"name\":\"Cephe Giydirme Montaj Sistemleri \u00dcr\u00fcn Yelpazesi\"}]},{\"@type\":\"WebSite\",\"@id\":\"https:\/\/www.hazmetal.com\/#website\",\"url\":\"https:\/\/www.hazmetal.com\/\",\"name\":\"Haz Metal Fixing Systems\",\"description\":\"\",\"publisher\":{\"@id\":\"https:\/\/www.hazmetal.com\/#organization\"},\"potentialAction\":[{\"@type\":\"SearchAction\",\"target\":{\"@type\":\"EntryPoint\",\"urlTemplate\":\"https:\/\/www.hazmetal.com\/?s={search_term_string}\"},\"query-input\":\"required name=search_term_string\"}],\"inLanguage\":\"tr\"},{\"@type\":\"Organization\",\"@id\":\"https:\/\/www.hazmetal.com\/#organization\",\"name\":\"Haz Metal Fixing Systems\",\"url\":\"https:\/\/www.hazmetal.com\/\",\"logo\":{\"@type\":\"ImageObject\",\"inLanguage\":\"tr\",\"@id\":\"https:\/\/www.hazmetal.com\/#\/schema\/logo\/image\/\",\"url\":\"https:\/\/www.hazmetal.com\/wp-content\/uploads\/2025\/04\/Haz-logo.jpg.jpeg\",\"contentUrl\":\"https:\/\/www.hazmetal.com\/wp-content\/uploads\/2025\/04\/Haz-logo.jpg.jpeg\",\"width\":227,\"height\":93,\"caption\":\"Haz Metal Fixing Systems\"},\"image\":{\"@id\":\"https:\/\/www.hazmetal.com\/#\/schema\/logo\/image\/\"},\"sameAs\":[\"https:\/\/www.facebook.com\/HazMetal\",\"https:\/\/twitter.com\/HAZMetalFixing\",\"https:\/\/www.linkedin.com\/company\/haz-metal-fixing-systems\",\"https:\/\/www.youtube.com\/user\/hazgroup\"]}]}<\/script>\n<!-- \/ Yoast SEO plugin. -->","yoast_head_json":{"title":"Cephe Giydirme Montaj Sistemleri \u00dcr\u00fcn Yelpazesi","description":"Cephe giydirme ve cephe kaplama montaj\u0131 i\u00e7in tespit sistemleri, prekast profil sistemleri, do\u011falta\u015f tespit ankrajlar\u0131, d\u00fcbeller, undurcut d\u00fcbeller.","robots":{"index":"index","follow":"follow","max-snippet":"max-snippet:-1","max-image-preview":"max-image-preview:large","max-video-preview":"max-video-preview:-1"},"canonical":"https:\/\/www.hazmetal.com\/tr\/urunler\/","og_locale":"tr_TR","og_type":"article","og_title":"Cephe Giydirme Montaj Sistemleri \u00dcr\u00fcn Yelpazesi","og_description":"Cephe giydirme ve cephe kaplama montaj\u0131 i\u00e7in tespit sistemleri, prekast profil sistemleri, do\u011falta\u015f tespit ankrajlar\u0131, d\u00fcbeller, undurcut d\u00fcbeller.","og_url":"https:\/\/www.hazmetal.com\/tr\/urunler\/","og_site_name":"Haz Metal Fixing Systems","article_publisher":"https:\/\/www.facebook.com\/HazMetal","article_modified_time":"2022-05-23T21:30:24+00:00","twitter_card":"summary_large_image","twitter_site":"@HAZMetalFixing","twitter_misc":{"Tahmini okuma s\u00fcresi":"1 dakika"},"schema":{"@context":"https:\/\/schema.org","@graph":[{"@type":"WebPage","@id":"https:\/\/www.hazmetal.com\/tr\/urunler\/","url":"https:\/\/www.hazmetal.com\/tr\/urunler\/","name":"Cephe Giydirme Montaj Sistemleri \u00dcr\u00fcn Yelpazesi","isPartOf":{"@id":"https:\/\/www.hazmetal.com\/#website"},"datePublished":"2016-07-27T13:36:33+00:00","dateModified":"2022-05-23T21:30:24+00:00","description":"Cephe giydirme ve cephe kaplama montaj\u0131 i\u00e7in tespit sistemleri, prekast profil sistemleri, do\u011falta\u015f tespit ankrajlar\u0131, d\u00fcbeller, undurcut d\u00fcbeller.","breadcrumb":{"@id":"https:\/\/www.hazmetal.com\/tr\/urunler\/#breadcrumb"},"inLanguage":"tr","potentialAction":[{"@type":"ReadAction","target":["https:\/\/www.hazmetal.com\/tr\/urunler\/"]}]},{"@type":"BreadcrumbList","@id":"https:\/\/www.hazmetal.com\/tr\/urunler\/#breadcrumb","itemListElement":[{"@type":"ListItem","position":1,"name":"Home","item":"https:\/\/www.hazmetal.com\/tr\/"},{"@type":"ListItem","position":2,"name":"Cephe Giydirme Montaj Sistemleri \u00dcr\u00fcn Yelpazesi"}]},{"@type":"WebSite","@id":"https:\/\/www.hazmetal.com\/#website","url":"https:\/\/www.hazmetal.com\/","name":"Haz Metal Fixing Systems","description":"","publisher":{"@id":"https:\/\/www.hazmetal.com\/#organization"},"potentialAction":[{"@type":"SearchAction","target":{"@type":"EntryPoint","urlTemplate":"https:\/\/www.hazmetal.com\/?s={search_term_string}"},"query-input":"required name=search_term_string"}],"inLanguage":"tr"},{"@type":"Organization","@id":"https:\/\/www.hazmetal.com\/#organization","name":"Haz Metal Fixing Systems","url":"https:\/\/www.hazmetal.com\/","logo":{"@type":"ImageObject","inLanguage":"tr","@id":"https:\/\/www.hazmetal.com\/#\/schema\/logo\/image\/","url":"https:\/\/www.hazmetal.com\/wp-content\/uploads\/2025\/04\/Haz-logo.jpg.jpeg","contentUrl":"https:\/\/www.hazmetal.com\/wp-content\/uploads\/2025\/04\/Haz-logo.jpg.jpeg","width":227,"height":93,"caption":"Haz Metal Fixing Systems"},"image":{"@id":"https:\/\/www.hazmetal.com\/#\/schema\/logo\/image\/"},"sameAs":["https:\/\/www.facebook.com\/HazMetal","https:\/\/twitter.com\/HAZMetalFixing","https:\/\/www.linkedin.com\/company\/haz-metal-fixing-systems","https:\/\/www.youtube.com\/user\/hazgroup"]}]}},"_links":{"self":[{"href":"https:\/\/www.hazmetal.com\/tr\/wp-json\/wp\/v2\/pages\/1672"}],"collection":[{"href":"https:\/\/www.hazmetal.com\/tr\/wp-json\/wp\/v2\/pages"}],"about":[{"href":"https:\/\/www.hazmetal.com\/tr\/wp-json\/wp\/v2\/types\/page"}],"author":[{"embeddable":true,"href":"https:\/\/www.hazmetal.com\/tr\/wp-json\/wp\/v2\/users\/2031"}],"replies":[{"embeddable":true,"href":"https:\/\/www.hazmetal.com\/tr\/wp-json\/wp\/v2\/comments?post=1672"}],"version-history":[{"count":6,"href":"https:\/\/www.hazmetal.com\/tr\/wp-json\/wp\/v2\/pages\/1672\/revisions"}],"predecessor-version":[{"id":5404,"href":"https:\/\/www.hazmetal.com\/tr\/wp-json\/wp\/v2\/pages\/1672\/revisions\/5404"}],"wp:attachment":[{"href":"https:\/\/www.hazmetal.com\/tr\/wp-json\/wp\/v2\/media?parent=1672"}],"curies":[{"name":"wp","href":"https:\/\/api.w.org\/{rel}","templated":true}]}}