{"id":1661,"date":"2016-08-29T08:05:42","date_gmt":"2016-08-29T08:05:42","guid":{"rendered":"http:\/\/www.hazmetal.com\/downloads\/"},"modified":"2021-04-25T19:57:19","modified_gmt":"2021-04-25T19:57:19","slug":"indirilenler","status":"publish","type":"page","link":"https:\/\/www.hazmetal.com\/tr\/indirilenler\/","title":{"rendered":"D\u00f6k\u00fcmanlar"},"content":{"rendered":"<p>BRO\u015e\u00dcRLER VE KATALOGLAR<br \/>\nh4<br \/>\nG\u00f6r\u00fcnt\u00fcle<br \/>\nicon-book-open<br \/>\ntop<br \/>\n<a href=\"\/tr\/indirilenler\/brosurler-ve-kataloglar\/\">\/tr\/indirilenler\/brosurler-ve-kataloglar\/<\/a><\/p>\n<p>TEKN\u0130K ONAYLAR<br \/>\nh4<br \/>\nG\u00f6r\u00fcnt\u00fcle<br \/>\nicon-clipboard<br \/>\ntop<br \/>\n<a href=\"\/tr\/indirilenler\/teknik-onaylar\/\">\/tr\/indirilenler\/teknik-onaylar\/<\/a><\/p>\n<p>SERT\u0130F\u0130KALAR<br \/>\nh4<br \/>\nG\u00f6r\u00fcnt\u00fcle<br \/>\nicon-bookmarks<br \/>\ntop<br \/>\n<a href=\"\/tr\/indirilenler\/sertifikalar\/\">\/tr\/indirilenler\/sertifikalar\/<\/a><\/p>\n<p>default<br \/>\ndefault<\/p>\n<p>HESAPLAMA YAZILIMI<br \/>\nh4<br \/>\nG\u00f6r\u00fcnt\u00fcle<br \/>\nicon-floppy<br \/>\ntop<br \/>\n<a href=\"\/tr\/indirilenler\/hesaplama-yazilimi\/\">\/tr\/indirilenler\/hesaplama-yazilimi\/<\/a><\/p>\n<p>TEKN\u0130K ANKETLER<br \/>\nh4<br \/>\nG\u00f6r\u00fcnt\u00fcle<br \/>\nicon-doc-text<br \/>\ntop<br \/>\n<a href=\"\/tr\/indirilenler\/teknik-anketler\/\">\/tr\/indirilenler\/teknik-anketler\/<\/a><\/p>\n<p>SUNUMLAR<br \/>\nh4<br \/>\nG\u00f6r\u00fcnt\u00fcle<br \/>\nicon-video<br \/>\ntop<br \/>\n<a href=\"\/tr\/indirilenler\/sunumlar\/\">\/tr\/indirilenler\/sunumlar\/<\/a><\/p>\n<p>default<br \/>\ndefault<\/p>\n<p>KONSEPT \u00c7\u0130Z\u0130MLER\u0130<br \/>\nh4<br \/>\nG\u00f6r\u00fcnt\u00fcle<br \/>\nicon-archive<br \/>\ntop<br \/>\n<a href=\"\/tr\/indirilenler\/konsept-cizimleri\/\">\/tr\/indirilenler\/konsept-cizimleri\/<\/a><br \/>\ncv-visibi-pass-req<\/p>\n<p>CAD K\u00dcT\u00dcPHANELER\u0130<br \/>\nh4<br \/>\nG\u00f6r\u00fcnt\u00fcle<br \/>\nicon-inbox-line<br \/>\ntop<br \/>\n<a href=\"\/tr\/indirilenler\/cad-kutuphaneleri\/\">\/tr\/indirilenler\/cad-kutuphaneleri\/<\/a><br \/>\ncv-visibi-pass-req<\/p>\n<p>2D-3D PARAMETR\u0130K MODELLER<br \/>\nh4<br \/>\nG\u00f6r\u00fcnt\u00fcle<br \/>\nicon-macstore<br \/>\ntop<br \/>\n<a href=\"\/tr\/indirilenler\/2d-3d-parametrik-modeller\/\">\/tr\/indirilenler\/2d-3d-parametrik-modeller\/<\/a><br \/>\ncv-visibi-pass-req<\/p>\n<p>default<br \/>\ndefault<\/p>\n","protected":false},"excerpt":{"rendered":"<p>BRO\u015e\u00dcRLER VE KATALOGLAR h4 G\u00f6r\u00fcnt\u00fcle icon-book-open top \/tr\/indirilenler\/brosurler-ve-kataloglar\/ TEKN\u0130K ONAYLAR h4 G\u00f6r\u00fcnt\u00fcle icon-clipboard top \/tr\/indirilenler\/teknik-onaylar\/ SERT\u0130F\u0130KALAR h4 G\u00f6r\u00fcnt\u00fcle icon-bookmarks top \/tr\/indirilenler\/sertifikalar\/ default default HESAPLAMA YAZILIMI h4<span class=\"excerpt-hellip\"> [\u2026]<\/span><\/p>\n","protected":false},"author":391,"featured_media":0,"parent":0,"menu_order":0,"comment_status":"closed","ping_status":"closed","template":"","meta":{"om_disable_all_campaigns":false,"_uf_show_specific_survey":0,"_uf_disable_surveys":false},"yoast_head":"<!-- This site is optimized with the Yoast SEO plugin v21.5 - https:\/\/yoast.com\/wordpress\/plugins\/seo\/ -->\n<title>D\u00f6k\u00fcmanlar<\/title>\n<meta name=\"description\" content=\"BRO\u015e\u00dcRLER VE KATALOGLAR h4 G\u00f6r\u00fcnt\u00fcle icon-book-open top \/tr\/indirilenler\/brosurler-ve-kataloglar\/ TEKN\u0130K ONAYLAR h4 G\u00f6r\u00fcnt\u00fcle icon-clipboard top\" \/>\n<meta name=\"robots\" content=\"index, follow, max-snippet:-1, max-image-preview:large, max-video-preview:-1\" \/>\n<link rel=\"canonical\" href=\"https:\/\/www.hazmetal.com\/tr\/indirilenler\/\" \/>\n<meta property=\"og:locale\" content=\"tr_TR\" \/>\n<meta property=\"og:type\" content=\"article\" \/>\n<meta property=\"og:title\" content=\"D\u00f6k\u00fcmanlar\" \/>\n<meta property=\"og:description\" content=\"BRO\u015e\u00dcRLER VE KATALOGLAR h4 G\u00f6r\u00fcnt\u00fcle icon-book-open top \/tr\/indirilenler\/brosurler-ve-kataloglar\/ TEKN\u0130K ONAYLAR h4 G\u00f6r\u00fcnt\u00fcle icon-clipboard top\" \/>\n<meta property=\"og:url\" content=\"https:\/\/www.hazmetal.com\/tr\/indirilenler\/\" \/>\n<meta property=\"og:site_name\" content=\"Haz Metal Fixing Systems\" \/>\n<meta property=\"article:publisher\" content=\"https:\/\/www.facebook.com\/HazMetal\" \/>\n<meta property=\"article:modified_time\" content=\"2021-04-25T19:57:19+00:00\" \/>\n<meta name=\"twitter:card\" content=\"summary_large_image\" \/>\n<meta name=\"twitter:site\" content=\"@HAZMetalFixing\" \/>\n<meta name=\"twitter:label1\" content=\"Tahmini okuma s\u00fcresi\" \/>\n\t<meta name=\"twitter:data1\" content=\"1 dakika\" \/>\n<script type=\"application\/ld+json\" class=\"yoast-schema-graph\">{\"@context\":\"https:\/\/schema.org\",\"@graph\":[{\"@type\":\"WebPage\",\"@id\":\"https:\/\/www.hazmetal.com\/tr\/indirilenler\/\",\"url\":\"https:\/\/www.hazmetal.com\/tr\/indirilenler\/\",\"name\":\"D\u00f6k\u00fcmanlar\",\"isPartOf\":{\"@id\":\"https:\/\/www.hazmetal.com\/#website\"},\"datePublished\":\"2016-08-29T08:05:42+00:00\",\"dateModified\":\"2021-04-25T19:57:19+00:00\",\"description\":\"BRO\u015e\u00dcRLER VE KATALOGLAR h4 G\u00f6r\u00fcnt\u00fcle icon-book-open top \/tr\/indirilenler\/brosurler-ve-kataloglar\/ TEKN\u0130K ONAYLAR h4 G\u00f6r\u00fcnt\u00fcle icon-clipboard top\",\"breadcrumb\":{\"@id\":\"https:\/\/www.hazmetal.com\/tr\/indirilenler\/#breadcrumb\"},\"inLanguage\":\"tr\",\"potentialAction\":[{\"@type\":\"ReadAction\",\"target\":[\"https:\/\/www.hazmetal.com\/tr\/indirilenler\/\"]}]},{\"@type\":\"BreadcrumbList\",\"@id\":\"https:\/\/www.hazmetal.com\/tr\/indirilenler\/#breadcrumb\",\"itemListElement\":[{\"@type\":\"ListItem\",\"position\":1,\"name\":\"Home\",\"item\":\"https:\/\/www.hazmetal.com\/tr\/\"},{\"@type\":\"ListItem\",\"position\":2,\"name\":\"D\u00f6k\u00fcmanlar\"}]},{\"@type\":\"WebSite\",\"@id\":\"https:\/\/www.hazmetal.com\/#website\",\"url\":\"https:\/\/www.hazmetal.com\/\",\"name\":\"Haz Metal Fixing Systems\",\"description\":\"\",\"publisher\":{\"@id\":\"https:\/\/www.hazmetal.com\/#organization\"},\"potentialAction\":[{\"@type\":\"SearchAction\",\"target\":{\"@type\":\"EntryPoint\",\"urlTemplate\":\"https:\/\/www.hazmetal.com\/?s={search_term_string}\"},\"query-input\":\"required name=search_term_string\"}],\"inLanguage\":\"tr\"},{\"@type\":\"Organization\",\"@id\":\"https:\/\/www.hazmetal.com\/#organization\",\"name\":\"Haz Metal Fixing Systems\",\"url\":\"https:\/\/www.hazmetal.com\/\",\"logo\":{\"@type\":\"ImageObject\",\"inLanguage\":\"tr\",\"@id\":\"https:\/\/www.hazmetal.com\/#\/schema\/logo\/image\/\",\"url\":\"https:\/\/www.hazmetal.com\/wp-content\/uploads\/2025\/04\/Haz-logo.jpg.jpeg\",\"contentUrl\":\"https:\/\/www.hazmetal.com\/wp-content\/uploads\/2025\/04\/Haz-logo.jpg.jpeg\",\"width\":227,\"height\":93,\"caption\":\"Haz Metal Fixing Systems\"},\"image\":{\"@id\":\"https:\/\/www.hazmetal.com\/#\/schema\/logo\/image\/\"},\"sameAs\":[\"https:\/\/www.facebook.com\/HazMetal\",\"https:\/\/twitter.com\/HAZMetalFixing\",\"https:\/\/www.linkedin.com\/company\/haz-metal-fixing-systems\",\"https:\/\/www.youtube.com\/user\/hazgroup\"]}]}<\/script>\n<!-- \/ Yoast SEO plugin. -->","yoast_head_json":{"title":"D\u00f6k\u00fcmanlar","description":"BRO\u015e\u00dcRLER VE KATALOGLAR h4 G\u00f6r\u00fcnt\u00fcle icon-book-open top \/tr\/indirilenler\/brosurler-ve-kataloglar\/ TEKN\u0130K ONAYLAR h4 G\u00f6r\u00fcnt\u00fcle icon-clipboard top","robots":{"index":"index","follow":"follow","max-snippet":"max-snippet:-1","max-image-preview":"max-image-preview:large","max-video-preview":"max-video-preview:-1"},"canonical":"https:\/\/www.hazmetal.com\/tr\/indirilenler\/","og_locale":"tr_TR","og_type":"article","og_title":"D\u00f6k\u00fcmanlar","og_description":"BRO\u015e\u00dcRLER VE KATALOGLAR h4 G\u00f6r\u00fcnt\u00fcle icon-book-open top \/tr\/indirilenler\/brosurler-ve-kataloglar\/ TEKN\u0130K ONAYLAR h4 G\u00f6r\u00fcnt\u00fcle icon-clipboard top","og_url":"https:\/\/www.hazmetal.com\/tr\/indirilenler\/","og_site_name":"Haz Metal Fixing Systems","article_publisher":"https:\/\/www.facebook.com\/HazMetal","article_modified_time":"2021-04-25T19:57:19+00:00","twitter_card":"summary_large_image","twitter_site":"@HAZMetalFixing","twitter_misc":{"Tahmini okuma s\u00fcresi":"1 dakika"},"schema":{"@context":"https:\/\/schema.org","@graph":[{"@type":"WebPage","@id":"https:\/\/www.hazmetal.com\/tr\/indirilenler\/","url":"https:\/\/www.hazmetal.com\/tr\/indirilenler\/","name":"D\u00f6k\u00fcmanlar","isPartOf":{"@id":"https:\/\/www.hazmetal.com\/#website"},"datePublished":"2016-08-29T08:05:42+00:00","dateModified":"2021-04-25T19:57:19+00:00","description":"BRO\u015e\u00dcRLER VE KATALOGLAR h4 G\u00f6r\u00fcnt\u00fcle icon-book-open top \/tr\/indirilenler\/brosurler-ve-kataloglar\/ TEKN\u0130K ONAYLAR h4 G\u00f6r\u00fcnt\u00fcle icon-clipboard top","breadcrumb":{"@id":"https:\/\/www.hazmetal.com\/tr\/indirilenler\/#breadcrumb"},"inLanguage":"tr","potentialAction":[{"@type":"ReadAction","target":["https:\/\/www.hazmetal.com\/tr\/indirilenler\/"]}]},{"@type":"BreadcrumbList","@id":"https:\/\/www.hazmetal.com\/tr\/indirilenler\/#breadcrumb","itemListElement":[{"@type":"ListItem","position":1,"name":"Home","item":"https:\/\/www.hazmetal.com\/tr\/"},{"@type":"ListItem","position":2,"name":"D\u00f6k\u00fcmanlar"}]},{"@type":"WebSite","@id":"https:\/\/www.hazmetal.com\/#website","url":"https:\/\/www.hazmetal.com\/","name":"Haz Metal Fixing Systems","description":"","publisher":{"@id":"https:\/\/www.hazmetal.com\/#organization"},"potentialAction":[{"@type":"SearchAction","target":{"@type":"EntryPoint","urlTemplate":"https:\/\/www.hazmetal.com\/?s={search_term_string}"},"query-input":"required name=search_term_string"}],"inLanguage":"tr"},{"@type":"Organization","@id":"https:\/\/www.hazmetal.com\/#organization","name":"Haz Metal Fixing Systems","url":"https:\/\/www.hazmetal.com\/","logo":{"@type":"ImageObject","inLanguage":"tr","@id":"https:\/\/www.hazmetal.com\/#\/schema\/logo\/image\/","url":"https:\/\/www.hazmetal.com\/wp-content\/uploads\/2025\/04\/Haz-logo.jpg.jpeg","contentUrl":"https:\/\/www.hazmetal.com\/wp-content\/uploads\/2025\/04\/Haz-logo.jpg.jpeg","width":227,"height":93,"caption":"Haz Metal Fixing Systems"},"image":{"@id":"https:\/\/www.hazmetal.com\/#\/schema\/logo\/image\/"},"sameAs":["https:\/\/www.facebook.com\/HazMetal","https:\/\/twitter.com\/HAZMetalFixing","https:\/\/www.linkedin.com\/company\/haz-metal-fixing-systems","https:\/\/www.youtube.com\/user\/hazgroup"]}]}},"_links":{"self":[{"href":"https:\/\/www.hazmetal.com\/tr\/wp-json\/wp\/v2\/pages\/1661"}],"collection":[{"href":"https:\/\/www.hazmetal.com\/tr\/wp-json\/wp\/v2\/pages"}],"about":[{"href":"https:\/\/www.hazmetal.com\/tr\/wp-json\/wp\/v2\/types\/page"}],"author":[{"embeddable":true,"href":"https:\/\/www.hazmetal.com\/tr\/wp-json\/wp\/v2\/users\/391"}],"replies":[{"embeddable":true,"href":"https:\/\/www.hazmetal.com\/tr\/wp-json\/wp\/v2\/comments?post=1661"}],"version-history":[{"count":3,"href":"https:\/\/www.hazmetal.com\/tr\/wp-json\/wp\/v2\/pages\/1661\/revisions"}],"predecessor-version":[{"id":5405,"href":"https:\/\/www.hazmetal.com\/tr\/wp-json\/wp\/v2\/pages\/1661\/revisions\/5405"}],"wp:attachment":[{"href":"https:\/\/www.hazmetal.com\/tr\/wp-json\/wp\/v2\/media?parent=1661"}],"curies":[{"name":"wp","href":"https:\/\/api.w.org\/{rel}","templated":true}]}}