{"id":1620,"date":"2016-05-08T18:46:35","date_gmt":"2016-05-08T18:46:35","guid":{"rendered":"http:\/\/www.hazmetal.com\/home\/"},"modified":"2022-05-18T14:55:45","modified_gmt":"2022-05-18T14:55:45","slug":"anasayfa","status":"publish","type":"page","link":"https:\/\/www.hazmetal.com\/tr\/","title":{"rendered":"Anasayfa"},"content":{"rendered":"<p>[rev_slider alias=&#8221;main-tr&#8221;]<\/p>\n<p>no-repeat;center top;;<\/p>\n<p>auto<\/p>\n<p>0px<\/p>\n<h1 style=\"color: #0a5baa; font-weight: 500; font-size: 30px; line-height: 32px;\">HAZ Metal Fixing Systems<\/h1>\n<p style=\"font-size: 15px; line-height: 22px;\">\u0130n\u015faat sekt\u00f6r\u00fcnde \u00f6nemli bir faaliyet alan\u0131 olan cephe kaplama i\u015flerinde kullan\u0131lan tespit sistemleri i\u00e7in tasar\u0131m, m\u00fchendislik ve imalat hizmetleri sunmaktay\u0131z.<\/p>\n<p style=\"font-size: 15px; line-height: 22px;\">Tasar\u0131m hizmetlerimiz, ekonomik ge\u00e7erlili\u011fi g\u00f6z \u00f6n\u00fcne alarak, projenin g\u00fcvenlik standartlar\u0131n\u0131 kar\u015f\u0131lamak i\u00e7in optimum d\u00fczeyde yap\u0131sal performans elde etmeyi ama\u00e7lamaktad\u0131r ve son derece esnek tasar\u0131m ile projenin ihtiya\u00e7lar\u0131na uyum i\u00e7inde y\u00fcr\u00fct\u00fclmektedir.<\/p>\n<p style=\"font-size: 15px; line-height: 22px;\">Kurum i\u00e7i tasar\u0131m departman\u0131m\u0131z ve test laboratuar\u0131m\u0131z ile, hem standart \u00fcr\u00fcnlerimiz i\u00e7in hem de \u00f6zel olarak tasarlanm\u0131\u015f sistemlerimiz i\u00e7in, proje gereksinimlerine uygun olarak teknik destek ve \u00e7\u00f6z\u00fcmler sa\u011fl\u0131yoruz.<\/p>\n<p style=\"font-size: 15px; line-height: 22px;\">HAZ Metal, sekt\u00f6rde \u00f6ne \u00e7\u0131kan bir oyuncu olmay\u0131 ve tespit sistemleri uygulamalar\u0131n\u0131z i\u00e7in bir \u00e7\u00f6z\u00fcm sa\u011flay\u0131c\u0131 olarak hareket etmeye kararl\u0131l\u0131kla s\u00fcrd\u00fcrmektedir.<\/p>\n<p>justify<\/p>\n<p>no-repeat;center top;;<\/p>\n<p>auto<\/p>\n<p><a class=\"c-sunumstart\" href=\"#\"><img decoding=\"async\" loading=\"lazy\" class=\"c-img-sunum\" src=\"\/wp-content\/uploads\/2016\/10\/sunum-01.jpg\" width=\"100%\" height=\"auto\" \/><\/a><\/p>\n<div class=\"c-sunum\" style=\"display: none;\">[rev_slider alias=&#8221;sunum&#8221;]<\/div>\n<p>no-repeat;center top;;<\/p>\n<p>auto<\/p>\n<p>Kalite Kontrol<\/p>\n<p>h4<\/p>\n<p>icon-check<\/p>\n<p>top<\/p>\n<p><a href=\"\/tr\/firma-profili\/kalite-kontrol\/\">\/tr\/firma-profili\/kalite-kontrol\/<\/a><\/p>\n<p>\u0130novasyon<\/p>\n<p>h4<\/p>\n<p>icon-network<\/p>\n<p>top<\/p>\n<p><a href=\"\/tr\/inovasyon\/\">\/tr\/inovasyon\/<\/a><\/p>\n<p>Sertifikalar<\/p>\n<p>h4<\/p>\n<p>icon-bookmarks<\/p>\n<p>top<\/p>\n<p><a href=\"\/tr\/indirilenler\/sertifikalar\/\">\/tr\/indirilenler\/sertifikalar\/<\/a><\/p>\n<p>\u00dcr\u00fcn \u00d6zeti<\/p>\n<p>h4<\/p>\n<p>icon-lkdto<\/p>\n<p>top<\/p>\n<p><a href=\"\/tr\/urun-ozeti\/\">\/tr\/urun-ozeti\/<\/a><\/p>\n<p>Teknik Destek<\/p>\n<p>h4<\/p>\n<p>icon-users<\/p>\n<p>top<\/p>\n<p><a href=\"\/tr\/firma-profili\/teknik-destek\/\">\/tr\/firma-profili\/teknik-destek\/<\/a><\/p>\n<p><img decoding=\"async\" src=\"\/wp-content\/uploads\/2016\/05\/completed-projects-1.jpg\" alt=\"\" \/><\/p>\n<p>Referans Projeler<\/p>\n<p>HAZ Metal, 50 \u00fclkede 700&#8217;den fazla projeyi ba\u015f\u0131r\u0131l\u0131 bir \u015fekilde tamamlam\u0131\u015ft\u0131r. Y\u00fcksek profilli projeler i\u00e7in g\u00fcvenilir tedarik\u00e7i olarak bilinmekteyiz.<\/p>\n<p>icon-check<\/p>\n<p><a href=\"\/tr\/projects\/\">\/tr\/projects\/<\/a><\/p>\n<p><img decoding=\"async\" src=\"http:\/\/www.hazmetal.com\/wp-content\/uploads\/2016\/05\/product-range-home-box-2.jpg\" alt=\"product-range-home-box-2\" \/><\/p>\n<p>\u00dcr\u00fcn Yelpazesi<\/p>\n<p>T\u00fcm cephe uygulamalar\u0131n\u0131 kapsayan bir \u00fcr\u00fcn yelpazesi mevcuttur. Kataloglar\u0131m\u0131zda g\u00f6sterilen standart \u00fcr\u00fcnler d\u0131\u015f\u0131nda proje gereksinimlerine uygun sistemlerin tasar\u0131m\u0131 ve m\u00fchendisli\u011fi de yap\u0131lmaktad\u0131r.<\/p>\n<p>icon-cog<\/p>\n<p><a href=\"\/tr\/firma-profili\/urun-yelpazesi\/\">\/tr\/firma-profili\/urun-yelpazesi\/<\/a><\/p>\n<p><img decoding=\"async\" src=\"\/wp-content\/uploads\/2016\/05\/certificated-home-bg-3.jpg\" alt=\"\" \/><\/p>\n<p>Sertifikalar<\/p>\n<p>HAZ Metal, ISO 9001 Y\u00f6netim ve Kalite Sistemi, ISO 14001 \u00c7evre ve OHSAS 18001 Sa\u011fl\u0131k ve Emniyet Sistemleri gibi entegre kalite sistemleri i\u00e7in sertifikaland\u0131r\u0131lm\u0131\u015ft\u0131r.<\/p>\n<p>icon-bookmarks<\/p>\n<p><a href=\"\/tr\/indirilenler\/sertifikalar\/\">\/tr\/indirilenler\/sertifikalar\/<\/a><\/p>\n<p><img decoding=\"async\" src=\"\/wp-content\/uploads\/2016\/05\/technical-approvals-home-bg-1.jpg\" alt=\"\" \/><\/p>\n<p>Teknik Onaylar<\/p>\n<p>CEN y\u00f6netmeliklerine g\u00f6re uyumla\u015ft\u0131r\u0131lm\u0131\u015f \u00fcr\u00fcnlerimiz EOTA y\u00f6netmeliklerine g\u00f6re test edilmekte ve onaylanmaktad\u0131r. Test sonu\u00e7lar\u0131 ve performans beyan belgeleri talep \u00fczerine sunulmaktad\u0131r.<\/p>\n<p>icon-clipboard<\/p>\n<p><a href=\"\/tr\/indirilenler\/teknik-onaylar\/\">\/tr\/indirilenler\/teknik-onaylar\/<\/a><\/p>\n<p><img decoding=\"async\" src=\"\/wp-content\/uploads\/2016\/09\/factory-tour.jpg\" alt=\"\" \/><\/p>\n<p>Fabrika<\/p>\n<p>HAZ Metal, \u00e7elik ve paslanmaz \u00e7elik tespit sistemlerinin imalat\u0131 konusunda uzman bir firmas\u0131d\u0131r. \u00dcretim tesislerimizde yar\u0131t\u0131lan bu katma de\u011feri m\u00fc\u015fterilerimizin ihtiya\u00e7lar\u0131na sunmaktay\u0131z.<\/p>\n<p>icon-tools<\/p>\n<p><a href=\"\/wp-content\/uploads\/2016\/09\/production.pdf\">\/wp-content\/uploads\/2016\/09\/production.pdf<\/a><\/p>\n<p><img decoding=\"async\" src=\"\/wp-content\/uploads\/2016\/09\/case-study.jpg\" alt=\"\" \/><\/p>\n<p>Proje Deneyimleri<\/p>\n<p>Zorlu cephe uygulamalar\u0131, \u00e7al\u0131\u015fma alan\u0131m\u0131z\u0131n \u00f6z\u00fcd\u00fcr. M\u00fc\u015fterilerimize sabitleme sistemleri \u00e7\u00f6z\u00fcmleri sunmada s\u0131n\u0131rlar\u0131 zorlayan \u00e7al\u0131\u015fmalarda yer ald\u0131k.<\/p>\n<p>icon-hourglass<\/p>\n<p><a href=\"\/tr\/proje-deneyimleri\/\">\/tr\/proje-deneyimleri\/<\/a><\/p>\n<p><img decoding=\"async\" src=\"\/wp-content\/uploads\/2016\/05\/useful-informations-home-bg-1.jpg\" alt=\"\" \/><\/p>\n<p>Gerekli Bilgiler<\/p>\n<p>Cephe end\u00fcstrisinde tasar\u0131m prensiplerinin ve yayg\u0131n olarak kullan\u0131lan uygulama kurallar\u0131n\u0131n benimsenmesi tasar\u0131m s\u00fcrecimizin en \u00f6nemli par\u00e7as\u0131d\u0131r. Baz\u0131 ayr\u0131nt\u0131lar burada bulunabilir.<\/p>\n<p>icon-info<\/p>\n<p><a href=\"\/tr\/gerekli-bilgiler\/\">\/tr\/gerekli-bilgiler\/<\/a><\/p>\n<p><img decoding=\"async\" src=\"\/wp-content\/uploads\/2016\/05\/vid-home-bg-3.jpg\" alt=\"\" \/><\/p>\n<p>Sunumlar<\/p>\n<p>Uygulama ayr\u0131nt\u0131lar\u0131 ve kurulum talimatlar\u0131 i\u00e7in animasyonlar faydal\u0131d\u0131r. HAZ Metal&#8217;de, m\u00fc\u015fterilerimize e\u011fitim ve kullan\u0131m \u015fekillerini g\u00f6stermk amac\u0131 animasyonlar mevcuttur.<\/p>\n<p>icon-video<\/p>\n<p><a href=\"\/tr\/indirilenler\/sunumlar\/\">\/tr\/indirilenler\/sunumlar\/<\/a><\/p>\n<p>Firma Haberleri <a style=\"font-size: 13px; color: #d02128; float: right; margin-right: 20px;\" href=\"\/tr\/haberler\/\">Hepsini G\u00f6r<\/a><\/p>\n<p>2<\/p>\n<p><img decoding=\"async\" src=\"\/wp-content\/uploads\/2016\/05\/home-catalog.jpg\" alt=\"\" \/><\/p>\n<p>#1d5ea6<\/p>\n<p>HAZ Metal Firma Katalo\u011fu<\/p>\n<p><a href=\"\/haz-metal-company-catalogue\/\">\/haz-metal-company-catalogue\/<\/a><\/p>\n<p><img decoding=\"async\" src=\"\/wp-content\/uploads\/2016\/05\/world.jpg\" alt=\"\" \/><\/p>\n<p>#1d5ea6<\/p>\n<p>D\u00dcNYADA HAZ<\/p>\n<p><a href=\"\/tr\/dunyada-haz\/\">\/tr\/dunyada-haz\/<\/a><\/p>\n","protected":false},"excerpt":{"rendered":"<p>[rev_slider alias=&#8221;main-tr&#8221;] no-repeat;center top;; auto 0px HAZ Metal Fixing Systems \u0130n\u015faat sekt\u00f6r\u00fcnde \u00f6nemli bir faaliyet alan\u0131 olan cephe kaplama i\u015flerinde kullan\u0131lan tespit sistemleri i\u00e7in tasar\u0131m, m\u00fchendislik<span class=\"excerpt-hellip\"> [\u2026]<\/span><\/p>\n","protected":false},"author":2031,"featured_media":0,"parent":0,"menu_order":0,"comment_status":"closed","ping_status":"closed","template":"","meta":{"om_disable_all_campaigns":false,"_uf_show_specific_survey":0,"_uf_disable_surveys":false},"yoast_head":"<!-- This site is optimized with the Yoast SEO plugin v21.5 - https:\/\/yoast.com\/wordpress\/plugins\/seo\/ -->\n<title>Cephe Kaplama, Cephe Giydirme | HAZ Metal Fixing Systems<\/title>\n<meta name=\"description\" content=\"\u0130n\u015faat sekt\u00f6r\u00fcnde cephe kaplama ve cephe giydirme i\u015flerinde kullan\u0131lan tespit sistemleri i\u00e7in tasar\u0131m, m\u00fchendislik ve imalat hizmetleri sunmaktay\u0131z.\" \/>\n<meta name=\"robots\" content=\"index, follow, max-snippet:-1, max-image-preview:large, max-video-preview:-1\" \/>\n<link rel=\"canonical\" href=\"https:\/\/www.hazmetal.com\/tr\/\" \/>\n<meta property=\"og:locale\" content=\"tr_TR\" \/>\n<meta property=\"og:type\" content=\"article\" \/>\n<meta property=\"og:title\" content=\"Cephe Kaplama, Cephe Giydirme | HAZ Metal Fixing Systems\" \/>\n<meta property=\"og:description\" content=\"\u0130n\u015faat sekt\u00f6r\u00fcnde cephe kaplama ve cephe giydirme i\u015flerinde kullan\u0131lan tespit sistemleri i\u00e7in tasar\u0131m, m\u00fchendislik ve imalat hizmetleri sunmaktay\u0131z.\" \/>\n<meta property=\"og:url\" content=\"https:\/\/www.hazmetal.com\/tr\/\" \/>\n<meta property=\"og:site_name\" content=\"Haz Metal Fixing Systems\" \/>\n<meta property=\"article:publisher\" content=\"https:\/\/www.facebook.com\/HazMetal\" \/>\n<meta property=\"article:modified_time\" content=\"2022-05-18T14:55:45+00:00\" \/>\n<meta property=\"og:image\" content=\"http:\/\/www.hazmetal.com\/wp-content\/uploads\/2016\/05\/product-range-home-box-2.jpg\" \/>\n<meta name=\"twitter:card\" content=\"summary_large_image\" \/>\n<meta name=\"twitter:site\" content=\"@HAZMetalFixing\" \/>\n<meta name=\"twitter:label1\" content=\"Tahmini okuma s\u00fcresi\" \/>\n\t<meta name=\"twitter:data1\" content=\"3 dakika\" \/>\n<script type=\"application\/ld+json\" class=\"yoast-schema-graph\">{\"@context\":\"https:\/\/schema.org\",\"@graph\":[{\"@type\":\"WebPage\",\"@id\":\"https:\/\/www.hazmetal.com\/tr\/\",\"url\":\"https:\/\/www.hazmetal.com\/tr\/\",\"name\":\"Cephe Kaplama, Cephe Giydirme | HAZ Metal Fixing Systems\",\"isPartOf\":{\"@id\":\"https:\/\/www.hazmetal.com\/#website\"},\"datePublished\":\"2016-05-08T18:46:35+00:00\",\"dateModified\":\"2022-05-18T14:55:45+00:00\",\"description\":\"\u0130n\u015faat sekt\u00f6r\u00fcnde cephe kaplama ve cephe giydirme i\u015flerinde kullan\u0131lan tespit sistemleri i\u00e7in tasar\u0131m, m\u00fchendislik ve imalat hizmetleri sunmaktay\u0131z.\",\"breadcrumb\":{\"@id\":\"https:\/\/www.hazmetal.com\/tr\/#breadcrumb\"},\"inLanguage\":\"tr\",\"potentialAction\":[{\"@type\":\"ReadAction\",\"target\":[\"https:\/\/www.hazmetal.com\/tr\/\"]}]},{\"@type\":\"BreadcrumbList\",\"@id\":\"https:\/\/www.hazmetal.com\/tr\/#breadcrumb\",\"itemListElement\":[{\"@type\":\"ListItem\",\"position\":1,\"name\":\"Home\",\"item\":\"https:\/\/www.hazmetal.com\/tr\/\"},{\"@type\":\"ListItem\",\"position\":2,\"name\":\"Anasayfa\"}]},{\"@type\":\"WebSite\",\"@id\":\"https:\/\/www.hazmetal.com\/#website\",\"url\":\"https:\/\/www.hazmetal.com\/\",\"name\":\"Haz Metal Fixing Systems\",\"description\":\"\",\"publisher\":{\"@id\":\"https:\/\/www.hazmetal.com\/#organization\"},\"potentialAction\":[{\"@type\":\"SearchAction\",\"target\":{\"@type\":\"EntryPoint\",\"urlTemplate\":\"https:\/\/www.hazmetal.com\/?s={search_term_string}\"},\"query-input\":\"required name=search_term_string\"}],\"inLanguage\":\"tr\"},{\"@type\":\"Organization\",\"@id\":\"https:\/\/www.hazmetal.com\/#organization\",\"name\":\"Haz Metal Fixing Systems\",\"url\":\"https:\/\/www.hazmetal.com\/\",\"logo\":{\"@type\":\"ImageObject\",\"inLanguage\":\"tr\",\"@id\":\"https:\/\/www.hazmetal.com\/#\/schema\/logo\/image\/\",\"url\":\"https:\/\/www.hazmetal.com\/wp-content\/uploads\/2025\/04\/Haz-logo.jpg.jpeg\",\"contentUrl\":\"https:\/\/www.hazmetal.com\/wp-content\/uploads\/2025\/04\/Haz-logo.jpg.jpeg\",\"width\":227,\"height\":93,\"caption\":\"Haz Metal Fixing Systems\"},\"image\":{\"@id\":\"https:\/\/www.hazmetal.com\/#\/schema\/logo\/image\/\"},\"sameAs\":[\"https:\/\/www.facebook.com\/HazMetal\",\"https:\/\/twitter.com\/HAZMetalFixing\",\"https:\/\/www.linkedin.com\/company\/haz-metal-fixing-systems\",\"https:\/\/www.youtube.com\/user\/hazgroup\"]}]}<\/script>\n<!-- \/ Yoast SEO plugin. -->","yoast_head_json":{"title":"Cephe Kaplama, Cephe Giydirme | HAZ Metal Fixing Systems","description":"\u0130n\u015faat sekt\u00f6r\u00fcnde cephe kaplama ve cephe giydirme i\u015flerinde kullan\u0131lan tespit sistemleri i\u00e7in tasar\u0131m, m\u00fchendislik ve imalat hizmetleri sunmaktay\u0131z.","robots":{"index":"index","follow":"follow","max-snippet":"max-snippet:-1","max-image-preview":"max-image-preview:large","max-video-preview":"max-video-preview:-1"},"canonical":"https:\/\/www.hazmetal.com\/tr\/","og_locale":"tr_TR","og_type":"article","og_title":"Cephe Kaplama, Cephe Giydirme | HAZ Metal Fixing Systems","og_description":"\u0130n\u015faat sekt\u00f6r\u00fcnde cephe kaplama ve cephe giydirme i\u015flerinde kullan\u0131lan tespit sistemleri i\u00e7in tasar\u0131m, m\u00fchendislik ve imalat hizmetleri sunmaktay\u0131z.","og_url":"https:\/\/www.hazmetal.com\/tr\/","og_site_name":"Haz Metal Fixing Systems","article_publisher":"https:\/\/www.facebook.com\/HazMetal","article_modified_time":"2022-05-18T14:55:45+00:00","og_image":[{"url":"http:\/\/www.hazmetal.com\/wp-content\/uploads\/2016\/05\/product-range-home-box-2.jpg"}],"twitter_card":"summary_large_image","twitter_site":"@HAZMetalFixing","twitter_misc":{"Tahmini okuma s\u00fcresi":"3 dakika"},"schema":{"@context":"https:\/\/schema.org","@graph":[{"@type":"WebPage","@id":"https:\/\/www.hazmetal.com\/tr\/","url":"https:\/\/www.hazmetal.com\/tr\/","name":"Cephe Kaplama, Cephe Giydirme | HAZ Metal Fixing Systems","isPartOf":{"@id":"https:\/\/www.hazmetal.com\/#website"},"datePublished":"2016-05-08T18:46:35+00:00","dateModified":"2022-05-18T14:55:45+00:00","description":"\u0130n\u015faat sekt\u00f6r\u00fcnde cephe kaplama ve cephe giydirme i\u015flerinde kullan\u0131lan tespit sistemleri i\u00e7in tasar\u0131m, m\u00fchendislik ve imalat hizmetleri sunmaktay\u0131z.","breadcrumb":{"@id":"https:\/\/www.hazmetal.com\/tr\/#breadcrumb"},"inLanguage":"tr","potentialAction":[{"@type":"ReadAction","target":["https:\/\/www.hazmetal.com\/tr\/"]}]},{"@type":"BreadcrumbList","@id":"https:\/\/www.hazmetal.com\/tr\/#breadcrumb","itemListElement":[{"@type":"ListItem","position":1,"name":"Home","item":"https:\/\/www.hazmetal.com\/tr\/"},{"@type":"ListItem","position":2,"name":"Anasayfa"}]},{"@type":"WebSite","@id":"https:\/\/www.hazmetal.com\/#website","url":"https:\/\/www.hazmetal.com\/","name":"Haz Metal Fixing Systems","description":"","publisher":{"@id":"https:\/\/www.hazmetal.com\/#organization"},"potentialAction":[{"@type":"SearchAction","target":{"@type":"EntryPoint","urlTemplate":"https:\/\/www.hazmetal.com\/?s={search_term_string}"},"query-input":"required name=search_term_string"}],"inLanguage":"tr"},{"@type":"Organization","@id":"https:\/\/www.hazmetal.com\/#organization","name":"Haz Metal Fixing Systems","url":"https:\/\/www.hazmetal.com\/","logo":{"@type":"ImageObject","inLanguage":"tr","@id":"https:\/\/www.hazmetal.com\/#\/schema\/logo\/image\/","url":"https:\/\/www.hazmetal.com\/wp-content\/uploads\/2025\/04\/Haz-logo.jpg.jpeg","contentUrl":"https:\/\/www.hazmetal.com\/wp-content\/uploads\/2025\/04\/Haz-logo.jpg.jpeg","width":227,"height":93,"caption":"Haz Metal Fixing Systems"},"image":{"@id":"https:\/\/www.hazmetal.com\/#\/schema\/logo\/image\/"},"sameAs":["https:\/\/www.facebook.com\/HazMetal","https:\/\/twitter.com\/HAZMetalFixing","https:\/\/www.linkedin.com\/company\/haz-metal-fixing-systems","https:\/\/www.youtube.com\/user\/hazgroup"]}]}},"_links":{"self":[{"href":"https:\/\/www.hazmetal.com\/tr\/wp-json\/wp\/v2\/pages\/1620"}],"collection":[{"href":"https:\/\/www.hazmetal.com\/tr\/wp-json\/wp\/v2\/pages"}],"about":[{"href":"https:\/\/www.hazmetal.com\/tr\/wp-json\/wp\/v2\/types\/page"}],"author":[{"embeddable":true,"href":"https:\/\/www.hazmetal.com\/tr\/wp-json\/wp\/v2\/users\/2031"}],"replies":[{"embeddable":true,"href":"https:\/\/www.hazmetal.com\/tr\/wp-json\/wp\/v2\/comments?post=1620"}],"version-history":[{"count":7,"href":"https:\/\/www.hazmetal.com\/tr\/wp-json\/wp\/v2\/pages\/1620\/revisions"}],"predecessor-version":[{"id":5858,"href":"https:\/\/www.hazmetal.com\/tr\/wp-json\/wp\/v2\/pages\/1620\/revisions\/5858"}],"wp:attachment":[{"href":"https:\/\/www.hazmetal.com\/tr\/wp-json\/wp\/v2\/media?parent=1620"}],"curies":[{"name":"wp","href":"https:\/\/api.w.org\/{rel}","templated":true}]}}